{"id":7343,"date":"2025-12-24T17:02:15","date_gmt":"2025-12-24T08:02:15","guid":{"rendered":"https:\/\/kiso-elearning.jp\/?page_id=7343"},"modified":"2026-01-06T10:00:16","modified_gmt":"2026-01-06T01:00:16","slug":"kha-nang-truy-cap-web","status":"publish","type":"page","link":"https:\/\/kiso-elearning.jp\/vi\/web-accessibility\/","title":{"rendered":"N\u1ed7 l\u1ef1c ti\u1ebfp c\u1eadn web"},"content":{"rendered":"<p><main class=\"sub\" id=\"maincontent\"><\/p>\n<article class=\"\">\n<section class=\"block-headerb\" id=\"elreadid1\">\n<div class=\"c-cont-inner\">\n<h1>N\u1ed7 l\u1ef1c ti\u1ebfp c\u1eadn web<\/h1>\n<\/p><\/div>\n<\/section>\n<div class=\"c-cont-inner breadtbext\">\n            <ul aria-label=\"v\u1ee5n b\u00e1nh m\u00ec\"><\/ul>\n        <\/div>\n<section class=\"block01\" id=\"elreadid2\">\n<div class=\"c-cont-inner\">\n<div class=\"webacces\">\n<h2>Kh\u1ea3 n\u0103ng truy c\u1eadp web l\u00e0 g\u00ec?<\/h2>\n<p>Kh\u1ea3 n\u0103ng truy c\u1eadp web c\u00f3 ngh\u0129a l\u00e0 m\u1ecdi ng\u01b0\u1eddi, bao g\u1ed3m c\u1ea3 ng\u01b0\u1eddi cao tu\u1ed5i v\u00e0 ng\u01b0\u1eddi khuy\u1ebft t\u1eadt, \u0111\u1ec1u c\u00f3 th\u1ec3 d\u1ec5 d\u00e0ng s\u1eed d\u1ee5ng th\u00f4ng tin v\u00e0 ch\u1ee9c n\u0103ng \u0111\u01b0\u1ee3c cung c\u1ea5p tr\u00ean c\u00e1c trang web, v.v. (Theo &quot;H\u01b0\u1edbng d\u1eabn v\u1eadn h\u00e0nh trang web c\u00f4ng c\u1ed9ng d\u00e0nh cho m\u1ecdi ng\u01b0\u1eddi (phi\u00ean b\u1ea3n 2024)&quot; c\u1ee7a B\u1ed9 N\u1ed9i v\u1ee5 v\u00e0 Truy\u1ec1n th\u00f4ng.<\/p>\n<p>Trong nh\u1eefng n\u0103m g\u1ea7n \u0111\u00e2y, c\u00e1c trang web ng\u00e0y c\u00e0ng tr\u1edf n\u00ean quan tr\u1ecdng nh\u01b0 m\u1ed9t ph\u01b0\u01a1ng ti\u1ec7n cung c\u1ea5p th\u00f4ng tin, v\u00e0 vi\u1ec7c m\u1ecdi ng\u01b0\u1eddi c\u00f3 th\u1ec3 ti\u1ebfp c\u1eadn th\u00f4ng tin h\u1ecd c\u1ea7n, b\u1ea5t k\u1ec3 tu\u1ed5i t\u00e1c, khuy\u1ebft t\u1eadt, thi\u1ebft b\u1ecb hay m\u00f4i tr\u01b0\u1eddng s\u1ed1ng, ng\u00e0y c\u00e0ng tr\u1edf n\u00ean quan tr\u1ecdng.<br \/>V\u00e0o th\u00e1ng 4 n\u0103m 2024, c\u00e1c s\u1eeda \u0111\u1ed5i \u0111\u1ed1i v\u1edbi \u0110\u1ea1o lu\u1eadt v\u1ec1 x\u00f3a b\u1ecf ph\u00e2n bi\u1ec7t \u0111\u1ed1i x\u1eed v\u1edbi ng\u01b0\u1eddi khuy\u1ebft t\u1eadt s\u1ebd quy \u0111\u1ecbnh b\u1eaft bu\u1ed9c kh\u00f4ng ch\u1ec9 c\u00e1c c\u01a1 quan ch\u00ednh ph\u1ee7 m\u00e0 c\u1ea3 c\u00e1c doanh nghi\u1ec7p t\u01b0 nh\u00e2n ph\u1ea3i &quot;cung c\u1ea5p s\u1ef1 h\u1ed7 tr\u1ee3 h\u1ee3p l\u00fd&quot;, khi\u1ebfn vi\u1ec7c xem x\u00e9t kh\u1ea3 n\u0103ng ti\u1ebfp c\u1eadn web tr\u1edf th\u00e0nh m\u1ed9t tr\u00e1ch nhi\u1ec7m x\u00e3 h\u1ed9i quan tr\u1ecdng h\u01a1n bao gi\u1edd h\u1ebft.<\/p>\n<h3>S\u00e1ng ki\u1ebfn trang web th\u00f4ng tin h\u1ecdc t\u1eadp \u0111i\u1ec7n t\u1eed \u0111\u00e0o t\u1ea1o c\u01a1 b\u1ea3n v\u1ec1 ch\u0103m s\u00f3c ch\u1ee9ng m\u1ea5t tr\u00ed nh\u1edb<\/h3>\n<p>Trang web th\u00f4ng tin \u0111\u00e0o t\u1ea1o tr\u1ef1c tuy\u1ebfn c\u01a1 b\u1ea3n v\u1ec1 ch\u0103m s\u00f3c ng\u01b0\u1eddi m\u1eafc ch\u1ee9ng m\u1ea5t tr\u00ed nh\u1edb \u0111\u01b0\u1ee3c thi\u1ebft k\u1ebf ch\u00fa tr\u1ecdng \u0111\u1ebfn t\u00ednh d\u1ec5 ti\u1ebfp c\u1eadn \u0111\u1ec3 t\u1ea5t c\u1ea3 ng\u01b0\u1eddi d\u00f9ng, bao g\u1ed3m ng\u01b0\u1eddi cao tu\u1ed5i, ng\u01b0\u1eddi khuy\u1ebft t\u1eadt v\u00e0 ng\u01b0\u1eddi n\u01b0\u1edbc ngo\u00e0i, \u0111\u1ec1u c\u00f3 th\u1ec3 d\u1ec5 d\u00e0ng ti\u1ebfp c\u1eadn th\u00f4ng tin v\u00e0 ho\u00e0n th\u00e0nh c\u00e1c th\u1ee7 t\u1ee5c.<br \/>\n                Trong n\u0103m t\u00e0i ch\u00ednh 2025, ch\u00fang t\u00f4i \u0111\u00e3 ti\u1ebfn h\u00e0nh \u0111\u00e1nh gi\u00e1 \u0111\u1ed9c l\u1eadp d\u1ef1a tr\u00ean WCAG 2.1 (H\u01b0\u1edbng d\u1eabn v\u1ec1 kh\u1ea3 n\u0103ng truy c\u1eadp n\u1ed9i dung web 2.1), m\u1ed9t h\u01b0\u1edbng d\u1eabn qu\u1ed1c t\u1ebf v\u1ec1 kh\u1ea3 n\u0103ng truy c\u1eadp web, v\u1edbi m\u1ee5c ti\u00eau \u0111\u1ea1t \u0111\u01b0\u1ee3c m\u1ee9c \u0111\u1ed9 tu\u00e2n th\u1ee7 AA.<\/p>\n<h3>Ch\u00ednh s\u00e1ch truy c\u1eadp web (m\u1ee5c ti\u00eau trong t\u01b0\u01a1ng lai)<\/h3>\n<h4>1. Ph\u1ea1m vi b\u1ea3o hi\u1ec3m<\/h4>\n<p>\u0110i\u1ec1u n\u00e0y \u00e1p d\u1ee5ng cho c\u00e1c trang web tr\u00ean trang th\u00f4ng tin \u0111\u00e0o t\u1ea1o tr\u1ef1c tuy\u1ebfn c\u01a1 b\u1ea3n v\u1ec1 ch\u0103m s\u00f3c ng\u01b0\u1eddi m\u1eafc ch\u1ee9ng m\u1ea5t tr\u00ed nh\u1edb (https:\/\/kiso-elearning.jp\/) s\u1eed d\u1ee5ng ch\u1ee9c n\u0103ng m\u1eabu c\u1ee7a h\u1ec7 th\u1ed1ng qu\u1ea3n l\u00fd n\u1ed9i dung (CMS).<br \/>Tuy nhi\u00ean, nh\u1eefng v\u1ea5n \u0111\u1ec1 sau \u0111\u00e2y kh\u00f3 gi\u1ea3i quy\u1ebft v\u00e0 do \u0111\u00f3 s\u1ebd t\u1ea1m th\u1eddi kh\u00f4ng \u0111\u01b0\u1ee3c \u00e1p d\u1ee5ng ch\u00ednh s\u00e1ch n\u00e0y.<\/p>\n<ul>\n<li>(1) Trang web \u0111\u01b0\u1ee3c t\u1ea1o kh\u00f4ng s\u1eed d\u1ee5ng CMS<\/li>\n<li>(2) N\u1ed9i dung s\u1eed d\u1ee5ng d\u1ecbch v\u1ee5 c\u1ee7a Google<\/li>\n<li>(3) t\u1ec7p PDF<\/li>\n<li>(4) T\u1ec7p video v\u00e0 \u00e2m thanh<\/li>\n<\/ul>\n<h4>2. Lo\u1ea1i tr\u1eeb kh\u1ecfi ph\u1ea1m vi b\u1ea3o hi\u1ec3m<\/h4>\n<p>C\u00e1c m\u1ee5c sau \u0111\u00e2y s\u1ebd b\u1ecb lo\u1ea1i tr\u1eeb kh\u1ecfi ch\u00ednh s\u00e1ch truy c\u1eadp web (m\u1ee5c ti\u00eau trong t\u01b0\u01a1ng lai), nh\u01b0ng ch\u00fang t\u00f4i s\u1ebd xem x\u00e9t th\u1eddi gian v\u00e0 ph\u01b0\u01a1ng ph\u00e1p \u0111\u1ec3 \u0111\u1ea1t \u0111\u01b0\u1ee3c ch\u00fang trong t\u01b0\u01a1ng lai.<\/p>\n<ul>\n<li>\u30fbTrang web h\u1ecdc tr\u1ef1c tuy\u1ebfn \u0111\u00e0o t\u1ea1o c\u01a1 b\u1ea3n v\u1ec1 ch\u0103m s\u00f3c ch\u1ee9ng m\u1ea5t tr\u00ed nh\u1edb (trang li\u00ean k\u1ebft li\u00ean quan)<\/li>\n<li>\u2022 C\u00f4ng c\u1ee5 h\u1ed7 tr\u1ee3 truy c\u1eadp web Ally (trang web b\u00ean ngo\u00e0i)<\/li>\n<li>\u2022 C\u00f4ng c\u1ee5 \u0111\u1ecdc ReadSpeaker (trang web b\u00ean ngo\u00e0i)<\/li>\n<\/ul>\n<h4>3. M\u1ee9c \u0111\u1ed9 ph\u00f9 h\u1ee3p m\u1ee5c ti\u00eau<\/h4>\n<p>M\u1ee5c ti\u00eau l\u00e0 \u0111\u1ea1t \u0111\u01b0\u1ee3c m\u1ee9c \u0111\u1ed9 tu\u00e2n th\u1ee7 WCAG 2.1 AA.<\/p>\n<p>*Theo WCAG 2.1, m\u1ed9t trang web \u0111\u01b0\u1ee3c coi l\u00e0 &quot;tu\u00e2n th\u1ee7&quot; n\u1ebfu \u0111\u00e1p \u1ee9ng t\u1ea5t c\u1ea3 c\u00e1c ti\u00eau ch\u00ed th\u00e0nh c\u00f4ng, v\u00ec v\u1eady trang web n\u00e0y s\u1ebd \u0111\u01b0\u1ee3c c\u1ea3i ti\u1ebfn li\u00ean t\u1ee5c d\u1ef1a tr\u00ean nguy\u00ean t\u1eafc c\u1ea3i ti\u1ebfn d\u1ea7n d\u1ea7n.<a href=\"https:\/\/waic.jp\/translations\/WCAG21\/\" target=\"_blank\" rel=\"noopener\">&quot;H\u01b0\u1edbng d\u1eabn d\u1ecbch ti\u1ebfng Nh\u1eadt WCAG 2.1 (H\u01b0\u1edbng d\u1eabn g\u1ed1c)&quot; (M\u1edf trang web b\u00ean ngo\u00e0i trong tab m\u1edbi)<\/a>\u0110i\u1ec1u n\u00e0y d\u1ef1a tr\u00ean k\u00fd hi\u1ec7u \u0111\u01b0\u1ee3c ch\u1ec9 \u0111\u1ecbnh trong .<\/p>\n<h4>4. Th\u1eddi h\u1ea1n \u0111\u1ea1t m\u1ee5c ti\u00eau<\/h4>\n<p>Cho \u0111\u1ebfn h\u1ebft th\u00e1ng 12 n\u0103m 2026<br \/>Ch\u00fang t\u00f4i s\u1ebd ti\u1ebfp t\u1ee5c duy tr\u00ec c\u00e1c ti\u00eau chu\u1ea9n \u0111\u00e3 \u0111\u1ea1t \u0111\u01b0\u1ee3c ngay c\u1ea3 sau khi ho\u00e0n th\u00e0nh m\u1ee5c ti\u00eau.<\/p>\n<h4>Li\u00ean k\u1ebft li\u00ean quan<\/h4>\n<div class=\"indentp\">\n<p>Vui l\u00f2ng xem trang sau \u0111\u1ec3 bi\u1ebft c\u00e1c v\u00ed d\u1ee5 c\u1ee5 th\u1ec3 v\u1ec1 nh\u1eefng \u0111i\u1ec1u c\u1ea7n c\u00e2n nh\u1eafc \u0111\u1ed1i v\u1edbi kh\u1ea3 n\u0103ng truy c\u1eadp web.<br \/>\n                    <a href=\"\/concrete-exampl-7\/\">V\u00ed d\u1ee5 v\u1ec1 truy c\u1eadp web<\/a><\/p>\n<\/p><\/div>\n<div class=\"indentp\">\n<h4>K\u1ebft qu\u1ea3 ki\u1ec3m tra kh\u1ea3 n\u0103ng truy c\u1eadp web<\/h4>\n<ul>\n<li><a href=\"\/web-accessibility\/report2025\/\">K\u1ebft qu\u1ea3 ki\u1ec3m tra kh\u1ea3 n\u0103ng truy c\u1eadp web (\u0111\u01b0\u1ee3c th\u1ef1c hi\u1ec7n trong n\u0103m t\u00e0i ch\u00ednh 2025)<\/a><\/li>\n<li><a href=\"\/web-accessibility\/report2024\/\">K\u1ebft qu\u1ea3 th\u1eed nghi\u1ec7m kh\u1ea3 n\u0103ng truy c\u1eadp web (th\u1ef1c hi\u1ec7n n\u0103m 2020)<\/a><\/li>\n<\/ul><\/div>\n<\/p><\/div>\n<\/p><\/div>\n<\/section>\n<\/article>\n<p><\/main><\/p>","protected":false},"excerpt":{"rendered":"<p>\u30a6\u30a7\u30d6\u30a2\u30af\u30bb\u30b7\u30d3\u30ea\u30c6\u30a3\u306e\u53d6\u308a\u7d44\u307f \u30a6\u30a7\u30d6\u30a2\u30af\u30bb\u30b7\u30d3\u30ea\u30c6\u30a3\u3068\u306f \u30a6\u30a7\u30d6\u30a2\u30af\u30bb\u30b7\u30d3\u30ea\u30c6\u30a3\u3068\u306f\u3001\u9ad8\u9f62\u8005\u3084\u969c\u304c\u3044\u8005\u3092\u542b [&hellip;]<\/p>\n","protected":false},"author":1,"featured_media":0,"parent":0,"menu_order":0,"comment_status":"closed","ping_status":"closed","template":"","meta":{"_acf_changed":false,"_monsterinsights_skip_tracking":false,"_monsterinsights_sitenote_active":false,"_monsterinsights_sitenote_note":"","_monsterinsights_sitenote_category":0,"footnotes":""},"class_list":["post-7343","page","type-page","status-publish","hentry"],"acf":[],"_links":{"self":[{"href":"https:\/\/kiso-elearning.jp\/vi\/wp-json\/wp\/v2\/pages\/7343","targetHints":{"allow":["GET"]}}],"collection":[{"href":"https:\/\/kiso-elearning.jp\/vi\/wp-json\/wp\/v2\/pages"}],"about":[{"href":"https:\/\/kiso-elearning.jp\/vi\/wp-json\/wp\/v2\/types\/page"}],"author":[{"embeddable":true,"href":"https:\/\/kiso-elearning.jp\/vi\/wp-json\/wp\/v2\/users\/1"}],"replies":[{"embeddable":true,"href":"https:\/\/kiso-elearning.jp\/vi\/wp-json\/wp\/v2\/comments?post=7343"}],"version-history":[{"count":19,"href":"https:\/\/kiso-elearning.jp\/vi\/wp-json\/wp\/v2\/pages\/7343\/revisions"}],"predecessor-version":[{"id":7412,"href":"https:\/\/kiso-elearning.jp\/vi\/wp-json\/wp\/v2\/pages\/7343\/revisions\/7412"}],"wp:attachment":[{"href":"https:\/\/kiso-elearning.jp\/vi\/wp-json\/wp\/v2\/media?parent=7343"}],"curies":[{"name":"wp","href":"https:\/\/api.w.org\/{rel}","templated":true}]}}