{"id":7340,"date":"2025-12-24T22:07:31","date_gmt":"2025-12-24T13:07:31","guid":{"rendered":"https:\/\/kiso-elearning.jp\/?page_id=7340"},"modified":"2026-01-06T10:05:32","modified_gmt":"2026-01-06T01:05:32","slug":"bao-cao2025","status":"publish","type":"page","link":"https:\/\/kiso-elearning.jp\/vi\/report2025\/","title":{"rendered":"K\u1ebft qu\u1ea3 ki\u1ec3m tra kh\u1ea3 n\u0103ng truy c\u1eadp web (2025)"},"content":{"rendered":"<p><main class=\"sub\" id=\"maincontent\"><\/p>\n<article class=\"\">\n<section class=\"block-headerb\" id=\"elreadid1\">\n<div class=\"c-cont-inner\">\n<h1>K\u1ebft qu\u1ea3 ki\u1ec3m tra kh\u1ea3 n\u0103ng truy c\u1eadp web<br \/>(N\u0103m t\u00e0i ch\u00ednh 2025)<\/h1>\n<\/p><\/div>\n<\/section>\n<div class=\"c-cont-inner breadtbext\">\n            <ul aria-label=\"v\u1ee5n b\u00e1nh m\u00ec\"><\/ul>\n        <\/div>\n<section class=\"block01\" id=\"elreadid2\">\n<div class=\"c-cont-inner\">\n<div class=\"webacces\">\n<h2 style=\"text-align:center;\"> Hi\u1ec3n th\u1ecb k\u1ebft qu\u1ea3 ki\u1ec3m tra d\u1ef1a tr\u00ean WCAG 2.1 (H\u01b0\u1edbng d\u1eabn v\u1ec1 kh\u1ea3 n\u0103ng truy c\u1eadp n\u1ed9i dung web 2.1)<\/h2>\n<p>\u0110\u1ec3 x\u00e1c nh\u1eadn t\u00ecnh tr\u1ea1ng c\u1ee7a c\u00e1c n\u1ed7 l\u1ef1c c\u1ea3i thi\u1ec7n kh\u1ea3 n\u0103ng truy c\u1eadp web, trang web n\u00e0y \u0111\u00e3 \u0111\u01b0\u1ee3c m\u1ed9t t\u1ed5 ch\u1ee9c b\u00ean th\u1ee9 ba, Info Creates Co., Ltd., th\u1ef1c hi\u1ec7n ki\u1ec3m tra kh\u1ea3 n\u0103ng truy c\u1eadp.<br \/>\n\t\t\t\tB\u00e0i ki\u1ec3m tra n\u00e0y nh\u1eafm \u0111\u1ebfn m\u1ee9c \u0111\u1ed9 tu\u00e2n th\u1ee7 AA c\u1ee7a WCAG 2.1 (H\u01b0\u1edbng d\u1eabn v\u1ec1 kh\u1ea3 n\u0103ng truy c\u1eadp n\u1ed9i dung web 2.1) v\u00e0 ki\u1ec3m tra m\u1ee9c \u0111\u1ed9 \u0111\u1ea1t \u0111\u01b0\u1ee3c tr\u00ean t\u1eebng trang v\u00e0 t\u1eebng ti\u00eau ch\u00ed th\u00e0nh c\u00f4ng.<\/p>\n<h3>Ng\u00e0y th\u00f4ng b\u00e1o<\/h3>\n<p>Ng\u00e0y 6 th\u00e1ng 1 n\u0103m 2020<\/p>\n<h3>T\u1ed5ng quan v\u1ec1 ki\u1ec3m tra<\/h3>\n<ul>\n<li>Ti\u00eau ch\u00ed th\u00e0nh c\u00f4ng: WCAG 2.1 (C\u1ea5p \u0111\u1ed9 AA)<\/li>\n<li>\u0110\u01a1n v\u1ecb ki\u1ec3m \u0111\u1ecbnh: C\u00f4ng ty TNHH Info Creates<\/li>\n<li>M\u1ee5c ti\u00eau th\u1eed nghi\u1ec7m: Trang th\u00f4ng tin \u0111\u00e0o t\u1ea1o tr\u1ef1c tuy\u1ebfn c\u01a1 b\u1ea3n v\u1ec1 ch\u0103m s\u00f3c ng\u01b0\u1eddi m\u1eafc ch\u1ee9ng m\u1ea5t tr\u00ed nh\u1edb.<\/li>\n<li>Th\u1eddi gian ki\u1ec3m tra: T\u1eeb ng\u00e0y 16 th\u00e1ng 7 n\u0103m 2025 \u0111\u1ebfn ng\u00e0y 29 th\u00e1ng 8 n\u0103m 2025<\/li>\n<\/ul>\n<h3>T\u00f3m t\u1eaft k\u1ebft qu\u1ea3 ki\u1ec3m tra<\/h3>\n<p>K\u1ebft qu\u1ea3 ki\u1ec3m tra \u0111\u00e3 x\u00e1c nh\u1eadn r\u1eb1ng c\u00e1c trang m\u1ee5c ti\u00eau \u0111\u1ea1t \u0111\u01b0\u1ee3c 84-96% ti\u00eau ch\u00ed th\u00e0nh c\u00f4ng c\u1ea5p \u0111\u1ed9 AA theo ti\u00eau chu\u1ea9n WCAG 2.1.<br \/>\n\t\t\t\t Xin l\u01b0u \u00fd r\u1eb1ng m\u1ee9c \u0111\u1ed9 \u0111\u1ea1t \u0111\u01b0\u1ee3c \u0111\u01b0\u1ee3c th\u1ec3 hi\u1ec7n d\u01b0\u1edbi d\u1ea1ng ph\u1ea7n tr\u0103m n\u1ed9i dung \u0111\u01b0\u1ee3c \u0111\u00e1nh gi\u00e1 l\u00e0 tu\u00e2n th\u1ee7 tr\u00ean t\u1ed5ng s\u1ed1 n\u1ed9i dung \u0111\u00e3 \u0111\u01b0\u1ee3c ki\u1ec3m tra, v\u00e0 kh\u00e1c v\u1edbi k\u00fd hi\u1ec7u m\u1ee9c \u0111\u1ed9 tu\u00e2n th\u1ee7 c\u1ee7a ti\u00eau chu\u1ea9n JIS X 8341-3:2016.<br \/>\n\t\t\t\t Trang web n\u00e0y cung c\u1ea5p ch\u1ec9 m\u1ee5c tham kh\u1ea3o \u0111\u1ec3 hi\u1ec3u r\u00f5 t\u00ecnh tr\u1ea1ng th\u00e0nh t\u00edch hi\u1ec7n t\u1ea1i v\u00e0 s\u1eed d\u1ee5ng n\u00f3 cho nh\u1eefng c\u1ea3i ti\u1ebfn trong t\u01b0\u01a1ng lai.<\/p>\n<h3>Danh s\u00e1ch ti\u00eau ch\u00ed \u0111\u00e1nh gi\u00e1 hi\u1ec7u su\u1ea5t chi ti\u1ebft v\u00e0 ch\u1ee9ng nh\u1eadn ki\u1ec3m tra<\/h3>\n<p>\u0110\u1ec3 xem c\u00e1c trang web \u0111\u00e1p \u1ee9ng t\u1ed1t \u0111\u1ebfn m\u1ee9c n\u00e0o t\u1eebng ti\u00eau ch\u00ed th\u00e0nh c\u00f4ng c\u1ee7a WCAG 2.1, vui l\u00f2ng xem trang k\u1ebft qu\u1ea3 \u0111\u00e1nh gi\u00e1 c\u1ee7a b\u00ean th\u1ee9 ba b\u00ean d\u01b0\u1edbi.<br \/>\n                 *K\u1ebft qu\u1ea3 \u0111\u00e1nh gi\u00e1 kh\u1ea3 n\u0103ng ti\u1ebfp c\u1eadn<a href=\"https:\/\/www.infocreate.co.jp\/jis-db\/2465\/sitemap.html\" target=\"_blank\" rel=\"noopener\">Danh s\u00e1ch ti\u00eau ch\u00ed th\u00e0nh c\u00f4ng (m\u1edf trang web b\u00ean ngo\u00e0i trong tab m\u1edbi)<\/a><br \/>\n                 <span><button class=\"buttonacce\"><br \/>\n                    <a href=\"https:\/\/www.infocreate.co.jp\/jis-db\/2465\/index.html\" aria-label=\"M\u1edf gi\u1ea5y ch\u1ee9ng nh\u1eadn ki\u1ec3m \u0111\u1ecbnh, nh\u1ea5p chu\u1ed9t \u0111\u1ec3 truy c\u1eadp trang gi\u1ea5y ch\u1ee9ng nh\u1eadn ki\u1ec3m \u0111\u1ecbnh.\" target=\"_blank\" rel=\"noopener\">Gi\u1ea5y ch\u1ee9ng nh\u1eadn ki\u1ec3m tra<\/a><br \/>\n                 <\/button><\/span>\n                <\/p>\n<h3>M\u00f4 t\u1ea3 ng\u1eafn g\u1ecdn v\u1ec1 trang web \u0111\u01b0\u1ee3c \u0111\u1ec1 c\u1eadp<\/h3>\n<p>                 <p>https:\/\/kiso-elearning.jp\/Trang web sau<br \/>Tuy nhi\u00ean, c\u00e1c ph\u1ea1m vi sau \u0111\u00e2y \u0111\u01b0\u1ee3c lo\u1ea1i tr\u1eeb.<\/p>\n<ul>\n<li>(1) Trang web \u0111\u01b0\u1ee3c t\u1ea1o kh\u00f4ng s\u1eed d\u1ee5ng CMS<\/li>\n<li>(2) N\u1ed9i dung s\u1eed d\u1ee5ng d\u1ecbch v\u1ee5 c\u1ee7a Google<\/li>\n<li>(3) t\u1ec7p PDF<\/li>\n<li>(4) T\u1ec7p video v\u00e0 \u00e2m thanh<\/li>\n<\/ul>\n<h3> C\u00f4ng ngh\u1ec7 n\u1ed9i dung web \u0111\u00e1ng tin c\u1eady<\/h3>\n<p>HTML5.0, CSS3.0, JavaScript<\/p>\n<h3>C\u00e1ch ch\u1ecdn trang ki\u1ec3m tra<\/h3>\n<p>Khi ch\u1ecdn m\u1ed9t trang web \u0111\u1ea1i di\u1ec7n cho m\u1ed9t t\u1eadp h\u1ee3p c\u00e1c trang web v\u00e0 m\u1ed9t trang web \u0111\u01b0\u1ee3c ch\u1ecdn ng\u1eabu nhi\u00ean<\/p>\n<ul>\n<li>\u2022 26 trang web \u0111\u1ea1i di\u1ec7n cho m\u1ed9t t\u1eadp h\u1ee3p c\u00e1c trang web.<\/li>\n<li>\u2022 C\u00e1c trang web \u0111\u01b0\u1ee3c ch\u1ecdn ng\u1eabu nhi\u00ean: 4 trang<\/li>\n<ul>\n<h3>URL c\u1ee7a trang web \u0111\u00e3 \u0111\u01b0\u1ee3c ki\u1ec3m tra<\/h3>\n<p><a href=\"\/wp-content\/uploads\/2025\/12\/wa2025URLb.pdf\" target=\"_blank\" rel=\"noopener\">URL c\u1ee7a trang web n\u01a1i ti\u1ebfn h\u00e0nh ki\u1ec3m tra (PDF)<\/a><\/p>\n<h3> Ph\u1ea3n h\u1ed3i trong t\u01b0\u01a1ng lai<\/h3>\n<p>M\u1eb7c d\u00f9 m\u1ed9t s\u1ed1 ti\u00eau chu\u1ea9n v\u1eabn ch\u01b0a \u0111\u01b0\u1ee3c \u0111\u00e1p \u1ee9ng \u0111\u1ea7y \u0111\u1ee7, ch\u00fang t\u00f4i s\u1ebd ti\u1ebfp t\u1ee5c n\u1ed7 l\u1ef1c c\u1ea3i thi\u1ec7n c\u00e1c ti\u00eau chu\u1ea9n v\u1ec1 kh\u1ea3 n\u0103ng ti\u1ebfp c\u1eadn b\u1eb1ng c\u00e1ch xem x\u00e9t l\u1ea1i n\u1ed9i dung v\u00e0 th\u1ef1c hi\u1ec7n c\u00e1c c\u1ea3i ti\u1ebfn k\u1ef9 thu\u1eadt.<\/p>\n<\/p><\/div>\n<\/p><\/div>\n<\/section>\n<\/article>\n<p><\/main><\/p>","protected":false},"excerpt":{"rendered":"<p>\u30a6\u30a7\u30d6\u30a2\u30af\u30bb\u30b7\u30d3\u30ea\u30c6\u30a3\u8a66\u9a13\u7d50\u679c\uff08\u4ee4\u548c7\u5e74\u5ea6\uff09 WCAG 2.1\uff08Web Content Accessibili [&hellip;]<\/p>\n","protected":false},"author":1,"featured_media":0,"parent":0,"menu_order":0,"comment_status":"closed","ping_status":"closed","template":"","meta":{"_acf_changed":false,"_monsterinsights_skip_tracking":false,"_monsterinsights_sitenote_active":false,"_monsterinsights_sitenote_note":"","_monsterinsights_sitenote_category":0,"footnotes":""},"class_list":["post-7340","page","type-page","status-publish","hentry"],"acf":[],"_links":{"self":[{"href":"https:\/\/kiso-elearning.jp\/vi\/wp-json\/wp\/v2\/pages\/7340","targetHints":{"allow":["GET"]}}],"collection":[{"href":"https:\/\/kiso-elearning.jp\/vi\/wp-json\/wp\/v2\/pages"}],"about":[{"href":"https:\/\/kiso-elearning.jp\/vi\/wp-json\/wp\/v2\/types\/page"}],"author":[{"embeddable":true,"href":"https:\/\/kiso-elearning.jp\/vi\/wp-json\/wp\/v2\/users\/1"}],"replies":[{"embeddable":true,"href":"https:\/\/kiso-elearning.jp\/vi\/wp-json\/wp\/v2\/comments?post=7340"}],"version-history":[{"count":15,"href":"https:\/\/kiso-elearning.jp\/vi\/wp-json\/wp\/v2\/pages\/7340\/revisions"}],"predecessor-version":[{"id":7413,"href":"https:\/\/kiso-elearning.jp\/vi\/wp-json\/wp\/v2\/pages\/7340\/revisions\/7413"}],"wp:attachment":[{"href":"https:\/\/kiso-elearning.jp\/vi\/wp-json\/wp\/v2\/media?parent=7340"}],"curies":[{"name":"wp","href":"https:\/\/api.w.org\/{rel}","templated":true}]}}