{"id":5489,"date":"2025-02-02T11:15:04","date_gmt":"2025-02-02T02:15:04","guid":{"rendered":"https:\/\/kiso-elearning.jp\/?page_id=5489"},"modified":"2025-09-20T11:27:36","modified_gmt":"2025-09-20T02:27:36","slug":"guicf","status":"publish","type":"page","link":"https:\/\/kiso-elearning.jp\/vi\/sendcf\/","title":{"rendered":"\u0110\u00e3 ho\u00e0n th\u00e0nh y\u00eau c\u1ea7u \u0111\u00e0o t\u1ea1o tr\u1ef1c tuy\u1ebfn v\u1ec1 ch\u0103m s\u00f3c ch\u1ee9ng m\u1ea5t tr\u00ed nh\u1edb c\u01a1 b\u1ea3n"},"content":{"rendered":"<p><main class=\"sub manual\" id=\"maincontent\"> <\/p>\n<article>\n<section class=\"block-header\" id=\"elreadid1\">\n<div class=\"c-cont-inner\">\n<h1 class=\"fs330\">\u0110\u00e0o t\u1ea1o c\u01a1 b\u1ea3n v\u1ec1 ch\u0103m s\u00f3c ch\u1ee9ng m\u1ea5t tr\u00ed nh\u1edb \u0111i\u1ec7n t\u1eed<br \/>Y\u00eau c\u1ea7u v\u1ec1<\/h1>\n<\/p><\/div>\n<\/section>\n<div class=\"c-cont-inner breadtbext\" style=\"clear:none;\">\n                    <ul aria-label=\"v\u1ee5n b\u00e1nh m\u00ec\"><\/ul>\n                <\/div>\n<div class=\"c-cont-inner\" style=\"padding-top:-120px;\">\n<div class=\"mod_form2\">\n<p id=\"elreadid2\">g\u1eedi ho\u00e0n to\u00e0n<\/p>\n<ol class=\"stepBar2 step3 rs_skip\">\n<li class=\"step\">\u0111\u1ea7u v\u00e0o<\/li>\n<li class=\"step currentnext\">g\u1eedi ho\u00e0n to\u00e0n<\/li>\n<\/ol>\n<\/div>\n<section id=\"elreadid4\">\n<div class=\"sendcf7\">\n<h2 style=\"font-size: 150%;\">Tin nh\u1eafn c\u1ee7a b\u1ea1n \u0111\u00e3 \u0111\u01b0\u1ee3c g\u1eedi.<\/h2>\n<p>\n<strong style=\"font-size: 110%; padding: 35px 15px;\">C\u1ea3m \u01a1n b\u1ea1n \u0111\u00e3 h\u1ecfi th\u0103m.<\/strong><\/p>\n<p>Trung t\u00e2m Sendai c\u1ee7a ch\u00fang t\u00f4i s\u1ebd ph\u1ea3n h\u1ed3i trong v\u00f2ng 1 \u0111\u1ebfn 3 ng\u00e0y l\u00e0m vi\u1ec7c.<\/p>\n<p>N\u1ebfu b\u1ea1n kh\u00f4ng nh\u1eadn \u0111\u01b0\u1ee3c ph\u1ea3n h\u1ed3i trong v\u00f2ng v\u00e0i ng\u00e0y, c\u00f3 th\u1ec3 ch\u00fang t\u00f4i \u0111\u00e3 nh\u1eadn \u0111\u01b0\u1ee3c tin nh\u1eafn c\u1ee7a b\u1ea1n kh\u00f4ng ch\u00ednh x\u00e1c, v\u00ec v\u1eady vui l\u00f2ng li\u00ean h\u1ec7 l\u1ea1i v\u1edbi ch\u00fang t\u00f4i theo \u0111\u1ecba ch\u1ec9 email b\u00ean d\u01b0\u1edbi.<\/p>\n<p><strong>Email:e-sendai@dcnet.gr.jp<\/strong><br \/>\n<\/section>\n<\/div>\n<\/div>\n<\/article>\n<p><\/main><\/p>","protected":false},"excerpt":{"rendered":"<p>\u8a8d\u77e5\u75c7\u4ecb\u8b77\u57fa\u790e\u7814\u4feee\u30e9\u30fc\u30cb\u30f3\u30b0\u306e\u304a\u554f\u5408\u305b \u9001\u4fe1\u5b8c\u4e86 \u5165\u529b \u9001\u4fe1\u5b8c\u4e86 \u30e1\u30c3\u30bb\u30fc\u30b8\u3092\u9001\u4fe1\u3044\u305f\u3057\u307e\u3057\u305f\u3002 \u304a\u554f\u3044\u5408\u308f [&hellip;]<\/p>\n","protected":false},"author":1,"featured_media":0,"parent":0,"menu_order":-2,"comment_status":"closed","ping_status":"closed","template":"","meta":{"_acf_changed":false,"_monsterinsights_skip_tracking":false,"_monsterinsights_sitenote_active":false,"_monsterinsights_sitenote_note":"","_monsterinsights_sitenote_category":0,"footnotes":""},"class_list":["post-5489","page","type-page","status-publish","hentry"],"acf":[],"_links":{"self":[{"href":"https:\/\/kiso-elearning.jp\/vi\/wp-json\/wp\/v2\/pages\/5489","targetHints":{"allow":["GET"]}}],"collection":[{"href":"https:\/\/kiso-elearning.jp\/vi\/wp-json\/wp\/v2\/pages"}],"about":[{"href":"https:\/\/kiso-elearning.jp\/vi\/wp-json\/wp\/v2\/types\/page"}],"author":[{"embeddable":true,"href":"https:\/\/kiso-elearning.jp\/vi\/wp-json\/wp\/v2\/users\/1"}],"replies":[{"embeddable":true,"href":"https:\/\/kiso-elearning.jp\/vi\/wp-json\/wp\/v2\/comments?post=5489"}],"version-history":[{"count":4,"href":"https:\/\/kiso-elearning.jp\/vi\/wp-json\/wp\/v2\/pages\/5489\/revisions"}],"predecessor-version":[{"id":6640,"href":"https:\/\/kiso-elearning.jp\/vi\/wp-json\/wp\/v2\/pages\/5489\/revisions\/6640"}],"wp:attachment":[{"href":"https:\/\/kiso-elearning.jp\/vi\/wp-json\/wp\/v2\/media?parent=5489"}],"curies":[{"name":"wp","href":"https:\/\/api.w.org\/{rel}","templated":true}]}}