{"id":5486,"date":"2025-02-02T11:12:25","date_gmt":"2025-02-02T02:12:25","guid":{"rendered":"https:\/\/kiso-elearning.jp\/?page_id=5486"},"modified":"2025-10-29T15:56:34","modified_gmt":"2025-10-29T06:56:34","slug":"cuoc-dieu-tra","status":"publish","type":"page","link":"https:\/\/kiso-elearning.jp\/vi\/inquiry\/","title":{"rendered":"Th\u1eafc m\u1eafc v\u1ec1 \u0111\u00e0o t\u1ea1o c\u01a1 b\u1ea3n v\u1ec1 ch\u0103m s\u00f3c ch\u1ee9ng m\u1ea5t tr\u00ed nh\u1edb \u0111i\u1ec7n t\u1eed"},"content":{"rendered":"<p><main class=\"sub manual\" id=\"maincontent\"><\/p>\n<article>\n<section class=\"block-header\" id=\"elreadid1\">\n<div class=\"c-cont-inner\" >\n<h1 class=\"fs330\">\u0110\u00e0o t\u1ea1o c\u01a1 b\u1ea3n v\u1ec1 ch\u0103m s\u00f3c ch\u1ee9ng m\u1ea5t tr\u00ed nh\u1edb \u0111i\u1ec7n t\u1eed<br \/>Y\u00eau c\u1ea7u v\u1ec1<\/h1>\n<\/p><\/div>\n<\/section>\n<div class=\"c-cont-inner breadtbext\" style=\"clear:none;\">\n                    <ul aria-label=\"v\u1ee5n b\u00e1nh m\u00ec\"><\/ul>\n                <\/div>\n<div class=\"c-cont-inner\" style=\"padding-top:-130px;\">\n<div class=\"mod_form2\">\n<h2 id=\"elreadid2\">N\u1ebfu c\u00f3 th\u1eafc m\u1eafc v\u1ec1 kh\u00f3a \u0111\u00e0o t\u1ea1o c\u01a1 b\u1ea3n v\u1ec1 h\u1ecdc tr\u1ef1c tuy\u1ebfn ch\u0103m s\u00f3c ch\u1ee9ng sa s\u00fat tr\u00ed tu\u1ec7, vui l\u00f2ng li\u00ean h\u1ec7 v\u1edbi ch\u00fang t\u00f4i b\u1eb1ng c\u00e1ch s\u1eed d\u1ee5ng m\u1eabu d\u01b0\u1edbi \u0111\u00e2y.<\/h2>\n<ul class=\"stepBar2 step3\" id=\"elreadid9\" aria-label=\"S\u01a1 \u0111\u1ed3 lu\u1ed3ng y\u00eau c\u1ea7u\">\n<li class=\"step currentnext\" aria-label=\"1, \u0111\u1ea7u v\u00e0o\">\u0111\u1ea7u v\u00e0o<\/li>\n<li class=\"step\" aria-label=\"2, \u0110\u00e3 g\u1eedi xong\">g\u1eedi ho\u00e0n to\u00e0n<\/li>\n<\/ul>\n<div>\n<div class=\"wpcf7 no-js\" id=\"wpcf7-f5407-o1\" lang=\"ja\" dir=\"ltr\" data-wpcf7-id=\"5407\">\n<div class=\"screen-reader-response\"><p role=\"status\" aria-live=\"polite\" aria-atomic=\"true\"><\/p> <ul><\/ul><\/div>\n<form action=\"\/vi\/wp-json\/wp\/v2\/pages\/5486#wpcf7-f5407-o1\" method=\"post\" class=\"wpcf7-form init\" aria-label=\"Bi\u1ec3u m\u1eabu li\u00ean h\u1ec7\" novalidate=\"novalidate\" data-status=\"init\" data-trp-original-action=\"\/vi\/wp-json\/wp\/v2\/pages\/5486#wpcf7-f5407-o1\">\n<fieldset class=\"hidden-fields-container\"><input type=\"hidden\" name=\"_wpcf7\" value=\"5407\" \/><input type=\"hidden\" name=\"_wpcf7_version\" value=\"6.1.5\" \/><input type=\"hidden\" name=\"_wpcf7_locale\" value=\"ja\" \/><input type=\"hidden\" name=\"_wpcf7_unit_tag\" value=\"wpcf7-f5407-o1\" \/><input type=\"hidden\" name=\"_wpcf7_container_post\" value=\"0\" \/><input type=\"hidden\" name=\"_wpcf7_posted_data_hash\" value=\"\" \/>\n<\/fieldset>\n<div class=\"wpcf7-turnstile cf-turnstile\" data-sitekey=\"0x4AAAAAAB2RihGP47y3X3MF\" data-response-field-name=\"_wpcf7_turnstile_response\"><\/div>\n\n<section id=\"elreadid3\">\n\t<div class=\"pad20\">\n\t\t<p><span class=\"required-srttop\">Y\u00eau c\u1ea7u<\/span>H\u00e3y nh\u1edb \u0111i\u1ec1n v\u00e0o c\u00e1c tr\u01b0\u1eddng.\n\t\t<\/p>\n\t<\/div>\n\t<table class=\"cform\">\n\t\t<tbody>\n\t\t\t<tr>\n\t\t\t\t<th scope=\"row\">\n\t\t\t\t\t<p><label for=\"company-name25\">T\u00ean t\u1ed5 ch\u1ee9c ho\u1eb7c c\u00f4ng ty (t\u00f9y ch\u1ecdn)<\/label>\n\t\t\t\t\t<\/p>\n\t\t\t\t<\/th>\n\t\t\t\t<td>\n\t\t\t\t\t<p><span class=\"wpcf7-form-control-wrap\" data-name=\"company-name25\"><input size=\"40\" maxlength=\"400\" class=\"wpcf7-form-control wpcf7-text\" id=\"company-name25\" autocomplete=\"organization\" aria-invalid=\"false\" value=\"\" type=\"text\" name=\"company-name25\" \/><\/span>\n\t\t\t\t\t<\/p>\n\t\t\t\t<\/td>\n\t\t\t<\/tr>\n\t\t\t<tr>\n\t\t\t\t<th scope=\"row\">\n\t\t\t\t\t<p><label for=\"adress25\">\u0110\u1ecba \u0111i\u1ec3m c\u1ee7a t\u1ed5 ch\u1ee9c\/c\u00f4ng ty (t\u00f9y ch\u1ecdn)<\/label>\n\t\t\t\t\t<\/p>\n\t\t\t\t<\/th>\n\t\t\t\t<td>\n\t\t\t\t\t<p><span class=\"wpcf7-form-control-wrap\" data-name=\"adress25\"><input size=\"40\" maxlength=\"400\" class=\"wpcf7-form-control wpcf7-text\" id=\"adress25\" autocomplete=\"street-address\" aria-invalid=\"false\" value=\"\" type=\"text\" name=\"adress25\" \/><\/span>\n\t\t\t\t\t<\/p>\n\t\t\t\t<\/td>\n\t\t\t<\/tr>\n\t\t\t<tr>\n\t\t\t\t<th scope=\"row\">\n\t\t\t\t\t<div class=\"ftitle\">\n\t\t\t\t\t\t<p><br \/>\n<label for=\"name25\"><br \/>\nt\u00ean<span class=\"required-srt\"><strong>Y\u00eau c\u1ea7u<\/strong><\/span><br \/>\n<\/label>\n\t\t\t\t\t\t<\/p>\n\t\t\t\t\t<\/div>\n\t\t\t\t<\/th>\n\t\t\t\t<td>\n\t\t\t\t\t<p><span class=\"wpcf7-form-control-wrap\" data-name=\"name25\"><input size=\"40\" maxlength=\"400\" class=\"wpcf7-form-control wpcf7-text wpcf7-validates-as-required\" id=\"name25\" autocomplete=\"name\" aria-required=\"true\" aria-invalid=\"false\" value=\"\" type=\"text\" name=\"name25\" \/><\/span>\n\t\t\t\t\t<\/p>\n\t\t\t\t<\/td>\n\t\t\t<\/tr>\n\t\t\t<tr>\n\t\t\t\t<th scope=\"row\">\n\t\t\t\t\t<div class=\"ftitle\">\n\t\t\t\t\t\t<p><br \/>\n<label for=\"tel25\"><br \/>\nS\u1ed1 \u0111i\u1ec7n tho\u1ea1i c\u1ee7a b\u1ea1n<span class=\"required-srt\"><strong>Y\u00eau c\u1ea7u<\/strong><\/span><br \/>\n<span class=\"visually-hidden\">Vui l\u00f2ng nh\u1eadp s\u1ed1 \u0111i\u1ec7n tho\u1ea1i c\u1ee7a b\u1ea1n theo \u0111\u1ecbnh d\u1ea1ng &quot;000-0000-0000&quot;.<\/span><br \/>\n<\/label>\n\t\t\t\t\t\t<\/p>\n\t\t\t\t\t<\/div>\n\t\t\t\t<\/th>\n\t\t\t\t<td>\n\t\t\t\t\t<p><span class=\"wpcf7-form-control-wrap\" data-name=\"tel25\"><input size=\"40\" maxlength=\"400\" class=\"wpcf7-form-control wpcf7-tel wpcf7-validates-as-required wpcf7-text wpcf7-validates-as-tel\" id=\"tel25\" autocomplete=\"tel\" aria-required=\"true\" aria-invalid=\"false\" value=\"\" type=\"tel\" name=\"tel25\" \/><\/span>\n\t\t\t\t\t<\/p>\n\t\t\t\t\t<p id=\"tel25-hint\" class=\"visually-hidden\"><br \/>\nVui l\u00f2ng nh\u1eadp s\u1ed1 \u0111i\u1ec7n tho\u1ea1i c\u1ee7a b\u1ea1n theo \u0111\u1ecbnh d\u1ea1ng &quot;000-0000-0000&quot;.\n\t\t\t\t\t<\/p>\n\t\t\t\t<\/td>\n\t\t\t<\/tr>\n\t\t\t<tr>\n\t\t\t\t<th scope=\"row\">\n\t\t\t\t\t<div class=\"ftitle\">\n\t\t\t\t\t\t<p><br \/>\n<label for=\"email25\"><br \/>\n\u0111i\u0323a chi\u0309 email<span class=\"required-srt\"><strong>Y\u00eau c\u1ea7u<\/strong><\/span><br \/>\n<span class=\"visually-hidden\">Vui l\u00f2ng nh\u1eadp \u0111\u1ecba ch\u1ec9 email c\u1ee7a b\u1ea1n theo \u0111\u1ecbnh d\u1ea1ng example@example.com.<\/span><br \/>\n<\/label>\n\t\t\t\t\t\t<\/p>\n\t\t\t\t\t<\/div>\n\t\t\t\t<\/th>\n\t\t\t\t<td>\n\t\t\t\t\t<p><span class=\"wpcf7-form-control-wrap\" data-name=\"email25\"><input size=\"40\" maxlength=\"400\" class=\"wpcf7-form-control wpcf7-email wpcf7-validates-as-required wpcf7-text wpcf7-validates-as-email\" id=\"email25\" autocomplete=\"email\" aria-required=\"true\" aria-invalid=\"false\" value=\"\" type=\"email\" name=\"email25\" \/><\/span>\n\t\t\t\t\t<\/p>\n\t\t\t\t<\/td>\n\t\t\t<\/tr>\n\t\t\t<tr>\n\t\t\t\t<th scope=\"row\">\n\t\t\t\t\t<div class=\"ftitle\">\n\t\t\t\t\t\t<p><br \/>\n<label for=\"textarea-25\"><br \/>\nChi ti\u1ebft y\u00eau c\u1ea7u<span class=\"required-srt\"><strong>Y\u00eau c\u1ea7u<\/strong><\/span><br \/>\n<\/label>\n\t\t\t\t\t\t<\/p>\n\t\t\t\t\t<\/div>\n\t\t\t\t<\/th>\n\t\t\t\t<td>\n\t\t\t\t\t<p><span class=\"wpcf7-form-control-wrap\" data-name=\"textarea-25\"><textarea cols=\"40\" rows=\"10\" maxlength=\"2000\" class=\"wpcf7-form-control wpcf7-textarea wpcf7-validates-as-required\" id=\"textarea-25\" autocomplete=\"off\" aria-required=\"true\" aria-invalid=\"false\" name=\"textarea-25\"><\/textarea><\/span>\n\t\t\t\t\t<\/p>\n\t\t\t\t<\/td>\n\t\t\t<\/tr>\n\t\t<\/tbody>\n\t<\/table>\n\t<div class=\"pad20\">\n\t\t<p><strong>\u30fbXin l\u01b0u \u00fd r\u1eb1ng c\u00f3 th\u1ec3 m\u1ea5t v\u00e0i ng\u00e0y \u0111\u1ec3 nh\u1eadn \u0111\u01b0\u1ee3c ph\u1ea3n h\u1ed3i.<\/strong>\n\t\t<\/p>\n\t\t<p><strong>\u30fbC\u00f3 nh\u1eefng tr\u01b0\u1eddng h\u1ee3p email c\u00f3 th\u1ec3 kh\u00f4ng \u0111\u1ebfn \u0111\u01b0\u1ee3c qua email c\u1ee7a nh\u00e0 m\u1ea1ng di \u0111\u1ed9ng. N\u1ebfu b\u1ea1n kh\u00f4ng nh\u1eadn \u0111\u01b0\u1ee3c email trong v\u00f2ng 3 ng\u00e0y l\u00e0m vi\u1ec7c, ch\u00fang t\u00f4i xin l\u1ed7i v\u00ec s\u1ef1 b\u1ea5t ti\u1ec7n n\u00e0y.<br \/>\nVui l\u00f2ng vi\u1ebft &quot;T\u00f4i ch\u01b0a nh\u1eadn \u0111\u01b0\u1ee3c ph\u1ea3n h\u1ed3i&quot; v\u00e0 li\u00ean h\u1ec7 l\u1ea1i v\u1edbi ch\u00fang t\u00f4i b\u1eb1ng m\u1eabu n\u00e0y.<\/strong>\n\t\t<\/p>\n\t<\/div>\n\t<div class=\"pad20\">\n\t\t<div class=\"js-mw-checkbox\">\n\t\t\t<p><span class=\"wpcf7-form-control-wrap\" data-name=\"acceptance-889\"><span class=\"wpcf7-form-control wpcf7-acceptance\"><span class=\"wpcf7-list-item\"><label><input type=\"checkbox\" name=\"acceptance-889\" value=\"1\" aria-invalid=\"false\" \/><span class=\"wpcf7-list-item-label\">Ki\u1ec3m tra ch\u00ednh s\u00e1ch b\u1ea3o m\u1eadt<\/span><\/label><\/span><\/span><\/span>\n\t\t\t<\/p>\n\t\t\t<p><a href=\"\/privacy-policy\" target=\"_blank\" rel=\"noopener\" style=\"padding-left:48px;\"><br \/>\nCh\u00ednh s\u00e1ch b\u1ea3o m\u1eadt (m\u1edf trong c\u1eeda s\u1ed5 m\u1edbi)<br \/>\n<\/a>\n\t\t\t<\/p>\n\t\t<\/div>\n\t\t<div class=\"submit-btn\">\n\t\t\t<p><input class=\"wpcf7-form-control wpcf7-submit has-spinner\" type=\"submit\" value=\"g\u1eedi\" \/>\n\t\t\t<\/p>\n\t\t<\/div>\n\t<\/div>\n<\/section><input type='hidden' class='wpcf7-pum' value='{\"closepopup\":false,\"closedelay\":0,\"openpopup\":false,\"openpopup_id\":0}' \/><div class=\"wpcf7-response-output\" aria-hidden=\"true\"><\/div>\n<input type=\"hidden\" name=\"trp-form-language\" value=\"vi\"\/><\/form>\n<\/div>\n<\/div>\n<\/div>\n<\/div>\n<\/article>\n<p><\/main><\/p>","protected":false},"excerpt":{"rendered":"<p>\u8a8d\u77e5\u75c7\u4ecb\u8b77\u57fa\u790e\u7814\u4feee\u30e9\u30fc\u30cb\u30f3\u30b0\u306e\u304a\u554f\u5408\u305b \u8a8d\u77e5\u75c7\u4ecb\u8b77\u57fa\u790e\u7814\u4feee\u30e9\u30fc\u30cb\u30f3\u30b0\u306b\u95a2\u3059\u308b\u304a\u554f\u5408\u305b\u306f\u3001\u4e0b\u8a18\u30d5\u30a9\u30fc\u30e0\u3088\u308a\u3054 [&hellip;]<\/p>\n","protected":false},"author":1,"featured_media":0,"parent":0,"menu_order":-2,"comment_status":"closed","ping_status":"closed","template":"","meta":{"_acf_changed":false,"_monsterinsights_skip_tracking":false,"_monsterinsights_sitenote_active":false,"_monsterinsights_sitenote_note":"","_monsterinsights_sitenote_category":0,"footnotes":""},"class_list":["post-5486","page","type-page","status-publish","hentry"],"acf":[],"_links":{"self":[{"href":"https:\/\/kiso-elearning.jp\/vi\/wp-json\/wp\/v2\/pages\/5486","targetHints":{"allow":["GET"]}}],"collection":[{"href":"https:\/\/kiso-elearning.jp\/vi\/wp-json\/wp\/v2\/pages"}],"about":[{"href":"https:\/\/kiso-elearning.jp\/vi\/wp-json\/wp\/v2\/types\/page"}],"author":[{"embeddable":true,"href":"https:\/\/kiso-elearning.jp\/vi\/wp-json\/wp\/v2\/users\/1"}],"replies":[{"embeddable":true,"href":"https:\/\/kiso-elearning.jp\/vi\/wp-json\/wp\/v2\/comments?post=5486"}],"version-history":[{"count":7,"href":"https:\/\/kiso-elearning.jp\/vi\/wp-json\/wp\/v2\/pages\/5486\/revisions"}],"predecessor-version":[{"id":7068,"href":"https:\/\/kiso-elearning.jp\/vi\/wp-json\/wp\/v2\/pages\/5486\/revisions\/7068"}],"wp:attachment":[{"href":"https:\/\/kiso-elearning.jp\/vi\/wp-json\/wp\/v2\/media?parent=5486"}],"curies":[{"name":"wp","href":"https:\/\/api.w.org\/{rel}","templated":true}]}}