{"id":5241,"date":"2024-12-30T10:19:48","date_gmt":"2024-12-30T01:19:48","guid":{"rendered":"https:\/\/kiso-elearning.jp\/?page_id=5241"},"modified":"2025-11-27T22:45:36","modified_gmt":"2025-11-27T13:45:36","slug":"xac-nhan-xem","status":"publish","type":"page","link":"https:\/\/kiso-elearning.jp\/vi\/viewing-confirmation\/","title":{"rendered":"X\u00e1c nh\u1eadn xem video"},"content":{"rendered":"<p><main class=\"sub procedure\" id=\"maincontent\"><\/p>\n<article>\n<section class=\"block-header\" id=\"elreadid1\">\n<div class=\"c-cont-inner\">\n<h1 class=\"fs330\">X\u00e1c nh\u1eadn xem video<\/h1>\n<div class=\"headlead\">\n<h2>M\u00f4i tr\u01b0\u1eddng ho\u1ea1t \u0111\u1ed9ng video<\/h2>\n<p>C\u00e1c thi\u1ebft b\u1ecb \u0111\u1ee7 \u0111i\u1ec1u ki\u1ec7n \u0111\u1ec3 tham gia kh\u00f3a h\u1ecdc bao g\u1ed3m m\u00e1y t\u00ednh, m\u00e1y t\u00ednh b\u1ea3ng v\u00e0 \u0111i\u1ec7n tho\u1ea1i th\u00f4ng minh \u0111\u00e1p \u1ee9ng \u0111\u01b0\u1ee3c y\u00eau c\u1ea7u t\u1ed1i thi\u1ec3u v\u1ec1 m\u00f4i tr\u01b0\u1eddng v\u00e0 \u0111ang s\u1eed d\u1ee5ng c\u00e1c tr\u00ecnh duy\u1ec7t t\u01b0\u01a1ng th\u00edch sau (khuy\u1ebfn ngh\u1ecb s\u1eed d\u1ee5ng phi\u00ean b\u1ea3n m\u1edbi nh\u1ea5t).<\/p>\n<p>Ngay c\u1ea3 khi b\u1ea1n \u0111\u00e1p \u1ee9ng \u0111\u01b0\u1ee3c \u0111i\u1ec1u ki\u1ec7n m\u00f4i tr\u01b0\u1eddng y\u00eau c\u1ea7u, b\u1ea1n v\u1eabn c\u00f3 th\u1ec3 kh\u00f4ng xem \u0111\u01b0\u1ee3c b\u00ecnh th\u01b0\u1eddng do t\u1ed1c \u0111\u1ed9 k\u1ebft n\u1ed1i internet kh\u00f4ng \u0111\u1ee7 ho\u1eb7c b\u1ecb t\u1eafc ngh\u1ebdn.<br \/>\n            <br \/>Xin l\u01b0u \u00fd r\u1eb1ng ho\u1ea1t \u0111\u1ed9ng n\u00e0y kh\u00f4ng \u0111\u01b0\u1ee3c \u0111\u1ea3m b\u1ea3o trong m\u1ecdi m\u00f4i tr\u01b0\u1eddng.<\/p>\n<\/p><\/div>\n<\/p><\/div>\n<\/section>\n<div class=\"c-cont-inner breadtbext\" style=\"clear:none;\"><ul aria-label=\"v\u1ee5n b\u00e1nh m\u00ec\"><\/ul><\/div>\n<div class=\"block01\" id=\"elreadid2\">\n<div class=\"c-cont-inner procedure-check\">\n<table>\n<tr>\n<th>M\u00f4i tr\u01b0\u1eddng c\u1ea7n thi\u1ebft <\/th>\n<td><span>:<\/span>Tr\u00ecnh duy\u1ec7t t\u01b0\u01a1ng th\u00edch v\u1edbi HTML5 v\u00e0 h\u1ed7 tr\u1ee3 JavaScript<\/td>\n<\/tr>\n<tr>\n<th>th\u01b0 t\u1eeb<br class=\"pc-none\">tr\u00ecnh duy\u1ec7t<span class=\"sup-1\">*<\/span><\/th>\n<td><span>:<\/span>tham kh\u1ea3o nh\u1eefng \u0111i\u1ec1u sau \u0111\u00e2y<\/td>\n<\/tr>\n<\/table>\n<p>Tr\u00ecnh duy\u1ec7t l\u00e0 m\u1ed9t ph\u1ea7n m\u1ec1m \u0111\u01b0\u1ee3c s\u1eed d\u1ee5ng \u0111\u1ec3 xem c\u00e1c trang web. Ph\u1ea7n m\u1ec1m b\u1ea1n s\u1eed d\u1ee5ng \u0111\u1ec3 xem trang n\u00e0y \u0111\u01b0\u1ee3c g\u1ecdi l\u00e0 &quot;tr\u00ecnh duy\u1ec7t&quot;.<\/p>\n<div class=\"checkbrowser\">\n<div class=\"checkbrowser-1\" aria-label=\"C\u00f3, b\u1ea1n c\u00f3 th\u1ec3 xem n\u00f3.\">\n<h3 class=\"maruh3 rs-skip\"><span>\u25cb<\/span>B\u1ea1n c\u00f3 th\u1ec3 xem n\u00f3<\/h3>\n<figure><img decoding=\"async\" src=\"\/wp-content\/themes\/kiso-elearning\/images\/usage\/browser.webp\" alt=\"Google Chrome, Microsoft Edge, Safari, Firefox\"><\/figure>\n<\/p><\/div>\n<div class=\"checkbrowser-2\" aria-label=\"Xin l\u1ed7i, t\u00f4i kh\u00f4ng th\u1ec3 xem \u0111\u01b0\u1ee3c.\">\n<h3 class=\"batuh3 rs-skip\"><span>\u00d7<\/span>Kh\u00f4ng th\u1ec3 xem \u0111\u01b0\u1ee3c<\/h3>\n<figure><img decoding=\"async\" src=\"\/wp-content\/themes\/kiso-elearning\/images\/usage\/explorer.webp\" alt=\"Tr\u00ecnh duy\u1ec7t Internet Explorer\"><\/figure>\n<\/p><\/div>\n<\/p><\/div>\n<div class=\"viewingcheck\">\n<p aria-label=\"Th\u1eed ph\u00e1t l\u1ea1i v\u1edbi video m\u1eabu. Nh\u1ea5p v\u00e0o \u0111\u00e2y s\u1ebd m\u1edf trang video m\u1eabu trong m\u1ed9t tab m\u1edbi.\"><a href=\"https:\/\/dcnet.marutto.biz\/e-learning\/exercises\/learningExecMovieSample\" target=\"_blank\" class=\"rs_skip\">Ki\u1ec3m tra ph\u00e1t l\u1ea1i v\u1edbi video m\u1eabu<\/a><\/p>\n<\/div><\/div>\n<\/p><\/div>\n<\/article>\n<p><\/main><\/p>","protected":false},"excerpt":{"rendered":"<p>\u52d5\u753b\u8996\u8074\u78ba\u8a8d \u52d5\u753b\u306e\u52d5\u4f5c\u74b0\u5883\u306b\u3064\u3044\u3066 \u3000\u53d7\u8b1b\u3067\u304d\u308b\u7aef\u672b\u306f\u3001\u5fc5\u9808\u74b0\u5883\u3092\u6e80\u305f\u3057\u305f\u30d1\u30bd\u30b3\u30f3\u3001\u5404\u7a2e\u30bf\u30d6\u30ec\u30c3\u30c8\u3001\u30b9\u30de\u30fc\u30c8 [&hellip;]<\/p>\n","protected":false},"author":1,"featured_media":0,"parent":0,"menu_order":-1,"comment_status":"closed","ping_status":"closed","template":"","meta":{"_acf_changed":false,"_monsterinsights_skip_tracking":false,"_monsterinsights_sitenote_active":false,"_monsterinsights_sitenote_note":"","_monsterinsights_sitenote_category":0,"footnotes":""},"class_list":["post-5241","page","type-page","status-publish","hentry"],"acf":[],"_links":{"self":[{"href":"https:\/\/kiso-elearning.jp\/vi\/wp-json\/wp\/v2\/pages\/5241","targetHints":{"allow":["GET"]}}],"collection":[{"href":"https:\/\/kiso-elearning.jp\/vi\/wp-json\/wp\/v2\/pages"}],"about":[{"href":"https:\/\/kiso-elearning.jp\/vi\/wp-json\/wp\/v2\/types\/page"}],"author":[{"embeddable":true,"href":"https:\/\/kiso-elearning.jp\/vi\/wp-json\/wp\/v2\/users\/1"}],"replies":[{"embeddable":true,"href":"https:\/\/kiso-elearning.jp\/vi\/wp-json\/wp\/v2\/comments?post=5241"}],"version-history":[{"count":5,"href":"https:\/\/kiso-elearning.jp\/vi\/wp-json\/wp\/v2\/pages\/5241\/revisions"}],"predecessor-version":[{"id":7203,"href":"https:\/\/kiso-elearning.jp\/vi\/wp-json\/wp\/v2\/pages\/5241\/revisions\/7203"}],"wp:attachment":[{"href":"https:\/\/kiso-elearning.jp\/vi\/wp-json\/wp\/v2\/media?parent=5241"}],"curies":[{"name":"wp","href":"https:\/\/api.w.org\/{rel}","templated":true}]}}