{"id":5239,"date":"2024-12-29T17:36:15","date_gmt":"2024-12-29T08:36:15","guid":{"rendered":"https:\/\/kiso-elearning.jp\/?page_id=5239"},"modified":"2025-11-27T16:05:09","modified_gmt":"2025-11-27T07:05:09","slug":"quy-trinh-su-dung","status":"publish","type":"page","link":"https:\/\/kiso-elearning.jp\/vi\/usage-procedure\/","title":{"rendered":"Quy tr\u00ecnh s\u1eed d\u1ee5ng e-learning"},"content":{"rendered":"<p><main class=\"sub procedure\" id=\"maincontent\"><\/p>\n<style>\n  figure { position: relative; display: inline-block; }\n  figure img {\n    display: block;\n    width: 100%;\n    height: auto;\n  }\n  \/* SVG \u3092\u540c\u3058\u4f4d\u7f6e\u30fb\u30b5\u30a4\u30ba\u306b\u91cd\u306d\u308b *\/\n  figure svg {\n    position: absolute;\n    top: 0; left: 0;\n    width: 100%;\n    height: 100%;\n    pointer-events: none; \/* \u30c7\u30d5\u30a9\u30eb\u30c8\u3067 svg \u81ea\u4f53\u306f\u30af\u30ea\u30c3\u30af\u3092\u900f\u904e *\/\n  }\n  \/* <a> \u5185\u3060\u3051 pointer-events \u3092\u6709\u52b9\u5316 *\/\n  figure svg a { pointer-events: all; }\n  \/* \u30db\u30c3\u30c8\u30b9\u30dd\u30c3\u30c8\u306e\u77e9\u5f62 *\/\n  .hotspot,.hotspot2 {\n    fill: transparent;\n    stroke: transparent;\n    stroke-width: 4;\n    transition: stroke 0.2s;\n  }\n  .hotspot:hover {\n    stroke: #170e94; \/* \u7d3a\u8272\u67a0\u7dda *\/\n  }\n.hotspot2:hover {\n    stroke: #f55f02;; \/* \u30aa\u30ec\u30f3\u30b8\u306e\u67a0\u7dda *\/\n  }\n<\/style>\n<article>\n<section class=\"block-header\" id=\"elreadid1\">\n<div class=\"c-cont-inner\">\n<h1 class=\"fs330\">Quy tr\u00ecnh s\u1eed d\u1ee5ng e-learning<\/h1>\n<ul class=\"flx-box\"\u3000style=\"list-style: none;\">\n<li>\n<div class=\"arialink-box\">\n                  <a href=\"\/municipalitylist\/#anc01\" aria-label=\"Khu v\u1ef1c m\u00e0 Trung t\u00e2m Sendai l\u00e0 qu\u1ea7y l\u1ec5 t\u00e2n. Nh\u1ea5n v\u00e0o \u0111\u00e2y \u0111\u1ec3 li\u00ean k\u1ebft \u0111\u1ebfn danh s\u00e1ch khu v\u1ef1c. H\u1ecdc ph\u00ed: 3.000 y\u00ean m\u1ed7i ng\u01b0\u1eddi (\u0111\u00e3 bao g\u1ed3m thu\u1ebf)\"><\/p>\n<div class=\"arialink-box-blue\">\n<p class=\"rs_skip font-big\">\n                        <span>Trung t\u00e2m Sendai<\/span>\n                      <\/p>\n<p class=\"rs_skip font-midle\">-<\/p>\n<\/p><\/div>\n<div class=\"arialink-box-white\">\n<div class=\"arialink-box-sub-blue\">h\u1ecdc ph\u00ed <\/div>\n<p>3.000 y\u00ean m\u1ed7i ng\u01b0\u1eddi (\u0111\u00e3 bao g\u1ed3m thu\u1ebf)<\/p>\n<\/p><\/div>\n<p>                  <\/a>\n                <\/div>\n<\/li>\n<li>\n<div class=\"arialink-box\">\n                  <a href=\"\/municipalitylist\/#anc02\" aria-label=\"C\u00e1c khu v\u1ef1c c\u00f3 qu\u1ea7y l\u1ec5 t\u00e2n ngo\u00e0i Trung t\u00e2m Sendai. Nh\u1ea5p \u0111\u1ec3 li\u00ean k\u1ebft t\u1edbi danh s\u00e1ch \u0111\u1ecba ph\u01b0\u01a1ng. H\u1ecdc ph\u00ed v\u00e0 ph\u01b0\u01a1ng th\u1ee9c thanh to\u00e1n. Vui l\u00f2ng ki\u1ec3m tra v\u1edbi t\u1eebng t\u1ed5 ch\u1ee9c.\"><\/p>\n<div class=\"arialink-box-pink\">\n<p class=\"rs_skip font-big\">\n                        <span>Ngo\u00e0i Trung t\u00e2m Sendai<\/span>\n                      <\/p>\n<p class=\"rs_skip font-midle\">-<\/p>\n<\/p><\/div>\n<div class=\"arialink-box-white\">\n<div class=\"arialink-box-sub-pink\">H\u1ecdc ph\u00ed v\u00e0 ph\u01b0\u01a1ng th\u1ee9c thanh to\u00e1n <\/div>\n<p>Vui l\u00f2ng ki\u1ec3m tra v\u1edbi t\u1eebng t\u1ed5 ch\u1ee9c<\/p>\n<\/p><\/div>\n<p>                  <\/a>\n                <\/div>\n<\/li>\n<\/ul><\/div>\n<\/section>\n<div class=\"c-cont-inner breadtbext\" style=\"clear:none;\"><ul aria-label=\"v\u1ee5n b\u00e1nh m\u00ec\"><\/ul>\n    <\/div>\n<div class=\"block01\" id=\"elreadid2\">\n<div class=\"c-cont-inner content-page-margin\">\n     <!-- PC\u7528\u753b\u50cf --><\/p>\n<figure class=\"sp-none\">\n<div id=\"flow-desc\" class=\"visually-hidden\">\n<ol>\n<li>\n            B\u01af\u1edaC 1 \u0110\u0103ng k\u00fd th\u00e0nh l\u1eadp doanh nghi\u1ec7p (ng\u01b0\u1eddi qu\u1ea3n l\u00fd c\u01a1 s\u1edf kinh doanh)<\/p>\n<p>(Nh\u1eefng \u0111i\u1ec1u sau \u0111\u00e2y ch\u1ec9 b\u1eaft bu\u1ed9c \u0111\u1ed1i v\u1edbi nh\u1eefng khu v\u1ef1c c\u00f3 qu\u1ea7y l\u1ec5 t\u00e2n l\u00e0 Trung t\u00e2m Sendai)<\/p>\n<ol>\n<li>B\u01af\u1edaC 1: \u0110\u1eb7t m\u1eadt kh\u1ea9u doanh nghi\u1ec7p<\/li>\n<li>B\u01af\u1edaC 2 Mua kh\u00f3a c\u1ea5p ph\u00e9p<\/li>\n<li>B\u01af\u1edaC 3: Th\u00f4ng b\u00e1o cho h\u1ecdc vi\u00ean m\u1ee5c ti\u00eau v\u1ec1 kh\u00f3a c\u1ea5p ph\u00e9p (b\u1eaft bu\u1ed9c khi thanh to\u00e1n h\u1ecdc ph\u00ed)<\/li>\n<\/ol>\n<\/li>\n<li>B\u01af\u1edaC 2 \u0110\u0103ng k\u00fd ng\u01b0\u1eddi tham gia<\/li>\n<li>B\u01af\u1edaC 3 Thanh to\u00e1n h\u1ecdc ph\u00ed (\u0111\u0103ng k\u00fd kh\u00f3a c\u1ea5p ph\u00e9p)<\/li>\n<li>B\u01af\u1edaC 4 B\u1eaft \u0111\u1ea7u tham gia kh\u00f3a h\u1ecdc<\/li>\n<li>B\u01af\u1edaC 5 In ch\u1ee9ng ch\u1ec9 c\u1ee7a b\u1ea1n (tr\u1eeb T\u1ec9nh Iwate)<\/li>\n<\/ol><\/div>\n<p>      <img decoding=\"async\" src=\"\/wp-content\/themes\/kiso-elearning\/images\/usage\/usageflowpc-vi.webp\" alt=\"\" ><br \/>\n      <svg viewbox=\"0 0 1185 917\" xmlns=\"http:\/\/www.w3.org\/2000\/svg\">\n    <!-- 1&#xfe0f;&#x20e3; #step1 -->\n    <a href=\"\/three-step\/#step1\" aria-label=\"B\u01b0\u1edbc 1: \u0110\u0103ng k\u00fd doanh nghi\u1ec7p c\u1ee7a b\u1ea1n. Nh\u1ea5p v\u00e0o \u0111\u00e2y \u0111\u1ec3 bi\u1ebft chi ti\u1ebft.\">\n      <rect class=\"hotspot\" x=\"22\" y=\"330\" width=\"153\" height=\"35\" \/>\n    <\/a><\/p>\n<p>    <!-- 2&#xfe0f;&#x20e3; what-license-key -->\n    <a href=\"\/2023\/08\/what-license-key\/\" aria-label=\"Kh\u00f3a c\u1ea5p ph\u00e9p l\u00e0 g\u00ec? Nh\u1ea5p v\u00e0o \u0111\u00e2y \u0111\u1ec3 bi\u1ebft chi ti\u1ebft\">\n      <rect class=\"hotspot\" x=\"31\" y=\"536\" width=\"355\" height=\"25\" \/>\n    <\/a><\/p>\n<p>    <!-- 3&#xfe0f;&#x20e3; \/payment-step\/#step1 -->\n    <a href=\"\/payment-step\/#step1\" aria-label=\"B\u01b0\u1edbc 1: \u0110\u1eb7t m\u1eadt kh\u1ea9u doanh nghi\u1ec7p. Nh\u1ea5p v\u00e0o \u0111\u00e2y \u0111\u1ec3 bi\u1ebft chi ti\u1ebft.\">\n      <rect class=\"hotspot2\" x=\"41\" y=\"840\" width=\"155\" height=\"35\" \/>\n    <\/a><\/p>\n<p>    <!-- 4&#xfe0f;&#x20e3; \/payment-step\/#step2 -->\n    <a href=\"\/payment-step\/#step2\" aria-label=\"B\u01b0\u1edbc 2: Mua kh\u00f3a c\u1ea5p ph\u00e9p. Nh\u1ea5p v\u00e0o \u0111\u00e2y \u0111\u1ec3 bi\u1ebft chi ti\u1ebft.\">\n      <rect class=\"hotspot2\" x=\"226\" y=\"840\" width=\"155\" height=\"35\" \/>\n    <\/a><\/p>\n<p>    <!-- 5&#xfe0f;&#x20e3; \/payment-step\/#step3 -->\n    <a href=\"\/payment-step\/#step3\" aria-label=\"B\u01b0\u1edbc 3: Th\u00f4ng b\u00e1o cho h\u1ecdc vi\u00ean m\u1ee5c ti\u00eau v\u1ec1 kh\u00f3a c\u1ea5p ph\u00e9p. Nh\u1ea5p v\u00e0o \u0111\u00e2y \u0111\u1ec3 bi\u1ebft chi ti\u1ebft.\">\n      <rect class=\"hotspot2\" x=\"502\" y=\"840\" width=\"155\" height=\"35\" \/>\n    <\/a><\/p>\n<p>    <!-- 6&#xfe0f;&#x20e3; #step2 -->\n    <a href=\"\/three-step\/#step2\" aria-label=\"B\u01b0\u1edbc 2: \u0110\u0103ng k\u00fd cho h\u1ecdc sinh. Nh\u1ea5p v\u00e0o \u0111\u00e2y \u0111\u1ec3 bi\u1ebft chi ti\u1ebft.\">\n      <rect class=\"hotspot\" x=\"269\" y=\"330\" width=\"155\" height=\"35\" \/>\n    <\/a><\/p>\n<p>    <!-- 7&#xfe0f;&#x20e3; #step3 -->\n    <a href=\"\/three-step\/#step3\" aria-label=\"B\u01b0\u1edbc 3: Thanh to\u00e1n h\u1ecdc ph\u00ed. Nh\u1ea5p v\u00e0o \u0111\u00e2y \u0111\u1ec3 bi\u1ebft chi ti\u1ebft.\">\n      <rect class=\"hotspot\" x=\"522\" y=\"330\" width=\"155\" height=\"35\" \/>\n    <\/a><\/p>\n<p>    <!-- 8&#xfe0f;&#x20e3; #step4 -->\n    <a href=\"\/three-step\/#step4\" aria-label=\"B\u01b0\u1edbc 4: B\u1eaft \u0111\u1ea7u h\u1ecdc kh\u00f3a h\u1ecdc. Nh\u1ea5p v\u00e0o \u0111\u00e2y \u0111\u1ec3 bi\u1ebft chi ti\u1ebft.\">\n      <rect class=\"hotspot\" x=\"771\" y=\"330\" width=\"155\" height=\"35\" \/>\n    <\/a><\/p>\n<p>    <!-- 9&#xfe0f;&#x20e3; #step5 -->\n    <a href=\"\/three-step\/#step5\" aria-label=\"B\u01b0\u1edbc 5: In ch\u1ee9ng ch\u1ec9 c\u1ee7a b\u1ea1n (tr\u1eeb T\u1ec9nh Iwate) Nh\u1ea5p v\u00e0o \u0111\u00e2y \u0111\u1ec3 bi\u1ebft chi ti\u1ebft\">\n      <rect class=\"hotspot\" x=\"1020\" y=\"330\" width=\"155\" height=\"35\" \/>\n    <\/a>\n  <\/svg><br \/>\n    <\/figure>\n<figure class=\"rs_skip pc-none\">\n<div id=\"flow-desc\" class=\"visually-hidden\">\n<ol>\n<li>\n            B\u01af\u1edaC 1 \u0110\u0103ng k\u00fd th\u00e0nh l\u1eadp doanh nghi\u1ec7p (ng\u01b0\u1eddi qu\u1ea3n l\u00fd c\u01a1 s\u1edf kinh doanh)<\/p>\n<p>(Nh\u1eefng \u0111i\u1ec1u sau \u0111\u00e2y ch\u1ec9 b\u1eaft bu\u1ed9c \u0111\u1ed1i v\u1edbi nh\u1eefng khu v\u1ef1c c\u00f3 qu\u1ea7y l\u1ec5 t\u00e2n l\u00e0 Trung t\u00e2m Sendai)<\/p>\n<ol>\n<li>B\u01af\u1edaC 1: \u0110\u1eb7t m\u1eadt kh\u1ea9u doanh nghi\u1ec7p<\/li>\n<li>B\u01af\u1edaC 2 Mua kh\u00f3a c\u1ea5p ph\u00e9p<\/li>\n<li>B\u01af\u1edaC 3: Th\u00f4ng b\u00e1o cho h\u1ecdc vi\u00ean m\u1ee5c ti\u00eau v\u1ec1 kh\u00f3a c\u1ea5p ph\u00e9p (b\u1eaft bu\u1ed9c khi thanh to\u00e1n h\u1ecdc ph\u00ed)<\/li>\n<\/ol>\n<\/li>\n<li>B\u01af\u1edaC 2 \u0110\u0103ng k\u00fd ng\u01b0\u1eddi tham gia<\/li>\n<li>B\u01af\u1edaC 3 Thanh to\u00e1n h\u1ecdc ph\u00ed (\u0111\u0103ng k\u00fd kh\u00f3a c\u1ea5p ph\u00e9p)<\/li>\n<li>B\u01af\u1edaC 4 B\u1eaft \u0111\u1ea7u tham gia kh\u00f3a h\u1ecdc<\/li>\n<li>B\u01af\u1edaC 5 In ch\u1ee9ng ch\u1ec9 c\u1ee7a b\u1ea1n (tr\u1eeb T\u1ec9nh Iwate)<\/li>\n<\/ol><\/div>\n<p>      <img decoding=\"async\" src=\"\/wp-content\/themes\/kiso-elearning\/images\/usage\/usageflowsp-vi.webp\" usemap=\"#usageflowspMap\" alt=\"\"><br \/>\n      <svg viewbox=\"0 0 760 1222\" xmlns=\"http:\/\/www.w3.org\/2000\/svg\">\n    <!-- 1&#xfe0f;&#x20e3; #step1 -->\n    <a href=\"\/three-step\/#step1\" aria-label=\"B\u01b0\u1edbc 1: \u0110\u0103ng k\u00fd doanh nghi\u1ec7p c\u1ee7a b\u1ea1n. Nh\u1ea5p v\u00e0o \u0111\u00e2y \u0111\u1ec3 bi\u1ebft chi ti\u1ebft.\">\n      <rect class=\"hotspot\" x=\"16\" y=\"20\" width=\"217\" height=\"350\" \/>\n    <\/a><\/p>\n<p>    <!-- 2&#xfe0f;&#x20e3; what-license-key -->\n    <a href=\"\/2023\/08\/what-license-key\/\" aria-label=\"Kh\u00f3a c\u1ea5p ph\u00e9p l\u00e0 g\u00ec? Nh\u1ea5p v\u00e0o \u0111\u00e2y \u0111\u1ec3 bi\u1ebft chi ti\u1ebft\">\n      <rect class=\"hotspot\" x=\"42\" y=\"528\" width=\"410\" height=\"41\" \/>\n    <\/a><\/p>\n<p>    <!-- 3&#xfe0f;&#x20e3; \/payment-step\/#step1 -->\n    <a href=\"\/payment-step\/#step1\" aria-label=\"B\u01b0\u1edbc 1: \u0110\u1eb7t m\u1eadt kh\u1ea9u doanh nghi\u1ec7p. Nh\u1ea5p v\u00e0o \u0111\u00e2y \u0111\u1ec3 bi\u1ebft chi ti\u1ebft.\">\n      <rect class=\"hotspot2\" x=\"42\" y=\"580\" width=\"178\" height=\"244\" \/>\n    <\/a><\/p>\n<p>    <!-- 4&#xfe0f;&#x20e3; \/payment-step\/#step2 -->\n    <a href=\"\/payment-step\/#step2\"  aria-label=\"B\u01b0\u1edbc 2: Mua kh\u00f3a c\u1ea5p ph\u00e9p. Nh\u1ea5p v\u00e0o \u0111\u00e2y \u0111\u1ec3 bi\u1ebft chi ti\u1ebft.\">\n      <rect class=\"hotspot2\" x=\"239\" y=\"580\" width=\"178\" height=\"244\" \/>\n    <\/a><\/p>\n<p>    <!-- 5&#xfe0f;&#x20e3; \/payment-step\/#step3 -->\n    <a href=\"\/payment-step\/#step3\" aria-label=\"B\u01b0\u1edbc 3: Th\u00f4ng b\u00e1o cho h\u1ecdc vi\u00ean m\u1ee5c ti\u00eau v\u1ec1 kh\u00f3a c\u1ea5p ph\u00e9p. Nh\u1ea5p v\u00e0o \u0111\u00e2y \u0111\u1ec3 bi\u1ebft chi ti\u1ebft.\">\n      <rect class=\"hotspot2\" x=\"537\" y=\"580\" width=\"178\" height=\"244\" \/>\n    <\/a><\/p>\n<p>    <!-- 6&#xfe0f;&#x20e3; #step2 -->\n    <a href=\"\/three-step\/#step2\" aria-label=\"B\u01b0\u1edbc 2: \u0110\u0103ng k\u00fd cho h\u1ecdc sinh. Nh\u1ea5p v\u00e0o \u0111\u00e2y \u0111\u1ec3 bi\u1ebft chi ti\u1ebft.\">\n      <rect class=\"hotspot\" x=\"305\" y=\"20\" width=\"215\" height=\"350\" \/>\n    <\/a><\/p>\n<p>    <!-- 7&#xfe0f;&#x20e3; #step3 -->\n    <a href=\"\/three-step\/#step3\" aria-label=\"B\u01b0\u1edbc 3: Thanh to\u00e1n h\u1ecdc ph\u00ed. Nh\u1ea5p v\u00e0o \u0111\u00e2y \u0111\u1ec3 bi\u1ebft chi ti\u1ebft.\">\n      <rect class=\"hotspot\" x=\"543\" y=\"20\" width=\"215\" height=\"350\" \/>\n    <\/a><\/p>\n<p>    <!-- 8&#xfe0f;&#x20e3; #step4 -->\n    <a href=\"\/three-step\/#step4\" aria-label=\"B\u01b0\u1edbc 4: B\u1eaft \u0111\u1ea7u h\u1ecdc kh\u00f3a h\u1ecdc. Nh\u1ea5p v\u00e0o \u0111\u00e2y \u0111\u1ec3 bi\u1ebft chi ti\u1ebft.\">\n      <rect class=\"hotspot\" x=\"1\" y=\"891\" width=\"351\" height=\"326\" \/>\n    <\/a><\/p>\n<p>    <!-- 9&#xfe0f;&#x20e3; #step5 -->\n    <a href=\"\/three-step\/#step5\" aria-label=\"B\u01b0\u1edbc 5: In ch\u1ee9ng ch\u1ec9 c\u1ee7a b\u1ea1n (tr\u1eeb T\u1ec9nh Iwate) Nh\u1ea5p v\u00e0o \u0111\u00e2y \u0111\u1ec3 bi\u1ebft chi ti\u1ebft\">\n      <rect class=\"hotspot\" x=\"408\" y=\"891\" width=\"351\" height=\"326\" \/>\n    <\/a>\n  <\/svg><br \/>\n    <\/figure>\n<div>\n    <\/div>\n<\/p><\/div>\n<\/p><\/div>\n<\/p><\/div>\n<\/article>\n<p><\/main><\/p>","protected":false},"excerpt":{"rendered":"<p>e\u30e9\u30fc\u30cb\u30f3\u30b0\u306e\u5229\u7528\u624b\u9806 \u4ed9\u53f0\u30bb\u30f3\u30bf\u30fc\u304c \u53d7\u4ed8\u7a93\u53e3\u3068\u306a\u3063\u3066\u3044\u308b\u5730\u57df \u53d7\u8b1b\u6599 \u4e00\u4eba3,000\u5186\uff08\u7a0e\u8fbc\uff09 \u4ed9\u53f0\u30bb\u30f3\u30bf [&hellip;]<\/p>\n","protected":false},"author":1,"featured_media":0,"parent":0,"menu_order":-1,"comment_status":"closed","ping_status":"closed","template":"","meta":{"_acf_changed":false,"_monsterinsights_skip_tracking":false,"_monsterinsights_sitenote_active":false,"_monsterinsights_sitenote_note":"","_monsterinsights_sitenote_category":0,"footnotes":""},"class_list":["post-5239","page","type-page","status-publish","hentry"],"acf":[],"_links":{"self":[{"href":"https:\/\/kiso-elearning.jp\/vi\/wp-json\/wp\/v2\/pages\/5239","targetHints":{"allow":["GET"]}}],"collection":[{"href":"https:\/\/kiso-elearning.jp\/vi\/wp-json\/wp\/v2\/pages"}],"about":[{"href":"https:\/\/kiso-elearning.jp\/vi\/wp-json\/wp\/v2\/types\/page"}],"author":[{"embeddable":true,"href":"https:\/\/kiso-elearning.jp\/vi\/wp-json\/wp\/v2\/users\/1"}],"replies":[{"embeddable":true,"href":"https:\/\/kiso-elearning.jp\/vi\/wp-json\/wp\/v2\/comments?post=5239"}],"version-history":[{"count":21,"href":"https:\/\/kiso-elearning.jp\/vi\/wp-json\/wp\/v2\/pages\/5239\/revisions"}],"predecessor-version":[{"id":7192,"href":"https:\/\/kiso-elearning.jp\/vi\/wp-json\/wp\/v2\/pages\/5239\/revisions\/7192"}],"wp:attachment":[{"href":"https:\/\/kiso-elearning.jp\/vi\/wp-json\/wp\/v2\/media?parent=5239"}],"curies":[{"name":"wp","href":"https:\/\/api.w.org\/{rel}","templated":true}]}}