{"id":4350,"date":"2024-06-28T14:51:11","date_gmt":"2024-06-28T05:51:11","guid":{"rendered":"https:\/\/kiso-elearning.jp\/?page_id=4350"},"modified":"2025-10-28T19:12:20","modified_gmt":"2025-10-28T10:12:20","slug":"vi-du-cu-the","status":"publish","type":"page","link":"https:\/\/kiso-elearning.jp\/vi\/concrete-exampl\/","title":{"rendered":"V\u00ed d\u1ee5 v\u1ec1 truy c\u1eadp web"},"content":{"rendered":"<p><main class=\"sub\" id=\"maincontent\"><\/p>\n<article class=\"\">\n<section class=\"block-headerb\" id=\"elreadid1\">\n<div class=\"c-cont-inner\">\n<h1>V\u00ed d\u1ee5 v\u1ec1 truy c\u1eadp web<\/h1>\n<\/p><\/div>\n<\/section>\n<div class=\"c-cont-inner breadtbext\">\n            <ul aria-label=\"v\u1ee5n b\u00e1nh m\u00ec\"><\/ul>\n        <\/div>\n<section class=\"block01\" id=\"elreadid2\">\n<div class=\"c-cont-inner\">\n<div class=\"webacces\">\n<h2>V\u00ed d\u1ee5 c\u1ee5 th\u1ec3 v\u1ec1 vi\u1ec7c xem x\u00e9t<\/h2>\n<p>Kh\u1ea3 n\u0103ng truy c\u1eadp web \u0111\u01b0\u1ee3c duy tr\u00ec d\u1ef1a tr\u00ean Ti\u00eau chu\u1ea9n C\u00f4ng nghi\u1ec7p Nh\u1eadt B\u1ea3n JIS X 8341-3:2016. Ngo\u00e0i nh\u1eefng n\u1ed7 l\u1ef1c n\u00e0y, ch\u00fang t\u00f4i c\u0169ng \u0111\u00e3 c\u00e0i \u0111\u1eb7t nh\u1eefng th\u1ee9 sau:<\/p>\n<ul>\n<li>1.V\u1ec1 vi\u1ec7c \u0111\u1ecdc gi\u1ecdng n\u00f3i<\/li>\n<li>2.V\u1ec1 c\u1ee1 ch\u1eef<\/li>\n<li>3. \u0110i\u1ec1u ch\u1ec9nh m\u1ee9c \u0111\u1ed9 hi\u1ec3n th\u1ecb (c\u00f4ng c\u1ee5 chuy\u1ec3n m\u00e0u)<\/li>\n<li>4. C\u00f4ng c\u1ee5 chuy\u1ec3n \u0111\u1ed5i ngo\u1ea1i ng\u1eef<\/li>\n<\/ul>\n<h3>1.V\u1ec1 vi\u1ec7c \u0111\u1ecdc gi\u1ecdng n\u00f3i<\/h3>\n<p>\u0110\u1ec3 c\u00e2n nh\u1eafc cho ng\u01b0\u1eddi khi\u1ebfm th\u1ecb, v.v., c\u00f3 kh\u1ea3 n\u0103ng \u0111\u1ecdc \u00e2m thanh. Trang th\u00f4ng tin e-Learning Dementia Care Basic Training \u0111\u00e3 gi\u1edbi thi\u1ec7u ``Lead Speak&#039;&#039; (t\u00ean ph\u1ea7n m\u1ec1m), c\u00f3 kh\u1ea3 n\u0103ng \u0111\u1ecdc to n\u1ed9i dung c\u1ee7a trang. Khi \u0111\u1ecdc to, n\u1ebfu h\u00ecnh \u1ea3nh kh\u00f4ng ch\u1ee9a &quot;v\u0103n b\u1ea3n thay th\u1ebf&quot; th\u00ec th\u00f4ng tin trong h\u00ecnh \u1ea3nh s\u1ebd kh\u00f4ng \u0111\u01b0\u1ee3c truy\u1ec1n t\u1ea3i \u0111\u1ebfn ng\u01b0\u1eddi xem n\u00ean h\u00e3y nh\u1eadp v\u0103n b\u1ea3n thay th\u1ebf (v\u0103n b\u1ea3n \u0111\u01b0\u1ee3c \u0111\u1ecdc ra thay cho h\u00ecnh \u1ea3nh) cho h\u00ecnh \u1ea3nh. .<br \/>Ngo\u00e0i h\u00ecnh \u1ea3nh, ch\u00fang t\u00f4i c\u00f2n cung c\u1ea5p c\u00e1c gi\u1ea3i th\u00edch chi ti\u1ebft v\u1ec1 quy tr\u00ecnh t\u1ed5ng th\u1ec3 v\u00e0 \u00fd ngh\u0129a c\u1ee7a c\u00e1c ph\u1ea7n \u0111\u01b0\u1ee3c gi\u1ea3i th\u00edch b\u1eb1ng s\u01a1 \u0111\u1ed3 v\u00e0 v\u0103n b\u1ea3n \u0111\u1ec3 ngay c\u1ea3 nh\u1eefng ng\u01b0\u1eddi khi\u1ebfm th\u1ecb c\u0169ng c\u00f3 th\u1ec3 h\u00ecnh dung \u0111\u01b0\u1ee3c.<\/p>\n<figure class=\"widthdown\">\n                    <img decoding=\"async\" src=\"\/wp-content\/themes\/kiso-elearning\/images\/rei1.webp\" alt=\"Nh\u1ea5n n\u00fat &quot;\u0110\u1ecdc to&quot; trong menu \u0111\u1ea7u trang \u0111\u1ec3 hi\u1ec3n th\u1ecb b\u1ea3ng \u0111i\u1ec1u khi\u1ec3n.\"><br \/>\n                <\/figure>\n<h3>2.V\u1ec1 c\u1ee1 ch\u1eef<\/h3>\n<p>\u0110\u1ec3 c\u00e2n nh\u1eafc cho ng\u01b0\u1eddi l\u1edbn tu\u1ed5i, v.v., c\u00f3 th\u1ec3 thay \u0111\u1ed5i k\u00edch th\u01b0\u1edbc ph\u00f4ng ch\u1eef. Tr\u00ean trang th\u00f4ng tin n\u00e0y, b\u1ea1n c\u00f3 th\u1ec3 thay \u0111\u1ed5i c\u1ee1 ch\u1eef b\u1eb1ng n\u00fat thay \u0111\u1ed5i c\u1ee1 ch\u1eef tr\u00ean trang ch\u1ee7.<\/p>\n<figure class=\"widthdown\">\n                    <img decoding=\"async\" src=\"\/wp-content\/themes\/kiso-elearning\/images\/rei2.webp\" alt=\"Khi b\u1ea1n nh\u1ea5p v\u00e0o n\u00fat &quot;\u0110i\u1ec1u ch\u1ec9nh kh\u1ea3 n\u0103ng hi\u1ec3n th\u1ecb&quot; trong menu ti\u00eau \u0111\u1ec1, m\u1ed9t menu danh s\u00e1ch \u0111i\u1ec1u ch\u1ec9nh s\u1ebd xu\u1ea5t hi\u1ec7n \u1edf b\u00ean tr\u00e1i m\u00e0n h\u00ecnh. B\u1ea1n c\u00f3 th\u1ec3 \u0111i\u1ec1u ch\u1ec9nh k\u00edch th\u01b0\u1edbc ch\u1eef b\u1eb1ng c\u00e1ch s\u1eed d\u1ee5ng m\u1ee5c menu \u0111\u1ea7u ti\u00ean &quot;T\u0103ng k\u00edch th\u01b0\u1edbc ch\u1eef&quot; v\u00e0 m\u1ee5c menu th\u1ee9 hai &quot;Thu nh\u1ecf k\u00edch th\u01b0\u1edbc ch\u1eef&quot;.\"><br \/>\n                <\/figure>\n<h3>3. V\u1ec1 \u0111i\u1ec1u ch\u1ec9nh m\u1ee9c \u0111\u1ed9 hi\u1ec3n th\u1ecb (c\u00f4ng c\u1ee5 chuy\u1ec3n m\u00e0u)<\/h3>\n<p>N\u00f3 \u0111\u00e1p \u1ee9ng c\u00e1c ti\u00eau chu\u1ea9n \u0111\u1ec3 \u0111\u1ea3m b\u1ea3o kh\u1ea3 n\u0103ng hi\u1ec3n th\u1ecb v\u00e0 d\u1ec5 \u0111\u1ecdc ngay c\u1ea3 \u0111\u1ed1i v\u1edbi nh\u1eefng ng\u01b0\u1eddi b\u1ecb m\u00f9 m\u00e0u do \u0111\u1eb7c \u0111i\u1ec3m nh\u00ecn m\u00e0u c\u1ee7a h\u1ecd. &quot;\u0110i\u1ec1u ch\u1ec9nh m\u1ee9c \u0111\u1ed9 d\u1ec5 \u0111\u1ecdc&quot; l\u00e0 m\u1ed9t c\u00f4ng c\u1ee5 h\u1ed7 tr\u1ee3 kh\u1ea3 n\u0103ng \u0111\u1ecdc v\u0103n b\u1ea3n b\u1eb1ng c\u00e1ch thay \u0111\u1ed5i m\u00e0u s\u1eafc h\u01a1n n\u1eefa.<\/p>\n<figure class=\"widthdown\">\n                    <img decoding=\"async\" src=\"\/wp-content\/themes\/kiso-elearning\/images\/rei3b.webp\" alt=\"Nh\u1ea5p v\u00e0o n\u00fat &quot;\u0110i\u1ec1u ch\u1ec9nh kh\u1ea3 n\u0103ng hi\u1ec3n th\u1ecb&quot; trong menu ti\u00eau \u0111\u1ec1 s\u1ebd hi\u1ec3n th\u1ecb menu danh s\u00e1ch \u0111i\u1ec1u ch\u1ec9nh \u1edf b\u00ean tr\u00e1i m\u00e0n h\u00ecnh. Nh\u1ea5p v\u00e0o m\u1ee5c menu th\u1ee9 ba, &quot;Thang \u0111\u1ed9 x\u00e1m&quot;, s\u1ebd hi\u1ec3n th\u1ecb trang \u1edf ch\u1ebf \u0111\u1ed9 &quot;thang \u0111\u1ed9 x\u00e1m&quot;.\"><br \/>\n                <\/figure>\n<h3>4.Gi\u1edbi thi\u1ec7u v\u1ec1 c\u00f4ng c\u1ee5 chuy\u1ec3n \u0111\u1ed5i ngo\u1ea1i ng\u1eef<\/h3>\n<p>Trang th\u00f4ng tin n\u00e0y c\u00f3 ch\u1ee9c n\u0103ng chuy\u1ec3n \u0111\u1ed5i ng\u00f4n ng\u1eef \u0111\u1ec3 gi\u00fap ng\u01b0\u1eddi n\u01b0\u1edbc ngo\u00e0i l\u00e0m vi\u1ec7c t\u1ea1i c\u00e1c c\u01a1 s\u1edf ch\u0103m s\u00f3c \u0111i\u1ec1u d\u01b0\u1ee1ng c\u1ee7a Nh\u1eadt B\u1ea3n d\u1ec5 hi\u1ec3u h\u01a1n. Ch\u00fang t\u00f4i \u0111\u00e3 chu\u1ea9n b\u1ecb s\u1eb5n th\u00f4ng tin b\u1eb1ng ti\u1ebfng n\u01b0\u1edbc ngo\u00e0i (ti\u1ebfng Anh, ti\u1ebfng Trung, ti\u1ebfng Vi\u1ec7t, ti\u1ebfng Indonesia, ti\u1ebfng Myanmar (Mi\u1ebfn \u0110i\u1ec7n), ti\u1ebfng Tagalog, ti\u1ebfng Nepal \u0111\u1ec3 c\u00e1c b\u1ea1n c\u00f3 th\u1ec3 hi\u1ec3u r\u00f5 v\u1ec1 th\u1ee7 t\u1ee5c \u0111\u0103ng k\u00fd e-learning v\u00e0 ph\u01b0\u01a1ng ph\u00e1p h\u1ecdc b\u1eb1ng ng\u00f4n ng\u1eef c\u1ee7a t\u1eebng qu\u1ed1c gia m\u00e0 m\u00ecnh \u0111ang th\u1ef1c hi\u1ec7n. N\u00f3.<\/p>\n<figure class=\"widthdown\">\n                    <img decoding=\"async\" src=\"\/wp-content\/themes\/kiso-elearning\/images\/rei4.webp\" alt=\"B\u1ea1n c\u00f3 th\u1ec3 chuy\u1ec3n \u0111\u1ed5i ng\u00f4n ng\u1eef hi\u1ec3n th\u1ecb tr\u00ean trang b\u1eb1ng c\u00e1ch nh\u1ea5p v\u00e0o n\u00fat &quot;Chuy\u1ec3n \u0111\u1ed5i ng\u00f4n ng\u1eef&quot; trong menu \u0111\u1ea7u trang.\"><br \/>\n                <\/figure>\n<\/p><\/div>\n<\/p><\/div>\n<\/section>","protected":false},"excerpt":{"rendered":"<p>\u30a6\u30a7\u30d6\u30a2\u30af\u30bb\u30b7\u30d3\u30ea\u30c6\u30a3\u3078\u306e\u914d\u616e\u306e\u5177\u4f53\u4f8b \u914d\u616e\u306e\u5177\u4f53\u4f8b \u30a6\u30a7\u30d6\u30a2\u30af\u30bb\u30b7\u30d3\u30ea\u30c6\u30a3\u306f\u3001\u65e5\u672c\u5de5\u696d\u898f\u683cJIS X 834 [&hellip;]<\/p>\n","protected":false},"author":1,"featured_media":0,"parent":0,"menu_order":0,"comment_status":"closed","ping_status":"closed","template":"","meta":{"_acf_changed":false,"_monsterinsights_skip_tracking":false,"_monsterinsights_sitenote_active":false,"_monsterinsights_sitenote_note":"","_monsterinsights_sitenote_category":0,"footnotes":""},"class_list":["post-4350","page","type-page","status-publish","hentry"],"acf":[],"_links":{"self":[{"href":"https:\/\/kiso-elearning.jp\/vi\/wp-json\/wp\/v2\/pages\/4350","targetHints":{"allow":["GET"]}}],"collection":[{"href":"https:\/\/kiso-elearning.jp\/vi\/wp-json\/wp\/v2\/pages"}],"about":[{"href":"https:\/\/kiso-elearning.jp\/vi\/wp-json\/wp\/v2\/types\/page"}],"author":[{"embeddable":true,"href":"https:\/\/kiso-elearning.jp\/vi\/wp-json\/wp\/v2\/users\/1"}],"replies":[{"embeddable":true,"href":"https:\/\/kiso-elearning.jp\/vi\/wp-json\/wp\/v2\/comments?post=4350"}],"version-history":[{"count":5,"href":"https:\/\/kiso-elearning.jp\/vi\/wp-json\/wp\/v2\/pages\/4350\/revisions"}],"predecessor-version":[{"id":7048,"href":"https:\/\/kiso-elearning.jp\/vi\/wp-json\/wp\/v2\/pages\/4350\/revisions\/7048"}],"wp:attachment":[{"href":"https:\/\/kiso-elearning.jp\/vi\/wp-json\/wp\/v2\/media?parent=4350"}],"curies":[{"name":"wp","href":"https:\/\/api.w.org\/{rel}","templated":true}]}}