{"id":4346,"date":"2024-06-28T14:49:52","date_gmt":"2024-06-28T05:49:52","guid":{"rendered":"https:\/\/kiso-elearning.jp\/?page_id=4346"},"modified":"2025-10-28T18:46:10","modified_gmt":"2025-10-28T09:46:10","slug":"bao-cao2024","status":"publish","type":"page","link":"https:\/\/kiso-elearning.jp\/vi\/web-accessibility-6\/report2024\/","title":{"rendered":"K\u1ebft qu\u1ea3 ki\u1ec3m tra kh\u1ea3 n\u0103ng truy c\u1eadp web (2020)"},"content":{"rendered":"<p><main class=\"sub\" id=\"maincontent\"><\/p>\n<article class=\"\">\n<section class=\"block-headerb\" id=\"elreadid1\">\n<div class=\"c-cont-inner\">\n<h1>K\u1ebft qu\u1ea3 ki\u1ec3m tra kh\u1ea3 n\u0103ng truy c\u1eadp web<br \/>(n\u0103m t\u00e0i ch\u00ednh 2020)<\/h1>\n<\/p><\/div>\n<\/section>\n<div class=\"c-cont-inner breadtbext\">\n            <ul aria-label=\"v\u1ee5n b\u00e1nh m\u00ec\"><\/ul>\n        <\/div>\n<section class=\"block01\" id=\"elreadid2\">\n<div class=\"c-cont-inner\">\n<div class=\"webacces\">\n<h2> Hi\u1ec3n th\u1ecb k\u1ebft qu\u1ea3 ki\u1ec3m tra d\u1ef1a tr\u00ean JIS X8341-3:2016<br \/>(m\u1ed7i b\u1ed9 trang web)<\/h2>\n<h3>Ng\u00e0y th\u00f4ng b\u00e1o<\/h3>\n<p>Ng\u00e0y 30 th\u00e1ng 6 n\u0103m 2020<\/p>\n<h3>S\u1ed1 ti\u00eau chu\u1ea9n v\u00e0 n\u0103m s\u1eeda \u0111\u1ed5i c\u1ee7a ti\u00eau chu\u1ea9n<\/h3>\n<p>JIS X 8341-3:2016<\/p>\n<h3>m\u1ee9c \u0111\u1ed9 ph\u00f9 h\u1ee3p \u0111\u00e3 \u0111\u00e1p \u1ee9ng<\/h3>\n<p>Tu\u00e2n th\u1ee7 m\u1ee9c \u0111\u1ed9 tu\u00e2n th\u1ee7 AA<\/p>\n<p>(*) Ba c\u1ea5p \u0111\u1ed9 \u0111\u01b0\u1ee3c \u00e1p d\u1ee5ng cho JIS: A, AA v\u00e0 AAA. M\u1ed9t s\u1ea3n ph\u1ea9m \u0111\u01b0\u1ee3c cho l\u00e0 ``ph\u00f9 h\u1ee3p v\u1edbi m\u1ee9c \u0111\u1ed9 ph\u00f9 h\u1ee3p AA&#039;&#039; khi n\u00f3 \u0111\u00e1p \u1ee9ng t\u1ea5t c\u1ea3 c\u00e1c ti\u00eau ch\u00ed \u0111\u1ea1t \u0111\u01b0\u1ee3c \u1edf c\u1ea5p \u0111\u1ed9 A v\u00e0 AA. Ph\u01b0\u01a1ng ph\u00e1p k\u00fd hi\u1ec7u n\u00e0y \u0111\u01b0\u1ee3c \u1ee6y ban c\u01a1 s\u1edf h\u1ea1 t\u1ea7ng truy c\u1eadp web c\u1ee7a H\u1ed9i \u0111\u1ed3ng truy c\u1eadp th\u00f4ng tin v\u00e0 truy\u1ec1n th\u00f4ng s\u1eed d\u1ee5ng.<a href=\"https:\/\/waic.jp\/docs\/jis2016\/compliance-guidelines\/202104\/\" target=\"_blank\" rel=\"noopener\">&quot;H\u01b0\u1edbng d\u1eabn k\u00fd hi\u1ec7u m\u1ee9c \u0111\u1ed9 tu\u00e2n th\u1ee7 JIS X 8341-3:2016 cho n\u1ed9i dung web&quot; (m\u1edf trang web b\u00ean ngo\u00e0i trong tab m\u1edbi)<\/a>\u0110i\u1ec1u n\u00e0y d\u1ef1a tr\u00ean k\u00fd hi\u1ec7u \u0111\u01b0\u1ee3c ch\u1ec9 \u0111\u1ecbnh trong .<\/p>\n<h3>M\u00f4 t\u1ea3 ng\u1eafn g\u1ecdn v\u1ec1 trang web \u0111\u01b0\u1ee3c \u0111\u1ec1 c\u1eadp<\/h3>\n<p>                 <p>https:\/\/kiso-elearning.jp\/Trang web sau<br \/>Tuy nhi\u00ean, c\u00e1c ph\u1ea1m vi sau \u0111\u00e2y \u0111\u01b0\u1ee3c lo\u1ea1i tr\u1eeb.<\/p>\n<ul>\n<li>(1) Trang web \u0111\u01b0\u1ee3c t\u1ea1o kh\u00f4ng s\u1eed d\u1ee5ng CMS<\/li>\n<li>(2) N\u1ed9i dung s\u1eed d\u1ee5ng d\u1ecbch v\u1ee5 c\u1ee7a Google<\/li>\n<li>(3) t\u1ec7p PDF<\/li>\n<li>(4) T\u1ec7p video v\u00e0 \u00e2m thanh<\/li>\n<\/ul>\n<h3> Th\u1eddi gian th\u1ef1c hi\u1ec7n b\u00e0i thi<\/h3>\n<p>Ng\u00e0y 10 th\u00e1ng 4 n\u0103m 2024 \u0111\u1ebfn ng\u00e0y 20 th\u00e1ng 5 n\u0103m 2024<\/p>\n<h3> C\u00f4ng ngh\u1ec7 n\u1ed9i dung web \u0111\u00e1ng tin c\u1eady<\/h3>\n<p>HTML5.0, CSS3.0, JavaScript<\/p>\n<h3> Ki\u1ec3m tra s\u1eed d\u1ee5ng c\u00f4ng c\u1ee5 ki\u1ec3m tra<\/h3>\n<ul>\n<li>C\u00f4ng c\u1ee5 \u0111\u00e1nh gi\u00e1 kh\u1ea3 n\u0103ng ti\u1ebfp c\u1eadn c\u1ee7a m\u1ecdi ng\u01b0\u1eddi:<span aria-label=\"Tr\u00ecnh ki\u1ec3m tra MI\">miChecker <\/span>(Tr\u00ecnh ki\u1ec3m tra MI) Phi\u00ean b\u1ea3n 3.1<\/li>\n<li>Tr\u00ecnh ki\u1ec3m tra \u0111\u1ed9 t\u01b0\u01a1ng ph\u1ea3n WCAG<\/li>\n<\/ul>\n<h3>C\u00e1ch ch\u1ecdn trang tri\u1ec3n khai th\u1eed nghi\u1ec7m<\/h3>\n<p>Khi ch\u1ecdn m\u1ed9t trang web \u0111\u1ea1i di\u1ec7n cho m\u1ed9t t\u1eadp h\u1ee3p c\u00e1c trang web v\u00e0 m\u1ed9t trang web \u0111\u01b0\u1ee3c ch\u1ecdn ng\u1eabu nhi\u00ean<br \/>\u30fbC\u00e1c trang web \u0111\u1ea1i di\u1ec7n cho m\u1ed9t t\u1eadp h\u1ee3p c\u00e1c trang web: 24 trang<br \/>\u30fbC\u00e1c trang web \u0111\u01b0\u1ee3c ch\u1ecdn ng\u1eabu nhi\u00ean: 4 trang<\/p>\n<h3>URL c\u1ee7a trang web n\u01a1i th\u1eed nghi\u1ec7m \u0111\u01b0\u1ee3c th\u1ef1c hi\u1ec7n<\/h3>\n<p><a href=\"\/wp-content\/uploads\/2024\/06\/2024Web_Accessibility_url3.pdf\" target=\"_blank\" rel=\"noopener\">URL c\u1ee7a trang web n\u01a1i th\u1eed nghi\u1ec7m \u0111\u01b0\u1ee3c ti\u1ebfn h\u00e0nh (PDF)<\/a><\/p>\n<h3>Danh s\u00e1ch ki\u1ec3m tra ti\u00eau ch\u00ed th\u00e0nh c\u00f4ng<\/h3>\n<table class=\"table table2\">\n<thead>\n<tr>\n<th>Ti\u00eau ch\u00ed th\u00e0nh c\u00f4ng<\/th>\n<th>Kh\u1ea3 n\u0103ng t\u01b0\u01a1ng th\u00edch<br class=\"for-sp\">m\u1ee9c \u0111\u1ed9<\/th>\n<th>\u00c1p d\u1ee5ng<\/th>\n<th>k\u1ebft qu\u1ea3<\/th>\n<\/tr>\n<\/thead>\n<tbody>\n<tr>\n<td align=\"left\">1.1.1 N\u1ed9i dung phi v\u0103n b\u1ea3n<\/td>\n<td>M\u1ed8T<\/td>\n<td>\u00c1p d\u1ee5ng<\/td>\n<td>Kh\u1ea3 n\u0103ng t\u01b0\u01a1ng th\u00edch<\/td>\n<\/tr>\n<tr>\n<td align=\"left\">1.2.1 Ch\u1ec9 \u00e2m thanh v\u00e0 video (\u0111\u00e3 ghi)<\/td>\n<td>M\u1ed8T<\/td>\n<td>Kh\u00f4ng \u00e1p d\u1ee5ng<\/td>\n<td>Kh\u1ea3 n\u0103ng t\u01b0\u01a1ng th\u00edch<\/td>\n<\/tr>\n<tr>\n<td>1.2.2 Ch\u00fa th\u00edch (ghi s\u1eb5n)<\/td>\n<td>M\u1ed8T<\/td>\n<td>Kh\u00f4ng \u00e1p d\u1ee5ng<\/td>\n<td>Kh\u1ea3 n\u0103ng t\u01b0\u01a1ng th\u00edch<\/td>\n<\/tr>\n<tr>\n<td>1.2.3 B\u00ecnh lu\u1eadn b\u1eb1ng \u00e2m thanh ho\u1eb7c thay th\u1ebf cho ph\u01b0\u01a1ng ti\u1ec7n truy\u1ec1n th\u00f4ng (\u0111\u01b0\u1ee3c ghi tr\u01b0\u1edbc)<\/td>\n<td>M\u1ed8T<\/td>\n<td>\u00c1p d\u1ee5ng<\/td>\n<td>Kh\u1ea3 n\u0103ng t\u01b0\u01a1ng th\u00edch<\/td>\n<\/tr>\n<tr>\n<td>1.2.4 Ch\u00fa th\u00edch (Tr\u1ef1c ti\u1ebfp)<\/td>\n<td>A.A.<\/td>\n<td>Kh\u00f4ng \u00e1p d\u1ee5ng<\/td>\n<td>Kh\u1ea3 n\u0103ng t\u01b0\u01a1ng th\u00edch<\/td>\n<\/tr>\n<tr>\n<td>1.2.5 B\u00ecnh lu\u1eadn b\u1eb1ng \u00e2m thanh (\u0111\u01b0\u1ee3c ghi s\u1eb5n)<\/td>\n<td>A.A.<\/td>\n<td>Kh\u00f4ng \u00e1p d\u1ee5ng<\/td>\n<td>Kh\u1ea3 n\u0103ng t\u01b0\u01a1ng th\u00edch<\/td>\n<\/tr>\n<tr>\n<td>1.3.1 Th\u00f4ng tin v\u00e0 m\u1ed1i quan h\u1ec7<\/td>\n<td>M\u1ed8T<\/td>\n<td>\u00c1p d\u1ee5ng<\/td>\n<td>Kh\u1ea3 n\u0103ng t\u01b0\u01a1ng th\u00edch<\/td>\n<\/tr>\n<tr>\n<td>1.3.2 Tr\u1eadt t\u1ef1 c\u00f3 \u00fd ngh\u0129a<\/td>\n<td>M\u1ed8T<\/td>\n<td>\u00c1p d\u1ee5ng<\/td>\n<td>Kh\u1ea3 n\u0103ng t\u01b0\u01a1ng th\u00edch<\/td>\n<\/tr>\n<tr>\n<td>1.3.3 \u0110\u1eb7c \u0111i\u1ec3m c\u1ea3m quan<\/td>\n<td>M\u1ed8T<\/td>\n<td>\u00c1p d\u1ee5ng<\/td>\n<td>Kh\u1ea3 n\u0103ng t\u01b0\u01a1ng th\u00edch<\/td>\n<\/tr>\n<tr>\n<td>1.4.1 S\u1eed d\u1ee5ng m\u00e0u s\u1eafc<\/td>\n<td>M\u1ed8T<\/td>\n<td>\u00c1p d\u1ee5ng<\/td>\n<td>Kh\u1ea3 n\u0103ng t\u01b0\u01a1ng th\u00edch<\/td>\n<\/tr>\n<tr>\n<td>1.4.2 \u0110i\u1ec1u khi\u1ec3n \u00e2m thanh<\/td>\n<td>M\u1ed8T<\/td>\n<td>\u00c1p d\u1ee5ng<\/td>\n<td>Kh\u1ea3 n\u0103ng t\u01b0\u01a1ng th\u00edch<\/td>\n<\/tr>\n<tr>\n<td>1.4.3 \u0110\u1ed9 t\u01b0\u01a1ng ph\u1ea3n (m\u1ee9c t\u1ed1i thi\u1ec3u)<\/td>\n<td>A.A.<\/td>\n<td>\u00c1p d\u1ee5ng<\/td>\n<td>Kh\u1ea3 n\u0103ng t\u01b0\u01a1ng th\u00edch<\/td>\n<\/tr>\n<tr>\n<td>1.4.4 Thay \u0111\u1ed5i k\u00edch th\u01b0\u1edbc v\u0103n b\u1ea3n<\/td>\n<td>A.A.<\/td>\n<td>\u00c1p d\u1ee5ng<\/td>\n<td>Kh\u1ea3 n\u0103ng t\u01b0\u01a1ng th\u00edch<\/td>\n<\/tr>\n<tr>\n<td>1.4.5 H\u00ecnh \u1ea3nh v\u0103n b\u1ea3n<\/td>\n<td>A.A.<\/td>\n<td>\u00c1p d\u1ee5ng<\/td>\n<td>Kh\u1ea3 n\u0103ng t\u01b0\u01a1ng th\u00edch<\/td>\n<\/tr>\n<tr>\n<td>2.1.1 B\u00e0n ph\u00edm<\/td>\n<td>M\u1ed8T<\/td>\n<td>\u00c1p d\u1ee5ng<\/td>\n<td>Kh\u1ea3 n\u0103ng t\u01b0\u01a1ng th\u00edch<\/td>\n<\/tr>\n<tr>\n<td>2.1.2 Kh\u00f4ng c\u00f3 b\u1eaby b\u00e0n ph\u00edm<\/td>\n<td>M\u1ed8T<\/td>\n<td>\u00c1p d\u1ee5ng \u0111\u01b0\u1ee3c m\u1ed9t ph\u1ea7n<\/td>\n<td>Kh\u1ea3 n\u0103ng t\u01b0\u01a1ng th\u00edch<\/td>\n<\/tr>\n<tr>\n<td>2.2.1 \u0110i\u1ec1u ch\u1ec9nh th\u1eddi gian<\/td>\n<td>M\u1ed8T<\/td>\n<td>\u00c1p d\u1ee5ng<\/td>\n<td>Kh\u1ea3 n\u0103ng t\u01b0\u01a1ng th\u00edch<\/td>\n<\/tr>\n<tr>\n<td>2.2.2 T\u1ea1m d\u1eebng, D\u1eebng, \u1ea8n<\/td>\n<td>M\u1ed8T<\/td>\n<td>\u00c1p d\u1ee5ng<\/td>\n<td>Kh\u1ea3 n\u0103ng t\u01b0\u01a1ng th\u00edch<\/td>\n<\/tr>\n<tr>\n<td>2.3.1 3 l\u1ea7n nh\u1ea5p nh\u00e1y ho\u1eb7c d\u01b0\u1edbi ng\u01b0\u1ee1ng<\/td>\n<td>M\u1ed8T<\/td>\n<td>\u00c1p d\u1ee5ng<\/td>\n<td>Kh\u1ea3 n\u0103ng t\u01b0\u01a1ng th\u00edch<\/td>\n<\/tr>\n<tr>\n<td>2.4.1 B\u1ecf qua kh\u1ed1i<\/td>\n<td>M\u1ed8T<\/td>\n<td>\u00c1p d\u1ee5ng<\/td>\n<td>Kh\u1ea3 n\u0103ng t\u01b0\u01a1ng th\u00edch<\/td>\n<\/tr>\n<tr>\n<td>2.4.2 Ti\u00eau \u0111\u1ec1 trang<\/td>\n<td>M\u1ed8T<\/td>\n<td>\u00c1p d\u1ee5ng<\/td>\n<td>Kh\u1ea3 n\u0103ng t\u01b0\u01a1ng th\u00edch<\/td>\n<\/tr>\n<tr>\n<td>2.4.3 Th\u1ee9 t\u1ef1 l\u1ea5y n\u00e9t<\/td>\n<td>M\u1ed8T<\/td>\n<td>\u00c1p d\u1ee5ng<\/td>\n<td>Kh\u1ea3 n\u0103ng t\u01b0\u01a1ng th\u00edch<\/td>\n<\/tr>\n<tr>\n<td>2.4.4 M\u1ee5c \u0111\u00edch li\u00ean k\u1ebft (trong ng\u1eef c\u1ea3nh)<\/td>\n<td>M\u1ed8T<\/td>\n<td>\u00c1p d\u1ee5ng<\/td>\n<td>Kh\u1ea3 n\u0103ng t\u01b0\u01a1ng th\u00edch<\/td>\n<\/tr>\n<tr>\n<td>2.4.5 Nhi\u1ec1u ph\u01b0\u01a1ng ph\u00e1p<\/td>\n<td>A.A.<\/td>\n<td>\u00c1p d\u1ee5ng<\/td>\n<td>Kh\u1ea3 n\u0103ng t\u01b0\u01a1ng th\u00edch<\/td>\n<\/tr>\n<tr>\n<td>2.4.6 Ti\u00eau \u0111\u1ec1 v\u00e0 nh\u00e3n<\/td>\n<td>A.A.<\/td>\n<td>\u00c1p d\u1ee5ng<\/td>\n<td>Kh\u1ea3 n\u0103ng t\u01b0\u01a1ng th\u00edch<\/td>\n<\/tr>\n<tr>\n<td>2.4.7 Tr\u1ef1c quan h\u00f3a ti\u00eau \u0111i\u1ec3m<\/td>\n<td>A.A.<\/td>\n<td>\u00c1p d\u1ee5ng<\/td>\n<td>Kh\u1ea3 n\u0103ng t\u01b0\u01a1ng th\u00edch<\/td>\n<\/tr>\n<tr>\n<td>3.1.1 Ng\u00f4n ng\u1eef trang<\/td>\n<td>M\u1ed8T<\/td>\n<td>\u00c1p d\u1ee5ng<\/td>\n<td>Kh\u1ea3 n\u0103ng t\u01b0\u01a1ng th\u00edch<\/td>\n<\/tr>\n<tr>\n<td>3.1.2 Ng\u00f4n ng\u1eef m\u1ed9t ph\u1ea7n<\/td>\n<td>A.A.<\/td>\n<td>\u00c1p d\u1ee5ng<\/td>\n<td>Kh\u1ea3 n\u0103ng t\u01b0\u01a1ng th\u00edch<\/td>\n<\/tr>\n<tr>\n<td>3.2.1 Khi \u0111\u01b0\u1ee3c l\u1ea5y n\u00e9t<\/td>\n<td>M\u1ed8T<\/td>\n<td>\u00c1p d\u1ee5ng<\/td>\n<td>Kh\u1ea3 n\u0103ng t\u01b0\u01a1ng th\u00edch<\/td>\n<\/tr>\n<tr>\n<td>3.2.2 Trong qu\u00e1 tr\u00ecnh nh\u1eadp li\u1ec7u<\/td>\n<td>M\u1ed8T<\/td>\n<td>\u00c1p d\u1ee5ng<\/td>\n<td>Kh\u1ea3 n\u0103ng t\u01b0\u01a1ng th\u00edch<\/td>\n<\/tr>\n<tr>\n<td>3.2.3 \u0110i\u1ec1u h\u01b0\u1edbng nh\u1ea5t qu\u00e1n<\/td>\n<td>A.A.<\/td>\n<td>\u00c1p d\u1ee5ng<\/td>\n<td>Kh\u1ea3 n\u0103ng t\u01b0\u01a1ng th\u00edch<\/td>\n<\/tr>\n<tr>\n<td>3.2.4 Kh\u1ea3 n\u0103ng nh\u1eadn d\u1ea1ng nh\u1ea5t qu\u00e1n<\/td>\n<td>A.A.<\/td>\n<td>\u00c1p d\u1ee5ng<\/td>\n<td>Kh\u1ea3 n\u0103ng t\u01b0\u01a1ng th\u00edch<\/td>\n<\/tr>\n<tr>\n<td>3.3.1 X\u00e1c \u0111\u1ecbnh l\u1ed7i<\/td>\n<td>M\u1ed8T<\/td>\n<td>\u00c1p d\u1ee5ng<\/td>\n<td>Kh\u1ea3 n\u0103ng t\u01b0\u01a1ng th\u00edch<\/td>\n<\/tr>\n<tr>\n<td>3.3.2 Nh\u00e3n ho\u1eb7c m\u00f4 t\u1ea3<\/td>\n<td>M\u1ed8T<\/td>\n<td>\u00c1p d\u1ee5ng<\/td>\n<td>Kh\u1ea3 n\u0103ng t\u01b0\u01a1ng th\u00edch<\/td>\n<\/tr>\n<tr>\n<td>3.3.3 G\u1ee3i \u00fd s\u1eeda l\u1ed7i<\/td>\n<td>A.A.<\/td>\n<td>\u00c1p d\u1ee5ng<\/td>\n<td>Kh\u1ea3 n\u0103ng t\u01b0\u01a1ng th\u00edch<\/td>\n<\/tr>\n<tr>\n<td>3.3.4 Ng\u0103n ng\u1eeba l\u1ed7i (Ph\u00e1p l\u00fd, T\u00e0i ch\u00ednh, D\u1eef li\u1ec7u)<\/td>\n<td>A.A.<\/td>\n<td>Kh\u00f4ng \u00e1p d\u1ee5ng<\/td>\n<td>Kh\u1ea3 n\u0103ng t\u01b0\u01a1ng th\u00edch<\/td>\n<\/tr>\n<tr>\n<td>4.1.1 Ph\u00e2n t\u00edch c\u00fa ph\u00e1p<\/td>\n<td>M\u1ed8T<\/td>\n<td>\u00c1p d\u1ee5ng<\/td>\n<td>Kh\u1ea3 n\u0103ng t\u01b0\u01a1ng th\u00edch<\/td>\n<\/tr>\n<tr>\n<td>4.1.2 T\u00ean, vai tr\u00f2, gi\u00e1 tr\u1ecb<\/td>\n<td>M\u1ed8T<\/td>\n<td>\u00c1p d\u1ee5ng<\/td>\n<td>Kh\u1ea3 n\u0103ng t\u01b0\u01a1ng th\u00edch<\/td>\n<\/tr>\n<\/tbody>\n<\/table><\/div>\n<\/p><\/div>\n<\/section>\n<\/article>\n<p><\/main><\/p>","protected":false},"excerpt":{"rendered":"<p>\u30a6\u30a7\u30d6\u30a2\u30af\u30bb\u30b7\u30d3\u30ea\u30c6\u30a3\u8a66\u9a13\u7d50\u679c\uff08\u4ee4\u548c6\u5e74\u5ea6\uff09 JIS X8341-3:2016\u306b\u57fa\u3065\u304f\u8a66\u9a13\u7d50\u679c\u8868\u793a\uff08\u30a6\u30a7\u30d6\u30da\u30fc [&hellip;]<\/p>\n","protected":false},"author":1,"featured_media":0,"parent":4344,"menu_order":0,"comment_status":"closed","ping_status":"closed","template":"","meta":{"_acf_changed":false,"_monsterinsights_skip_tracking":false,"_monsterinsights_sitenote_active":false,"_monsterinsights_sitenote_note":"","_monsterinsights_sitenote_category":0,"footnotes":""},"class_list":["post-4346","page","type-page","status-publish","hentry"],"acf":[],"_links":{"self":[{"href":"https:\/\/kiso-elearning.jp\/vi\/wp-json\/wp\/v2\/pages\/4346","targetHints":{"allow":["GET"]}}],"collection":[{"href":"https:\/\/kiso-elearning.jp\/vi\/wp-json\/wp\/v2\/pages"}],"about":[{"href":"https:\/\/kiso-elearning.jp\/vi\/wp-json\/wp\/v2\/types\/page"}],"author":[{"embeddable":true,"href":"https:\/\/kiso-elearning.jp\/vi\/wp-json\/wp\/v2\/users\/1"}],"replies":[{"embeddable":true,"href":"https:\/\/kiso-elearning.jp\/vi\/wp-json\/wp\/v2\/comments?post=4346"}],"version-history":[{"count":4,"href":"https:\/\/kiso-elearning.jp\/vi\/wp-json\/wp\/v2\/pages\/4346\/revisions"}],"predecessor-version":[{"id":7047,"href":"https:\/\/kiso-elearning.jp\/vi\/wp-json\/wp\/v2\/pages\/4346\/revisions\/7047"}],"up":[{"embeddable":true,"href":"https:\/\/kiso-elearning.jp\/vi\/wp-json\/wp\/v2\/pages\/4344"}],"wp:attachment":[{"href":"https:\/\/kiso-elearning.jp\/vi\/wp-json\/wp\/v2\/media?parent=4346"}],"curies":[{"name":"wp","href":"https:\/\/api.w.org\/{rel}","templated":true}]}}