{"id":3,"date":"2022-12-23T09:45:42","date_gmt":"2022-12-23T00:45:42","guid":{"rendered":"http:\/\/kiso-elearning.jp"},"modified":"2025-11-28T01:31:49","modified_gmt":"2025-11-27T16:31:49","slug":"chinh-sach-bao-mat","status":"publish","type":"page","link":"https:\/\/kiso-elearning.jp\/vi\/privacy-policy\/","title":{"rendered":"Ch\u00ednh s\u00e1ch b\u1ea3o m\u1eadt (Ch\u00ednh s\u00e1ch b\u1ea3o v\u1ec7 th\u00f4ng tin c\u00e1 nh\u00e2n)"},"content":{"rendered":"<div class=\"continerwidth\" id=\"maincontent\">\n    <main class=\"sub manual\"><\/p>\n<article>\n<section class=\"block-header\" id=\"elreadid1\">\n<div class=\"c-cont-inner\">\n<h1 class=\"fs330\">Ch\u00ednh s\u00e1ch b\u1ea3o m\u1eadt<br \/>(Ch\u00ednh s\u00e1ch b\u1ea3o m\u1eadt)<\/h1>\n<\/p><\/div>\n<\/section>\n<section  class=\"c-cont-inner\" id=\"elreadid2\">\n<div class=\"rs_skip c-cont-inner breadtbext\" style=\"clear:none;\">\n                    <ul aria-label=\"v\u1ee5n b\u00e1nh m\u00ec\"><\/ul>\n                <\/div>\n<div class=\"policy\">\n<p class=\"padtb40\">Trung t\u00e2m Nghi\u00ean c\u1ee9u v\u00e0 \u0110\u00e0o t\u1ea1o Ch\u0103m s\u00f3c Ch\u1ee9ng m\u1ea5t tr\u00ed nh\u1edb Sendai (sau \u0111\u00e2y g\u1ecdi l\u00e0 &quot;t\u1ed5 ch\u1ee9c c\u1ee7a ch\u00fang t\u00f4i&quot;) \u0111\u00e3 thi\u1ebft l\u1eadp ch\u00ednh s\u00e1ch quy\u1ec1n ri\u00eang t\u01b0 sau \u0111\u00e2y li\u00ean quan \u0111\u1ebfn vi\u1ec7c x\u1eed l\u00fd th\u00f4ng tin c\u00e1 nh\u00e2n c\u1ee7a ng\u01b0\u1eddi d\u00f9ng trong c\u00e1c d\u1ecbch v\u1ee5 \u0111\u01b0\u1ee3c cung c\u1ea5p tr\u00ean trang web n\u00e0y (sau \u0111\u00e2y g\u1ecdi l\u00e0 &quot;d\u1ecbch v\u1ee5 n\u00e0y&quot;). (sau \u0111\u00e2y g\u1ecdi l\u00e0 &quot;ch\u00ednh s\u00e1ch n\u00e0y&quot;).<\/p>\n<h3>1. s\u1ef1 \u0111\u1ecbnh ngh\u0129a<\/h3>\n<p>D\u1ecbch v\u1ee5 n\u00e0y \u0111\u1ec1 c\u1eadp \u0111\u1ebfn m\u1ed9t trong c\u00e1c d\u1ecbch v\u1ee5 c\u1ee7a t\u1ed5 ch\u1ee9c ch\u00fang t\u00f4i c\u00f3 t\u00ean mi\u1ec1n<span aria-label=\"Kiso g\u1ea1ch n\u1ed1i e ch\u1ea1y dot jp\">&quot;kiso-elearning.jp&quot;<\/span>(N\u1ebfu t\u00ean mi\u1ec1n ho\u1eb7c n\u1ed9i dung trang web c\u1ee7a t\u1ed5 ch\u1ee9c b\u1ecb thay \u0111\u1ed5i v\u00ec b\u1ea5t k\u1ef3 l\u00fd do g\u00ec, \u0111i\u1ec1u n\u00e0y bao g\u1ed3m c\u1ea3 trang web sau khi thay \u0111\u1ed5i.) \u0110\u00f3 l\u00e0 trang web do t\u1ed5 ch\u1ee9c \u0111i\u1ec1u h\u00e0nh. Bao g\u1ed3m c\u1ea3 bi\u1ec3u m\u1eabu li\u00ean h\u1ec7 \u1edf tr\u00ean.<\/p>\n<h3>2. \u0110\u1ed3ng \u00fd v\u1edbi ch\u00ednh s\u00e1ch n\u00e0y<\/h3>\n<p>B\u1eb1ng c\u00e1ch s\u1eed d\u1ee5ng d\u1ecbch v\u1ee5 c\u1ee7a ch\u00fang t\u00f4i, ng\u01b0\u1eddi d\u00f9ng \u0111\u1ed3ng \u00fd v\u1edbi c\u00e1c \u0111i\u1ec1u kho\u1ea3n v\u00e0 \u0111i\u1ec1u ki\u1ec7n c\u1ee7a ch\u00ednh s\u00e1ch n\u00e0y. N\u1ebfu b\u1ea1n kh\u00f4ng \u0111\u1ed3ng \u00fd v\u1edbi b\u1ea5t k\u1ef3 \u0111i\u1ec1u ki\u1ec7n n\u00e0o \u0111\u01b0\u1ee3c n\u00eau trong ch\u00ednh s\u00e1ch n\u00e0y, vui l\u00f2ng ng\u1eebng s\u1eed d\u1ee5ng d\u1ecbch v\u1ee5 c\u1ee7a ch\u00fang t\u00f4i.<\/p>\n<p>Ngo\u00e0i ra, \u0111\u1ec3 bi\u1ebft ch\u00ednh s\u00e1ch quy\u1ec1n ri\u00eang t\u01b0 khi s\u1eed d\u1ee5ng trang web &quot;H\u1ec7 th\u1ed1ng \u0111\u00e0o t\u1ea1o c\u01a1 b\u1ea3n v\u1ec1 b\u1ec7nh m\u1ea5t tr\u00ed nh\u1edb&quot;, vui l\u00f2ng xem Ch\u00ednh s\u00e1ch quy\u1ec1n ri\u00eang t\u01b0 d\u00e0nh cho H\u1ec7 th\u1ed1ng h\u1ecdc t\u1eadp \u0111i\u1ec7n t\u1eed.<\/p>\n<h3>3. M\u1ee5c \u0111\u00edch s\u1eed d\u1ee5ng th\u00f4ng tin c\u00e1 nh\u00e2n<\/h3>\n<p>Khi th\u1ef1c hi\u1ec7n y\u00eau c\u1ea7u qua email tr\u00ean trang web n\u00e0y, ch\u00fang t\u00f4i c\u00f3 th\u1ec3 y\u00eau c\u1ea7u b\u1ea1n \u0111\u0103ng k\u00fd th\u00f4ng tin c\u00e1 nh\u00e2n nh\u01b0 t\u00ean, \u0111\u1ecba ch\u1ec9 email v\u00e0 s\u1ed1 \u0111i\u1ec7n tho\u1ea1i c\u1ee7a b\u1ea1n.<\/p>\n<p>Th\u00f4ng tin c\u00e1 nh\u00e2n n\u00e0y s\u1ebd \u0111\u01b0\u1ee3c s\u1eed d\u1ee5ng \u0111\u1ec3 tr\u1ea3 l\u1eddi c\u00e1c c\u00e2u h\u1ecfi v\u00e0 th\u1eafc m\u1eafc c\u0169ng nh\u01b0 li\u00ean h\u1ec7 v\u1edbi b\u1ea1n \u0111\u1ec3 cung c\u1ea5p th\u00f4ng tin c\u1ea7n thi\u1ebft qua e-mail, v.v. v\u00e0 s\u1ebd kh\u00f4ng \u0111\u01b0\u1ee3c s\u1eed d\u1ee5ng cho b\u1ea5t k\u1ef3 m\u1ee5c \u0111\u00edch n\u00e0o kh\u00e1c ngo\u00e0i m\u1ee5c \u0111\u00edch m\u00e0 b\u1ea1n \u0111\u00e3 cung c\u1ea5p th\u00f4ng tin c\u00e1 nh\u00e2n.<\/p>\n<h3>4. Ti\u1ebft l\u1ed9 th\u00f4ng tin c\u00e1 nh\u00e2n cho b\u00ean th\u1ee9 ba<\/h3>\n<p>Tr\u00ean trang n\u00e0y, th\u00f4ng tin c\u00e1 nh\u00e2n s\u1ebd \u0111\u01b0\u1ee3c qu\u1ea3n l\u00fd ph\u00f9 h\u1ee3p theo lu\u1eadt ph\u00e1p v\u00e0 quy \u0111\u1ecbnh c\u1ee7a Nh\u1eadt B\u1ea3n \u00e1p d\u1ee5ng cho th\u00f4ng tin c\u00e1 nh\u00e2n. Ch\u00fang t\u00f4i s\u1ebd kh\u00f4ng ti\u1ebft l\u1ed9 th\u00f4ng tin c\u1ee7a b\u1ea1n cho b\u00ean th\u1ee9 ba ngo\u1ea1i tr\u1eeb c\u00e1c tr\u01b0\u1eddng h\u1ee3p sau.<\/p>\n<p>\u30fbN\u1ebfu b\u1ea1n c\u00f3 s\u1ef1 \u0111\u1ed3ng \u00fd c\u1ee7a ng\u01b0\u1eddi \u0111\u01b0\u1ee3c \u0111\u1ec1 c\u1eadp<\/p>\n<p>\u30fbKhi vi\u1ec7c ti\u1ebft l\u1ed9 l\u00e0 c\u1ea7n thi\u1ebft \u0111\u1ec3 h\u1ee3p t\u00e1c v\u1edbi ph\u00e1p lu\u1eadt v\u00e0 c\u00e1c quy \u0111\u1ecbnh, v.v.<\/p>\n<p>*Tuy nhi\u00ean, \u0111i\u1ec1u n\u00e0y kh\u00f4ng bao g\u1ed3m c\u00e1c tr\u01b0\u1eddng h\u1ee3p c\u00f3 nguy c\u01a1 g\u00e2y t\u1ed5n h\u1ea1i \u0111\u1ebfn t\u00ednh m\u1ea1ng ho\u1eb7c t\u00e0i s\u1ea3n c\u1ee7a c\u00e1 nh\u00e2n ho\u1eb7c b\u00ean th\u1ee9 ba ho\u1eb7c c\u00e1c tr\u01b0\u1eddng h\u1ee3p vi ph\u1ea1m ph\u00e1p lu\u1eadt v\u00e0 quy \u0111\u1ecbnh.<\/p>\n<h3>5. Ti\u1ebft l\u1ed9 v\u00e0 ch\u1ec9nh s\u1eeda th\u00f4ng tin c\u00e1 nh\u00e2n, v.v.<\/h3>\n<p>N\u1ebfu m\u1ed9t ng\u01b0\u1eddi y\u00eau c\u1ea7u ti\u1ebft l\u1ed9 d\u1eef li\u1ec7u c\u00e1 nh\u00e2n, ch\u00fang t\u00f4i s\u1ebd ph\u1ea3n h\u1ed3i ngay sau khi x\u00e1c nh\u1eadn danh t\u00ednh c\u1ee7a ng\u01b0\u1eddi \u0111\u00f3.<\/p>\n<p>\u0110i\u1ec1u t\u01b0\u01a1ng t\u1ef1 c\u0169ng \u00e1p d\u1ee5ng n\u1ebfu b\u1ea1n mu\u1ed1n s\u1eeda, th\u00eam, x\u00f3a ho\u1eb7c t\u1ea1m d\u1eebng s\u1eed d\u1ee5ng d\u1eef li\u1ec7u c\u00e1 nh\u00e2n c\u1ee7a m\u00ecnh.<\/p>\n<p>N\u1ebfu b\u1ea1n mu\u1ed1n, xin vui l\u00f2ng li\u00ean h\u1ec7 v\u1edbi ch\u00fang t\u00f4i b\u1eb1ng c\u00e1ch s\u1eed d\u1ee5ng m\u1eabu email.<\/p>\n<h3>6. Gi\u1edbi thi\u1ec7u v\u1ec1 cookie (c\u00f4ng c\u1ee5 ph\u00e2n t\u00edch quy\u1ec1n truy c\u1eadp)<\/h3>\n<p>Trang web n\u00e0y s\u1eed d\u1ee5ng &quot;Google Analytics&quot; \u0111\u1ec3 ph\u00e2n t\u00edch quy\u1ec1n truy c\u1eadp c\u1ee7a kh\u00e1ch truy c\u1eadp. Google Analytics s\u1eed d\u1ee5ng cookie, t\u1ec7p h\u00ecnh \u1ea3nh (\u0111\u00e8n hi\u1ec7u web), v.v. \u0111\u1ec3 thu th\u1eadp d\u1eef li\u1ec7u l\u01b0u l\u01b0\u1ee3ng truy c\u1eadp.<\/p>\n<p>Nh\u1eefng cookie n\u00e0y \u0111\u01b0\u1ee3c c\u00e1c c\u00f4ng ty b\u00ean th\u1ee9 ba tr\u1ef1c ti\u1ebfp mua l\u1ea1i v\u00e0 \u0111\u01b0\u1ee3c qu\u1ea3n l\u00fd theo ch\u00ednh s\u00e1ch quy\u1ec1n ri\u00eang t\u01b0 do m\u1ed7i c\u00f4ng ty \u0111\u1eb7t ra.<\/p>\n<p>Th\u00f4ng tin thu \u0111\u01b0\u1ee3c t\u1eeb cookie \u0111\u01b0\u1ee3c thu th\u1eadp \u1ea9n danh v\u00e0 kh\u00f4ng nh\u1eadn d\u1ea1ng t\u1eebng ng\u01b0\u1eddi xem.<\/p>\n<p>Ngo\u00e0i ra, n\u00f3 s\u1ebd kh\u00f4ng \u0111\u01b0\u1ee3c s\u1eed d\u1ee5ng cho b\u1ea5t k\u1ef3 m\u1ee5c \u0111\u00edch n\u00e0o kh\u00e1c ngo\u00e0i m\u1ee5c \u0111\u00edch d\u1ef1 \u0111\u1ecbnh c\u1ee7a n\u00f3.<\/p>\n<p>\u30fbNg\u01b0\u1eddi xem c\u00f3 th\u1ec3 t\u1eeb ch\u1ed1i g\u1eedi v\u00e0 nh\u1eadn cookie b\u1eb1ng c\u00e1ch ch\u1ecdn ``t\u1eeb ch\u1ed1i g\u1eedi v\u00e0 nh\u1eadn cookie&#039;&#039; trong c\u00e0i \u0111\u1eb7t li\u00ean quan \u0111\u1ebfn g\u1eedi v\u00e0 nh\u1eadn cookie.<\/p>\n<p>\u30fbNg\u01b0\u1eddi xem c\u0169ng c\u00f3 th\u1ec3 t\u1eaft cookie b\u1eb1ng c\u00e1ch thay \u0111\u1ed5i c\u00e0i \u0111\u1eb7t tr\u00ecnh duy\u1ec7t c\u1ee7a m\u00ecnh.<\/p>\n<p>Tuy nhi\u00ean, n\u1ebfu b\u1ea1n t\u1eaft cookie, b\u1ea1n c\u00f3 th\u1ec3 kh\u00f4ng nh\u1eadn \u0111\u01b0\u1ee3c m\u1ed9t s\u1ed1 d\u1ecbch v\u1ee5.<\/p>\n<p>Vui l\u00f2ng ki\u1ec3m tra v\u1edbi nh\u00e0 s\u1ea3n xu\u1ea5t c\u1ee7a t\u1eebng tr\u00ecnh duy\u1ec7t \u0111\u1ec3 bi\u1ebft th\u00f4ng tin v\u1ec1 c\u00e1ch thay \u0111\u1ed5i c\u00e0i \u0111\u1eb7t cookie.<\/p>\n<p><\/p>\n<p>C\u00e1c c\u00f4ng ty v\u00e0 d\u1ecbch v\u1ee5 \u0111\u01b0\u1ee3c s\u1eed d\u1ee5ng tr\u00ean trang web n\u00e0y nh\u01b0 sau. Vui l\u00f2ng ki\u1ec3m tra trang web c\u1ee7a m\u1ed7i c\u00f4ng ty \u0111\u1ec3 bi\u1ebft chi ti\u1ebft.<\/p>\n<p>\u2605wordpress.com (ch\u00ednh s\u00e1ch b\u1ea3o m\u1eadt)<span class=\"sp-none\">\u30fb\u30fb\u30fb\u30fb\u30fb\u30fb\u30fb\u30fb\u30fb\u30fb\u30fb\u30fb<\/span><br class=\"pc-none\"><a href=\"https:\/\/ja.wordpress.org\/about\/privacy\/\" target=\"_blank\" class=\"onlink\" rel=\"noopener\">https:\/\/ja.wordpress.org\/about\/privacy\/(M\u1edf m\u1ed9t trang web b\u00ean ngo\u00e0i trong m\u1ed9t tab m\u1edbi)<\/a><br \/>\n            \u2605Google Analytics (Ch\u00ednh s\u00e1ch v\u00e0 \u0110i\u1ec1u kho\u1ea3n)<span class=\"sp-none\">\u30fb\u30fb\u30fb\u30fb\u30fb\u30fb\u30fb\u30fb\u30fb\u30fb\u30fb\u30fb <\/span><br class=\"pc-none\"><a href=\"https:\/\/www.google.com\/intl\/ja\/policies\/privacy\/partners\/\" target=\"_blank\" class=\"onlink\" rel=\"noopener\">https:\/\/www.google.com\/intl\/ja\/policies\/privacy\/partners\/(M\u1edf m\u1ed9t trang web b\u00ean ngo\u00e0i trong m\u1ed9t tab m\u1edbi)<\/a><\/p>\n<h3>7. Nh\u1eefng thay \u0111\u1ed5i \u0111\u1ed1i v\u1edbi ch\u00ednh s\u00e1ch n\u00e0y<\/h3>\n<p>Trang web n\u00e0y s\u1ebd th\u1ec9nh tho\u1ea3ng xem x\u00e9t n\u1ed9i dung c\u1ee7a ch\u00ednh s\u00e1ch n\u00e0y v\u00e0 c\u1ed1 g\u1eafng c\u1ea3i thi\u1ec7n n\u00f3 khi c\u1ea7n thi\u1ebft.<\/p>\n<p>Ch\u00ednh s\u00e1ch b\u1ea3o m\u1eadt \u0111\u01b0\u1ee3c s\u1eeda \u0111\u1ed5i m\u1edbi nh\u1ea5t s\u1ebd lu\u00f4n \u0111\u01b0\u1ee3c ti\u1ebft l\u1ed9 tr\u00ean trang n\u00e0y.<\/p>\n<h3>s\u1ed1 8. Tuy\u00ean b\u1ed1 mi\u1ec5n tr\u1eeb tr\u00e1ch nhi\u1ec7m<\/h3>\n<p>V\u1ec1 n\u1ed9i dung v\u00e0 th\u00f4ng tin tr\u00ean trang n\u00e0y, ch\u00fang t\u00f4i c\u1ed1 g\u1eafng \u0111\u0103ng t\u1ea3i th\u00f4ng tin ch\u00ednh x\u00e1c nh\u1ea5t c\u00f3 th\u1ec3 nh\u01b0ng c\u00f3 th\u1ec3 c\u00f3 th\u00f4ng tin kh\u00f4ng ch\u00ednh x\u00e1c ho\u1eb7c th\u00f4ng tin c\u00f3 th\u1ec3 \u0111\u00e3 l\u1ed7i th\u1eddi.<\/p>\n<p>Xin l\u01b0u \u00fd r\u1eb1ng ch\u00fang t\u00f4i kh\u00f4ng th\u1ec3 ch\u1ecbu tr\u00e1ch nhi\u1ec7m cho b\u1ea5t k\u1ef3 thi\u1ec7t h\u1ea1i n\u00e0o do n\u1ed9i dung \u0111\u01b0\u1ee3c \u0111\u0103ng tr\u00ean trang n\u00e0y g\u00e2y ra.<\/p>\n<h3>\u2724Qu\u1ea7y tra c\u1ee9u\u2724<\/h3>\n<p>\u3012989-3201<\/p>\n<p>6-149-1 Kunimigaoka, Aoba-ku, Sendai, t\u1ec9nh Miyagi<\/p>\n<p>Trung t\u00e2m Nghi\u00ean c\u1ee9u v\u00e0 \u0110\u00e0o t\u1ea1o Ch\u0103m s\u00f3c Ch\u1ee9ng m\u1ea5t tr\u00ed nh\u1edb Sendai<\/p>\n<p>e-mail: e-sendai@dcnet.gr.jp<\/p>\n<p>[Th\u00e0nh l\u1eadp v\u00e0o ng\u00e0y 28 th\u00e1ng 12 n\u0103m 2022]<\/p>\n<\/p><\/div>\n<\/section>\n<\/article>\n<p>    <\/main>\n    <\/div>","protected":false},"excerpt":{"rendered":"<p>\u30d7\u30e9\u30a4\u30d0\u30b7\u30fc\u30dd\u30ea\u30b7\u30fc(\u500b\u4eba\u60c5\u5831\u4fdd\u8b77\u65b9\u91dd) \u8a8d\u77e5\u75c7\u4ecb\u8b77\u7814\u7a76\u30fb\u7814\u4fee\u4ed9\u53f0\u30bb\u30f3\u30bf\u30fc\uff08\u4ee5\u4e0b\u5f53\u56e3\u4f53\uff09\u306f\u3001\u672c\u30a6\u30a7\u30d6\u30b5\u30a4\u30c8\u4e0a\u3067 [&hellip;]<\/p>\n","protected":false},"author":1,"featured_media":0,"parent":0,"menu_order":12,"comment_status":"closed","ping_status":"open","template":"","meta":{"_acf_changed":false,"_monsterinsights_skip_tracking":false,"_monsterinsights_sitenote_active":false,"_monsterinsights_sitenote_note":"","_monsterinsights_sitenote_category":0,"footnotes":""},"class_list":["post-3","page","type-page","status-publish","hentry"],"acf":[],"_links":{"self":[{"href":"https:\/\/kiso-elearning.jp\/vi\/wp-json\/wp\/v2\/pages\/3","targetHints":{"allow":["GET"]}}],"collection":[{"href":"https:\/\/kiso-elearning.jp\/vi\/wp-json\/wp\/v2\/pages"}],"about":[{"href":"https:\/\/kiso-elearning.jp\/vi\/wp-json\/wp\/v2\/types\/page"}],"author":[{"embeddable":true,"href":"https:\/\/kiso-elearning.jp\/vi\/wp-json\/wp\/v2\/users\/1"}],"replies":[{"embeddable":true,"href":"https:\/\/kiso-elearning.jp\/vi\/wp-json\/wp\/v2\/comments?post=3"}],"version-history":[{"count":30,"href":"https:\/\/kiso-elearning.jp\/vi\/wp-json\/wp\/v2\/pages\/3\/revisions"}],"predecessor-version":[{"id":7207,"href":"https:\/\/kiso-elearning.jp\/vi\/wp-json\/wp\/v2\/pages\/3\/revisions\/7207"}],"wp:attachment":[{"href":"https:\/\/kiso-elearning.jp\/vi\/wp-json\/wp\/v2\/media?parent=3"}],"curies":[{"name":"wp","href":"https:\/\/api.w.org\/{rel}","templated":true}]}}