{"id":2616,"date":"2023-11-01T18:27:12","date_gmt":"2023-11-01T09:27:12","guid":{"rendered":"https:\/\/kiso-elearning.jp\/?page_id=2616"},"modified":"2025-11-27T22:12:03","modified_gmt":"2025-11-27T13:12:03","slug":"phuong-phap-lua-chon-khac","status":"publish","type":"page","link":"https:\/\/kiso-elearning.jp\/vi\/choice-method-other\/","title":{"rendered":"C\u00e1ch tham gia l\u1edbp h\u1ecdc b\u1eb1ng c\u00e1c ng\u00f4n ng\u1eef kh\u00e1c"},"content":{"rendered":"<p><main class=\"sub study\" id=\"maincontent\"><\/p>\n<article>\n<section class=\"block-header\" id=\"elreadid1\">\n<div class=\"c-cont-inner\">\n<figure class=\"rs_skip\"><img decoding=\"async\" src=\"\/wp-content\/themes\/kiso-elearning\/images\/choice\/choiceimg.png\" alt=\"\"><\/figure>\n<h1>C\u00e1ch tham gia l\u1edbp h\u1ecdc b\u1eb1ng c\u00e1c ng\u00f4n ng\u1eef kh\u00e1c<\/h1>\n<\/p><\/div>\n<\/section>\n<div class=\"c-cont-inner breadtbext\">\n            <ul aria-label=\"v\u1ee5n b\u00e1nh m\u00ec\"><\/ul>\n        <\/div>\n<section class=\"block-pur\" id=\"elreadid2\">\n<div class=\"c-cont-inner\">\n<h2>Kh\u00f3a h\u1ecdc bao g\u1ed3m c\u00e1c video ti\u1ebfng Nh\u1eadt d\u1ec5 d\u00e0ng v\u00e0<br class=\"pc-none\">S\u1eed d\u1ee5ng v\u0103n b\u1ea3n b\u1ed5 sung<\/h2>\n<p>                <span id=\"anc02\" class=\"anc-point\"><\/span><\/p>\n<div class=\"flx-box\">\n<figure class=\"disblock\"><img decoding=\"async\" src=\"https:\/\/kiso-elearning.jp\/wp-content\/uploads\/2024\/07\/otchoicevi2.png\" class=\"img-adj01\" alt=\"H\u01b0\u1edbng d\u1eabn v\u1ec1 c\u00e1c lo\u1ea1i v\u0103n b\u1ea3n b\u1ed5 sung c\u00f3 s\u1eb5n cho c\u00e1c ng\u00f4n ng\u1eef kh\u00e1c: Ti\u1ebfng Nh\u1eadt d\u1ec5 h\u1ecdc (tr\u00ecnh \u0111\u1ed9 N4), ti\u1ebfng Anh, ti\u1ebfng Vi\u1ec7t, ti\u1ebfng Indonesia, ti\u1ebfng Trung, ti\u1ebfng Mi\u1ebfn \u0110i\u1ec7n, ti\u1ebfng Tagalog v\u00e0 ti\u1ebfng Nepal.\"><\/figure>\n<div class=\"cont-box\">\n<p class=\"sub-lead\">N\u1ebfu b\u1ea1n \u0111ang h\u1ecdc tr\u1ef1c tuy\u1ebfn b\u1eb1ng ng\u00f4n ng\u1eef kh\u00e1c, c\u00e1c video s\u1ebd b\u1eb1ng &quot;ti\u1ebfng Nh\u1eadt d\u1ec5 d\u00e0ng&quot;. Khi c\u00e1c b\u1ea1n ch\u1ecdn t\u1eeb mu\u1ed1n d\u00f9ng s\u1ebd c\u00f3 ph\u1ea7n gi\u1ea3i th\u00edch cho t\u1eeb \u0111\u00f3 \u1edf b\u00ean d\u01b0\u1edbi video, c\u00e1c b\u1ea1n h\u00e3y tham kh\u1ea3o trong khi h\u1ecdc nh\u00e9.<\/p>\n<h3>Video n\u00e0y b\u1eb1ng ti\u1ebfng Nh\u1eadt d\u1ec5 hi\u1ec3u.<\/h3>\n<p>B\u1ea5t k\u1ec3 b\u1ea1n tham gia kh\u00f3a h\u1ecdc b\u1eb1ng ng\u00f4n ng\u1eef n\u00e0o, t\u1ea5t c\u1ea3 c\u00e1c video \u0111\u1ec1u s\u1ebd b\u1eb1ng &quot;ti\u1ebfng Nh\u1eadt d\u1ec5 d\u00e0ng&quot;.<\/p>\n<h3>N\u00f3 \u0111i k\u00e8m v\u1edbi m\u1ed9t l\u1eddi gi\u1ea3i th\u00edch c\u1ee7a c\u00e1c t\u1eeb.<\/h3>\n<p>Khi b\u1ea1n ch\u1ecdn m\u1ed9t t\u1eeb v\u00e0 nghi\u00ean c\u1ee9u t\u1eeb \u0111\u00f3, ph\u1ea7n &quot;gi\u1ea3i th\u00edch t\u1eeb&quot; s\u1ebd xu\u1ea5t hi\u1ec7n b\u00ean d\u01b0\u1edbi video.<\/p>\n<h3>Vui l\u00f2ng s\u1eed d\u1ee5ng v\u0103n b\u1ea3n h\u1ed7 tr\u1ee3.<\/h3>\n<p class=\"marbot60\">Vui l\u00f2ng tham kh\u1ea3o `` v\u0103n b\u1ea3n ph\u1ee5 tr\u1ee3 &#039;&#039; v\u00e0 &#039;&#039; b\u1ed9 s\u01b0u t\u1eadp t\u1eeb \u0111\u01b0\u1ee3c d\u1ecbch cho t\u1eebng ng\u00f4n ng\u1eef &#039;&#039; \u0111\u1ec3 bi\u1ebft nh\u1eefng t\u1eeb b\u1ea1n \u0111\u00e3 ch\u1ecdn khi tham gia kh\u00f3a h\u1ecdc.<\/p>\n<p><span style=\"color:#cc0000;\">*<\/span>T\u00e0i li\u1ec7u gi\u1ea3i th\u00edch b\u1eb1ng ti\u1ebfng Nh\u1eadt d\u1ec5 hi\u1ec3u tr\u01b0\u1edbc khi tham gia kh\u00f3a h\u1ecdc<a href=\"\/wp-content\/themes\/kiso-elearning\/images\/pdf\/multi_manualv1.2.pdf\" class=\"linktext\" target=\"_blank\" rel=\"noopener\">\"H\u01b0\u1edbng d\u1eabn s\u1eed d\u1ee5ng ti\u1ebfng Nh\u1eadt d\u1ec5 d\u00e0ng\" (t\u00e0i li\u1ec7u t\u1ec7p PDF)<\/a>Vui l\u00f2ng tham kh\u1ea3o.<\/p>\n<\/p><\/div>\n<\/p><\/div>\n<div class=\"boxhosoku\">\n<p>N\u1ebfu b\u1ea1n mu\u1ed1n tham gia kh\u00f3a h\u1ecdc b\u1eb1ng ng\u00f4n ng\u1eef kh\u00e1c,<a href=\"\/language\/\" class=\"linktext\">&quot;Ti\u1ebfng Nh\u1eadt d\u1ec5 (N4): C\u00e1ch ch\u1ecdn trang c\u00f3 t\u1eeb kh\u00e1c&quot;<\/a>H\u00e3y tham kh\u1ea3o th\u00eam<\/p>\n<\/div><\/div>\n<\/section>\n<p>        <!--\u307b\u304b\u306e\u8a00\u8449\u90e8\u5206--><\/p>\n<section class=\"block-cont block01\" id=\"elreadid3\">\n            <span class=\"anc-point\" id=\"step1\"><\/span><\/p>\n<div class=\"c-cont-inner\">\n<h2 class=\"choicetitle clr02\">b\u1eb1ng ng\u00f4n ng\u1eef kh\u00e1c (ngo\u1ea1i ng\u1eef)<br class=\"pc-none\">N\u1ebfu tham gia kh\u00f3a h\u1ecdc<\/h2>\n<div>\n<p class=\"padtb25\">N\u1ebfu b\u1ea1n ch\u1ecdn m\u1ed9t ng\u00f4n ng\u1eef kh\u00e1c (ng\u00f4n ng\u1eef kh\u00f4ng ph\u1ea3i ti\u1ebfng Nh\u1eadt) v\u00e0 tham gia kh\u00f3a h\u1ecdc, ti\u00eau \u0111\u1ec1 v\u00e0 m\u00f4 t\u1ea3 s\u1ebd \u0111\u01b0\u1ee3c hi\u1ec3n th\u1ecb c\u00f3 th\u00eam ch\u1eef hiragana.<\/p>\n<figure class=\"sp-none\"><img decoding=\"async\" src=\"https:\/\/kiso-elearning.jp\/wp-content\/uploads\/2024\/06\/otchoiceflowvi.png\"  class=\"img\" alt=\"\"><\/p>\n<p style=\"width: 1; height: 1; overflow: hidden;\">\n                    N\u00fat &quot;B\u1eaft \u0111\u1ea7u h\u1ecdc&quot; tr\u00ean trang c\u00e1 nh\u00e2n c\u1ee7a h\u1ecdc vi\u00ean (b\u1eaft \u0111\u1ea7u kh\u00f3a h\u1ecdc t\u1ea1i \u0111\u00e2y). Trang c\u1ee7a t\u00f4i s\u1ebd \u0111\u01b0\u1ee3c hi\u1ec3n th\u1ecb b\u1eb1ng ng\u00f4n ng\u1eef &quot;Ti\u1ebfng Nh\u1eadt D\u1ec5, \u0110\u01a1n gi\u1ea3n&quot;. Nh\u1ea5p v\u00e0o \u0111\u00e2y \u0111\u1ec3 thay \u0111\u1ed5i ng\u00f4n ng\u1eef n\u1ed9i dung \u1edf b\u00ean ph\u1ea3i m\u00e0n h\u00ecnh, t\u1ee9c l\u00e0 &quot;Ng\u00f4n ng\u1eef kh\u00e1c t\u1ea1i \u0111\u00e2y&quot;. N\u1ed9i dung kh\u00f3a h\u1ecdc c\u0169ng s\u1ebd \u0111\u01b0\u1ee3c hi\u1ec3n th\u1ecb b\u1eb1ng ng\u00f4n ng\u1eef &quot;Ti\u1ebfng Nh\u1eadt D\u1ec5&quot;. B\u00ean d\u01b0\u1edbi video, ph\u1ea7n &quot;Gi\u1ea3i th\u00edch t\u1eeb v\u1ef1ng&quot; b\u1eb1ng ng\u00f4n ng\u1eef \u0111\u00e3 ch\u1ecdn s\u1ebd \u0111\u01b0\u1ee3c hi\u1ec3n th\u1ecb b\u1eb1ng ng\u00f4n ng\u1eef &quot;Ti\u1ebfng Nh\u1eadt D\u1ec5&quot;. M\u00e0n h\u00ecnh hi\u1ec3n th\u1ecb khi ch\u1ecdn ti\u1ebfng Anh.\n                    <\/p>\n<\/figure>\n<figure class=\"pc-none rs_skip\"><img decoding=\"async\" src=\"https:\/\/kiso-elearning.jp\/wp-content\/uploads\/2024\/06\/otchoiceflow-svi.png\"  class=\"img\" alt=\"\"><\/p>\n<p style=\"width: 1; height: 1; overflow: hidden;\">\n                    N\u00fat &quot;B\u1eaft \u0111\u1ea7u h\u1ecdc&quot; tr\u00ean trang c\u00e1 nh\u00e2n c\u1ee7a h\u1ecdc vi\u00ean (b\u1eaft \u0111\u1ea7u kh\u00f3a h\u1ecdc t\u1ea1i \u0111\u00e2y). Trang c\u1ee7a t\u00f4i s\u1ebd \u0111\u01b0\u1ee3c hi\u1ec3n th\u1ecb b\u1eb1ng ng\u00f4n ng\u1eef &quot;Ti\u1ebfng Nh\u1eadt D\u1ec5, \u0110\u01a1n gi\u1ea3n&quot;. Nh\u1ea5p v\u00e0o \u0111\u00e2y \u0111\u1ec3 thay \u0111\u1ed5i ng\u00f4n ng\u1eef n\u1ed9i dung \u1edf b\u00ean ph\u1ea3i m\u00e0n h\u00ecnh, t\u1ee9c l\u00e0 &quot;Ng\u00f4n ng\u1eef kh\u00e1c t\u1ea1i \u0111\u00e2y&quot;. N\u1ed9i dung kh\u00f3a h\u1ecdc c\u0169ng s\u1ebd \u0111\u01b0\u1ee3c hi\u1ec3n th\u1ecb b\u1eb1ng ng\u00f4n ng\u1eef &quot;Ti\u1ebfng Nh\u1eadt D\u1ec5&quot;. B\u00ean d\u01b0\u1edbi video, ph\u1ea7n &quot;Gi\u1ea3i th\u00edch t\u1eeb v\u1ef1ng&quot; b\u1eb1ng ng\u00f4n ng\u1eef \u0111\u00e3 ch\u1ecdn s\u1ebd \u0111\u01b0\u1ee3c hi\u1ec3n th\u1ecb b\u1eb1ng ng\u00f4n ng\u1eef &quot;Ti\u1ebfng Nh\u1eadt D\u1ec5&quot;. M\u00e0n h\u00ecnh hi\u1ec3n th\u1ecb khi ch\u1ecdn ti\u1ebfng Anh.\n                    <\/p>\n<\/figure><\/div>\n<\/p><\/div>\n<\/section>\n<section class=\"block-pur bg-blue\" id=\"elreadid4\">\n<div class=\"c-cont-inner\">\n                <span id=\"anc01\" class=\"anc-point\"><\/span><\/p>\n<h2>Video c\u00e1c t\u1eeb kh\u00e1c (ti\u1ebfng Nh\u1eadt d\u1ec5)<\/h2>\n<div class=\"flx-box\">\n<div>\n<figure><img decoding=\"async\" src=\"\/wp-content\/themes\/kiso-elearning\/images\/study\/otchoice1.png\" alt=\"\"><\/figure>\n<p class=\"sp-none\">Gi\u1ea3i th\u00edch v\u0103n b\u1ea3n v\u00e0 \u00e2m thanh s\u1ebd b\u1eb1ng &quot;ti\u1ebfng Nh\u1eadt d\u1ec5 d\u00e0ng&quot;. &quot;Hiragana&quot; \u0111\u01b0\u1ee3c vi\u1ebft cho ch\u1eef kanji.<\/p>\n<\/p><\/div>\n<div class=\"cont-box\">\n<p>B\u1ea5m v\u00e0o \u0111\u00e2y \u0111\u1ec3 xem c\u00e1c video m\u1eabu ti\u1ebfng Nh\u1eadt d\u1ec5 d\u00e0ng<\/p>\n<p class=\"pc-none rs_skip\">Gi\u1ea3i th\u00edch v\u0103n b\u1ea3n v\u00e0 \u00e2m thanh s\u1ebd b\u1eb1ng &quot;ti\u1ebfng Nh\u1eadt d\u1ec5 d\u00e0ng&quot;. &quot;Hiragana&quot; \u0111\u01b0\u1ee3c vi\u1ebft cho ch\u1eef kanji.<\/p>\n<div class=\"movie-area rs_preserve\">\n<div class=\"RS_MESSAGE\"><!--\u3084\u3055\u3057\u3044\u65e5\u672c\u8a9e\u3067\u53d7\u8b1b\u3059\u308b\u3001\u30b5\u30f3\u30d7\u30eb\u52d5\u753b\u3092\u8996\u8074\u3067\u304d\u307e\u3059\u3002--><\/div>\n<div class=\"rs_skip\">\n                                <div style=\"width: 1492px;\" class=\"wp-video\"><video title=\"Video m\u1eabu ti\u1ebfng Nh\u1eadt d\u1ec5 hi\u1ec3u\" class=\"wp-video-shortcode\" id=\"video-2616-1\" width=\"1492\" height=\"1080\" poster=\"\/wp-content\/themes\/kiso-elearning\/images\/study\/otchoice.jpg\" preload=\"metadata\" controls=\"controls\"><source type=\"video\/mp4\" src=\"\/wp-content\/uploads\/2023\/10\/otchoice.mp4?_=1\" \/><a href=\"\/wp-content\/uploads\/2023\/10\/otchoice.mp4\">\/wp-content\/uploads\/2023\/10\/otchoice.mp4<\/a><\/video><\/div>\n                            <\/div>\n<\/p><\/div>\n<\/p><\/div>\n<\/p><\/div>\n<\/p><\/div>\n<\/section>\n<p><!--\u307b\u304b\u306e\u8a00\u8449\u90e8\u5206\u3053\u3053\u307e\u3067--><br \/>\n    <\/article>\n<p><\/main><\/p>","protected":false},"excerpt":{"rendered":"<p>\u307b\u304b\u306e\u8a00\u8449\u3067\u53d7\u8b1b\u3059\u308b\u65b9\u6cd5 \u53d7\u8b1b\u306f\u3084\u3055\u3057\u3044\u65e5\u672c\u8a9e\u52d5\u753b\u3068\u88dc\u52a9\u30c6\u30ad\u30b9\u30c8\u3092\u5229\u7528 \u307b\u304b\u306e\u8a00\u8449\u3067e\u30e9\u30fc\u30cb\u30f3\u30b0\u3092\u53d7\u8b1b\u3059\u308b\u5834\u5408 [&hellip;]<\/p>\n","protected":false},"author":1,"featured_media":0,"parent":0,"menu_order":0,"comment_status":"closed","ping_status":"closed","template":"","meta":{"_acf_changed":false,"_monsterinsights_skip_tracking":false,"_monsterinsights_sitenote_active":false,"_monsterinsights_sitenote_note":"","_monsterinsights_sitenote_category":0,"footnotes":""},"class_list":["post-2616","page","type-page","status-publish","hentry"],"acf":[],"_links":{"self":[{"href":"https:\/\/kiso-elearning.jp\/vi\/wp-json\/wp\/v2\/pages\/2616","targetHints":{"allow":["GET"]}}],"collection":[{"href":"https:\/\/kiso-elearning.jp\/vi\/wp-json\/wp\/v2\/pages"}],"about":[{"href":"https:\/\/kiso-elearning.jp\/vi\/wp-json\/wp\/v2\/types\/page"}],"author":[{"embeddable":true,"href":"https:\/\/kiso-elearning.jp\/vi\/wp-json\/wp\/v2\/users\/1"}],"replies":[{"embeddable":true,"href":"https:\/\/kiso-elearning.jp\/vi\/wp-json\/wp\/v2\/comments?post=2616"}],"version-history":[{"count":40,"href":"https:\/\/kiso-elearning.jp\/vi\/wp-json\/wp\/v2\/pages\/2616\/revisions"}],"predecessor-version":[{"id":2646,"href":"https:\/\/kiso-elearning.jp\/vi\/wp-json\/wp\/v2\/pages\/2616\/revisions\/2646"}],"wp:attachment":[{"href":"https:\/\/kiso-elearning.jp\/vi\/wp-json\/wp\/v2\/media?parent=2616"}],"curies":[{"name":"wp","href":"https:\/\/api.w.org\/{rel}","templated":true}]}}