{"id":2482,"date":"2023-10-24T15:31:08","date_gmt":"2023-10-24T06:31:08","guid":{"rendered":"https:\/\/kiso-elearning.jp\/?page_id=2482"},"modified":"2025-11-23T19:07:52","modified_gmt":"2025-11-23T10:07:52","slug":"dich-vu-dich-thuat","status":"publish","type":"page","link":"https:\/\/kiso-elearning.jp\/vi\/translation-service\/","title":{"rendered":"d\u1ecbch v\u1ee5 d\u1ecbch thu\u1eadt"},"content":{"rendered":"<p><main class=\"sub what-kiso manual-s\" id=\"maincontent\"><\/p>\n<article class=\"\">\n<section class=\"block-headerb\" id=\"elreadid1\">\n<div class=\"c-cont-inner\">\n<h1>d\u1ecbch v\u1ee5 d\u1ecbch thu\u1eadt<\/h1>\n<\/p><\/div>\n<\/section>\n<div class=\"c-cont-inner breadtbext\">\n            <ul aria-label=\"v\u1ee5n b\u00e1nh m\u00ec\"><\/ul>\n        <\/div>\n<section class=\"block01\">\n<div class=\"c-cont-inner langp\">\n<h2>D\u1ecbch v\u1ee5 d\u1ecbch thu\u1eadt<\/h2>\n<p>                <!--\u65e5\u672c\u8a9e--><\/p>\n<p id=\"elreadid2\">Ch\u00fang t\u00f4i s\u1ebd s\u1eed d\u1ee5ng d\u1ecbch v\u1ee5 d\u1ecbch thu\u1eadt b\u00ean ngo\u00e0i \u0111\u1ec3 d\u1ecbch trang ch\u1ee7 th\u00f4ng tin v\u1ec1 kh\u00f3a \u0111\u00e0o t\u1ea1o c\u01a1 b\u1ea3n v\u1ec1 h\u1ecdc t\u1eadp tr\u1ef1c tuy\u1ebfn v\u1ec1 ch\u0103m s\u00f3c ch\u1ee9ng m\u1ea5t tr\u00ed nh\u1edb. V\u00ec \u0111\u01b0\u1ee3c d\u1ecbch m\u1ed9t c\u00e1ch m\u00e1y m\u00f3c n\u00ean b\u1ea3n d\u1ecbch c\u00f3 th\u1ec3 kh\u00f4ng ch\u00ednh x\u00e1c. Xin l\u01b0u \u00fd r\u1eb1ng trung t\u00e2m c\u1ee7a ch\u00fang t\u00f4i kh\u00f4ng ch\u1ecbu tr\u00e1ch nhi\u1ec7m v\u1ec1 b\u1ea5t k\u1ef3 sai s\u00f3t n\u00e0o do t\u00ednh ch\u00ednh x\u00e1c c\u1ee7a b\u1ea3n d\u1ecbch.<\/p>\n<figure id=\"elreadid3\">\n                    <img decoding=\"async\" src=\"\/wp-content\/themes\/kiso-elearning\/images\/choicelang.jpg\" class=\"langbutton\" alt=\"M\u00e0n h\u00ecnh ti\u00eau \u0111\u1ec1 trang ch\u1ee7 hi\u1ec3n th\u1ecb n\u00fat chuy\u1ec3n \u0111\u1ed5i ng\u00f4n ng\u1eef \u1edf g\u00f3c tr\u00ean b\u00ean ph\u1ea3i m\u00e0n h\u00ecnh.\"><br \/>\n                <\/figure>\n<p>                <p id=\"elreadid4\">\u0110\u1ec3 chuy\u1ec3n \u0111\u1ed5i ng\u00f4n ng\u1eef, h\u00e3y ch\u1ecdn n\u00fat chuy\u1ec3n \u0111\u1ed5i ng\u00f4n ng\u1eef \u1edf tr\u00ean c\u00f9ng b\u00ean ph\u1ea3i c\u1ee7a ti\u00eau \u0111\u1ec1. Nh\u1ea5n n\u00fat v\u00e0 m\u1ed9t danh s\u00e1ch s\u1ebd xu\u1ea5t hi\u1ec7n b\u1eb1ng ti\u1ebfng Anh, ti\u1ebfng Trung, ti\u1ebfng Vi\u1ec7t, ti\u1ebfng Indonesia, ti\u1ebfng Mi\u1ebfn \u0110i\u1ec7n, ti\u1ebfng Tagalog v\u00e0 ti\u1ebfng Nepal. M\u00e0n h\u00ecnh s\u1ebd thay \u0111\u1ed5i khi b\u1ea1n ch\u1ecdn ng\u00f4n ng\u1eef b\u1ea1n mu\u1ed1n s\u1eed d\u1ee5ng.<\/p><br \/>\n                <!--\u82f1\u8a9e--><\/p>\n<p class=\"rs_skip_always\" lang=\"en\">Ch\u00fang t\u00f4i s\u1ebd d\u1ecbch trang ch\u1ee7 gi\u1edbi thi\u1ec7u c\u1ee7a kh\u00f3a \u0111\u00e0o t\u1ea1o c\u01a1 b\u1ea3n v\u1ec1 Dementia Care b\u1eb1ng d\u1ecbch v\u1ee5 d\u1ecbch b\u00ean ngo\u00e0i. V\u00ec \u0111\u01b0\u1ee3c d\u1ecbch b\u1eb1ng m\u00e1y n\u00ean c\u00f3 th\u1ec3 c\u00f3 sai s\u00f3t v\u1ec1 t\u00ednh ch\u00ednh x\u00e1c c\u1ee7a b\u1ea3n d\u1ecbch. Xin l\u01b0u \u00fd r\u1eb1ng trung t\u00e2m c\u1ee7a ch\u00fang t\u00f4i kh\u00f4ng th\u1ec3 ch\u1ecbu b\u1ea5t k\u1ef3 tr\u00e1ch nhi\u1ec7m n\u00e0o v\u1ec1 b\u1ea5t k\u1ef3 \u0111i\u1ec1u g\u00ec. nh\u1eefng sai s\u00f3t ho\u1eb7c thi\u1ebfu ch\u00ednh x\u00e1c trong b\u1ea3n d\u1ecbch.<\/p>\n<p lang=\"en\">Vi\u1ec7c l\u1ef1a ch\u1ecdn ng\u00f4n ng\u1eef c\u00f3 th\u1ec3 \u0111\u01b0\u1ee3c th\u1ef1c hi\u1ec7n t\u1eeb n\u00fat chuy\u1ec3n \u0111\u1ed5i ng\u00f4n ng\u1eef \u1edf g\u00f3c tr\u00ean b\u00ean ph\u1ea3i c\u1ee7a ti\u00eau \u0111\u1ec1. Khi b\u1ea1n nh\u1ea5n n\u00fat, m\u1ed9t danh s\u00e1ch ti\u1ebfng Anh, ti\u1ebfng Trung, ti\u1ebfng Vi\u1ec7t, ti\u1ebfng Indonesia, ti\u1ebfng Mi\u1ebfn \u0110i\u1ec7n, ti\u1ebfng Tagalog v\u00e0 ti\u1ebfng Nepal s\u1ebd \u0111\u01b0\u1ee3c hi\u1ec3n th\u1ecb. Ch\u1ecdn ng\u00f4n ng\u1eef mong mu\u1ed1n ng\u00f4n ng\u1eef v\u00e0 m\u00e0n h\u00ecnh s\u1ebd thay \u0111\u1ed5i.<\/p>\n<p>                <!--\u4e2d\u56fd\u8a9e--><\/p>\n<p class=\"rs_skip_always\" lang=\"zh-Hans\">\u0110\u00e2y l\u00e0 ph\u1ea7n gi\u1edbi thi\u1ec7u v\u1ec1 c\u00e1c b\u1ea3n d\u1ecbch b\u00ean ngo\u00e0i m\u00e0 ch\u00fang t\u00f4i s\u1eed d\u1ee5ng cho c\u00e1c b\u1ea3n d\u1ecbch b\u00ean ngo\u00e0i. \u0110\u00e2y l\u00e0 m\u1ed9t b\u1ea3n d\u1ecbch m\u00e1y m\u00f3c, m\u1ed9t b\u1ea3n d\u1ecbch c\u00f3 th\u1ec3 \u0111\u01b0\u1ee3c x\u00e1c nh\u1eadn. H\u00e3y c\u1ea9n th\u1eadn, t\u00f4i kh\u00f4ng ch\u1ecbu tr\u00e1ch nhi\u1ec7m c\u1ee7a gi\u00e1o vi\u00ean khi \u0111ang d\u1ecbch.<\/p>\n<p lang=\"zh-Hans\">B\u1ea1n c\u00f3 th\u1ec3 ch\u1ecdn ng\u00f4n ng\u1eef v\u00e0 ti\u1ebfp t\u1ee5c thay \u0111\u1ed5i ng\u00f4n ng\u1eef \u1edf g\u00f3c tr\u00ean b\u00ean ph\u1ea3i c\u1ee7a ti\u00eau \u0111\u1ec1. \u0110\u00e2y l\u00e0 danh s\u00e1ch c\u00e1c ng\u00f4n ng\u1eef ti\u1ebfng Anh, ti\u1ebfng Trung, ti\u1ebfng Vi\u1ec7t, ti\u1ebfng \u1ea4n-Phi, ti\u1ebfng T\u00e2y Ban Nha, ti\u1ebfng Trung, ti\u1ebfng Trung v\u00e0 ti\u1ebfng H\u00e0n. Ng\u00f4n ng\u1eef l\u1ef1a ch\u1ecdn \u0111\u00e3 \u0111\u01b0\u1ee3c s\u1eeda \u0111\u1ed5i.<\/p>\n<p>                <!--\u30d9\u30c8\u30ca\u30e0\u8a9e--><\/p>\n<p class=\"rs_skip_always\" lang=\"vi\">Alzheimer s\u1eed d\u1ee5ng d\u1ecbch v\u1ee5 t\u1eeb b\u00ean ngo\u00e0i Xin l\u01b0u \u00fd r\u1eb1ng trung t\u00e2m c\u1ee7a ch\u00fang t\u00f4i kh\u00f4ng ch\u1ecbu tr\u00e1ch nhi\u1ec7m v\u1ec1 b\u1ea5t k\u1ef3 l\u1ed7i n\u00e0o ho\u1eb7c kh\u00f4ng ch\u00ednh x\u00e1c n\u00e0o trong b\u1ea3n d\u1ecbch.<\/p>\n<p lang=\"vi\">Khi b\u1ea1n nh ti\u1ebfng Anh, ti\u1ebfng Trung, ti\u1ebfng Vi\u1ec7t, ti\u1ebfng Indonesia, ti\u1ebfng Mi\u1ebfn \u0110i\u1ec7n , ti\u1ebfng Tagalog v\u00e0 ti\u1ebfng Nepal.<\/p>\n<p>                <!--\u30a4\u30f3\u30c9\u30cd\u30b7\u30a2\u8a9e--><\/p>\n<p class=\"rs_skip_always\" lang=\"id\">Kami akan menerjemahkan beranda pengenalan Pelatihan Dasar Perawatan Demensia berbasis e-learning meggunakan layanan terjemahan eksternal. Karena ini diterjemahkan oleh mesin, mungkin ada kesalahan dalam akurasi terjemahan. ketidakakuratan dalam terjemahan ini.<\/p>\n<p lang=\"id\">Ketika Anda menekan tombol tersebut, akan muncul daftar bahasa Inggris, bahasa Cina, bahasa Vietnam, bahasa Indonesia, bahasa Myanmar, bahasa Tagalog, dan bahasa Nepal. Pilih bahasa yang diing inkan, Dan tampilan akan berubah.<\/p>\n<p>                <!--\u30df\u30e3\u30f3\u30de\u30fc\u8a9e--><\/p>\n<p class=\"rs_skip_always\" lang=\"my\">t\u00ecnh y\u00eau \u0110\u00e0o t\u1ea1o c\u01a1 b\u1ea3n v\u1ec1 Ch\u0103m s\u00f3c ch\u1ee9ng m\u1ea5t tr\u00ed nh\u1edb \u101e\u1004\u103a\u1010\u1014\u103a\u1038\u1010\u101c\u1031\u1038 e-learning \u1000\u102d\u102f\u1021\u1015\u103c\u1014\u103a\u1000\u103c\u103d\u1000\u103a\u101c\u1015\u103a\u1005\u103d\u102c\u1005\u102c\u1038\u1015\u103d\u1032\u1015 t\u00ecnh y\u00eau t\u00ecnh y\u00eau m\u1ed9t ch\u00fat t\u00ecnh y\u00eau<\/p>\n<p>t\u00ecnh y\u00eau m\u1ed9t ng\u01b0\u1eddi y\u00eau th\u00edch b\u1ea1n c\u00f3 th\u1ec3 l\u00e0m \u0111\u01b0\u1ee3c \u0111i\u1ec1u \u0111\u00f3 kh\u00f4ng? . \u103d \u1000\u103a \u1021\u1004\u103a\u1039\u1002\u101c\u102d\u1015\u103a\u104a \u1010\u101b\u102f\u1010\u103a\u104a \u1017\u102e\u101a\u1000\u103a\u1014\u1019\u103a\u104a \u1021\u1004\u103a\u1012\u102d\u102f\u1014\u102e\u1038\u101b\u103e\u102c \u1038 \u104a \u102d\u102f\u1000\u103a\u1019\u103c\u1014\u103a\u1019\u102c\u1021\u1010\u103d\u1000\u103a \u1021\u101e\u102f\u1036\u1038\u1015\u103c\u102f\u1015\u102b\u104b \u101e\u1004\u103a\u101b\u1031\u102c\u1000\u103a\u1019\u100a\u103a\u101b \u101a\u1030\u1015\u102b\u104b<\/p>\n<p>                <!--\u30bf\u30ac\u30ed\u30b0\u8a9e--><\/p>\n<p class=\"rs_skip_always\" lang=\"tl\">Dahil ito ay isang makinaryang pagsasalin-wika, maaaaring magkaruon ng mga kamalian sa kahusayan ng pagsasalin. na ti\u1ebfng Hin-ddi namin maaaring pasanin ang anumang responsibilidad ang aming sentro para sa mga pagkakamali o hindi kapani-paniwala na salinwika.<\/p>\n<p lang=\"tl\">Ang pagpili ng wika ay maaaaring gawin mula sa pindutan ng paglipat wika sa kanang itaas ng header. Kapag pindutin mo ang pindutan, ipapakita ang isang listahan ng Ingles, Tsino, Vietnamese, Indonesia, Mi\u1ebfn \u0110i\u1ec7n, Tagalog, v\u00e0 Nepali. , at magbabago ang display .<\/p>\n<p>                <!--\u30cd\u30d1\u30fc\u30eb\u8a9e --><\/p>\n<p class=\"rs_skip_always\" lang=\"ne\">\u0939\u093e\u092e\u094d\u0930\u094b \u0915\u0947\u0928\u094d\u0926\u094d\u0930\u0932\u0947 \u092a\u0930\u094d\u0935\u093e\u0939 \u0928\u0917\u0930\u094d\u0926\u0948, \u0939\u093e\u092e\u094d\u0930\u094b \u0915\u0947\u0928\u094d\u0926\u094d B\u1ea1n c\u00f3 th\u1ec3 l\u00e0m \u0111i\u1ec1u \u0111\u00f3, b\u1ea1n c\u00f3 th\u1ec3 l\u00e0m \u0111i\u1ec1u \u0111\u00f3. \u0938\u0947\u0935\u093e\u092e\u093e . . B\u1ea1n c\u00f3 th\u1ec3 l\u00e0m \u0111i\u1ec1u \u0111\u00f3 v\u1edbi t\u00f4i. B\u1ea1n c\u00f3 th\u1ec3 l\u00e0m \u0111i\u1ec1u \u0111\u00f3 v\u1edbi t\u00f4i. \u090f \u0915\u094b \u091b \u092d\u0928\u0947\u0930 \u092f\u093e\u0926 \u0917\u0930\u094d\u0928\u0941\u0939\u094b\u0938\u094d\u0964 . \u094d\u0926\u094d\u0930\u0932\u0947 \u0905\u0928\u0941\u0935\u093e\u0926\u092e\u093e \u0915\u0941\u0928\u0948 \u092a\u0928\u093f \u0917\u0932\u094d\u0924\u0940 \u0935 \u093e \u0941<\/p>\n<p lang=\"ne\">B\u1ea1n c\u00f3 th\u1ec3 l\u00e0m \u0111i\u1ec1u \u0111\u00f3 m\u1ed9t c\u00e1ch d\u1ec5 d\u00e0ng. B\u1ea1n c\u00f3 th\u1ec3 l\u00e0m \u0111i\u1ec1u \u0111\u00f3 m\u1ed9t c\u00e1ch d\u1ec5 d\u00e0ng. V\u00e2ng, \u0924\u092a\u093e\u0908\u0902\u0915\u094b \u0938\u0902\u0915\u0947\u0924 \u0917\u0930\u093f\u090f\u0915\u094b \u091b \u0905\u0902\u0917\u094d\u0930\u0947\u091c\u0940, \u091a\u093f\u0928\u093f\u092f\u093e\u0901, \u1ed3 b\u1ea1n, \u0907\u0928\u094d\u0921\u094b\u0928\u0947\u0938\u093f\u092f\u093e\u0908, \u092c\u0930\u094d\u092e\u0940, \u0924\u0917\u093e\u0932\u094b\u0917, v\u00e0 \u0938 \u0942\u091a\u0940\u0965 \u094d\u0924\u0928 \u0917\u0930\u093f\u0928\u0947\u091b\u0964<\/p>\n<\/p><\/div>\n<\/section>\n<\/article>\n<p><\/main><\/p>","protected":false},"excerpt":{"rendered":"<p>\u7ffb\u8a33\u30b5\u30fc\u30d3\u30b9 Translation service\uff08\u7ffb\u8a33\u30b5\u30fc\u30d3\u30b9\uff09 \u8a8d\u77e5\u75c7\u4ecb\u8b77\u57fa\u790e\u7814\u4feee\u30e9\u30fc\u30cb\u30f3\u30b0\u306e\u6848\u5185\u30db\u30fc [&hellip;]<\/p>\n","protected":false},"author":1,"featured_media":0,"parent":0,"menu_order":0,"comment_status":"closed","ping_status":"closed","template":"","meta":{"_acf_changed":false,"_monsterinsights_skip_tracking":false,"_monsterinsights_sitenote_active":false,"_monsterinsights_sitenote_note":"","_monsterinsights_sitenote_category":0,"footnotes":""},"class_list":["post-2482","page","type-page","status-publish","hentry"],"acf":[],"_links":{"self":[{"href":"https:\/\/kiso-elearning.jp\/vi\/wp-json\/wp\/v2\/pages\/2482","targetHints":{"allow":["GET"]}}],"collection":[{"href":"https:\/\/kiso-elearning.jp\/vi\/wp-json\/wp\/v2\/pages"}],"about":[{"href":"https:\/\/kiso-elearning.jp\/vi\/wp-json\/wp\/v2\/types\/page"}],"author":[{"embeddable":true,"href":"https:\/\/kiso-elearning.jp\/vi\/wp-json\/wp\/v2\/users\/1"}],"replies":[{"embeddable":true,"href":"https:\/\/kiso-elearning.jp\/vi\/wp-json\/wp\/v2\/comments?post=2482"}],"version-history":[{"count":37,"href":"https:\/\/kiso-elearning.jp\/vi\/wp-json\/wp\/v2\/pages\/2482\/revisions"}],"predecessor-version":[{"id":7150,"href":"https:\/\/kiso-elearning.jp\/vi\/wp-json\/wp\/v2\/pages\/2482\/revisions\/7150"}],"wp:attachment":[{"href":"https:\/\/kiso-elearning.jp\/vi\/wp-json\/wp\/v2\/media?parent=2482"}],"curies":[{"name":"wp","href":"https:\/\/api.w.org\/{rel}","templated":true}]}}