{"id":2309,"date":"2023-10-16T10:36:07","date_gmt":"2023-10-16T01:36:07","guid":{"rendered":"https:\/\/kiso-elearning.jp\/?page_id=2309"},"modified":"2025-12-02T11:04:02","modified_gmt":"2025-12-02T02:04:02","slug":"gioi-thieu-ve-trung-tam","status":"publish","type":"page","link":"https:\/\/kiso-elearning.jp\/vi\/about-center\/","title":{"rendered":"T\u1ed5 ch\u1ee9c qu\u1ea3n l\u00fd"},"content":{"rendered":"<section class=\"block07 bg-blue\" id=\"elreadid1\">\n            <span class=\"anc-point\" id=\"group\"><\/span><\/p>\n<div class=\"c-cont-inner breadtbext\" id=\"maincontent-center\">\n            <ul aria-label=\"v\u1ee5n b\u00e1nh m\u00ec\"><\/ul>\n        <\/div>\n<div class=\"c-cont-inner\">\n<h1 class=\"icn07\">T\u1ed5 ch\u1ee9c qu\u1ea3n l\u00fd<\/h1>\n<p class=\"name\">C\u00f4ng ty ph\u00fac l\u1ee3i x\u00e3 h\u1ed9i Tohoku Fukushikai <br \/>Trung t\u00e2m Nghi\u00ean c\u1ee9u v\u00e0 \u0110\u00e0o t\u1ea1o Ch\u0103m s\u00f3c Ch\u1ee9ng m\u1ea5t tr\u00ed nh\u1edb Sendai<\/p>\n<h2>T\u1ed5ng quan v\u1ec1 trung t\u00e2m<\/h2>\n<\/p><\/div>\n<div class=\"bg-img\">\n<div class=\"c-cont-inner upper\">\n<div class=\"txt-box\">\n<p>Trung t\u00e2m Nghi\u00ean c\u1ee9u v\u00e0 \u0110\u00e0o t\u1ea1o Ch\u0103m s\u00f3c B\u1ec7nh m\u1ea5t tr\u00ed nh\u1edb Sendai \u0111\u01b0\u1ee3c th\u00e0nh l\u1eadp n\u0103m 2001 v\u1edbi t\u01b0 c\u00e1ch l\u00e0 m\u1ed9t trong ba trung t\u00e2m tr\u00ean to\u00e0n qu\u1ed1c (Tokyo, Obu v\u00e0 Sendai) l\u00e0 c\u01a1 quan c\u1ed1t l\u00f5i v\u1ec1 nghi\u00ean c\u1ee9u v\u00e0 \u0111\u00e0o t\u1ea1o v\u1ec1 ch\u0103m s\u00f3c b\u1ec7nh m\u1ea5t tr\u00ed nh\u1edb \u1edf Nh\u1eadt B\u1ea3n.<\/p>\n<p>Trung t\u00e2m Sendai c\u00f3 hai ch\u1ee9c n\u0103ng ch\u00ednh. N\u00f3 c\u00f3 ch\u1ee9c n\u0103ng nghi\u00ean c\u1ee9u g\u00f3p ph\u1ea7n n\u00e2ng cao ch\u1ea5t l\u01b0\u1ee3ng ch\u0103m s\u00f3c ng\u01b0\u1eddi gi\u00e0 m\u1eafc ch\u1ee9ng m\u1ea5t tr\u00ed nh\u1edb v\u00e0 c\u00f3 ch\u1ee9c n\u0103ng l\u00e0 trung t\u00e2m \u0111\u00e0o t\u1ea1o \u0111\u00e0o t\u1ea1o c\u00e1c gi\u1ea3ng vi\u00ean \u0111\u1ec3 \u0111\u00e0o t\u1ea1o nh\u1eefng ng\u01b0\u1eddi h\u00e0nh ngh\u1ec1 ch\u0103m s\u00f3c ch\u1ee9ng m\u1ea5t tr\u00ed nh\u1edb \u1edf Hokkaido, Tohoku v\u00e0 v\u00f9ng Shikoku-Chugoku.<\/p>\n<\/p><\/div>\n<\/p><\/div>\n<\/p><\/div>\n<div class=\"c-cont-inner lower\">\n<figure class=\"bnr01\"><a href=\"https:\/\/www.dcnet.gr.jp\/\"\n                class=\"h-opa\"\n                target=\"_blank\"\n                rel=\"noopener\"\n                role=\"button\"\n                aria-label=\"M\u1ea1ng l\u01b0\u1edbi th\u00f4ng tin ch\u0103m s\u00f3c ch\u1ee9ng m\u1ea5t tr\u00ed nh\u1edb \u0110\u1ec3 bi\u1ebft th\u00eam th\u00f4ng tin v\u1ec1 trung t\u00e2m c\u1ee7a ch\u00fang t\u00f4i, h\u00e3y nh\u1ea5p v\u00e0o \u0111\u00e2y (m\u1edf trang web b\u00ean ngo\u00e0i trong tab m\u1edbi)\"><\/p>\n<p>                <!-- PC\u7528\uff1a\u4e2d\u306e\u6587\u5b57\u3092\u305d\u306e\u307e\u307e alt \u306b --><br \/>\n                <img decoding=\"async\" src=\"\/wp-content\/themes\/kiso-elearning\/images\/top\/top_block07_bnr01.png\"\n                    class=\"sp-none\"\n                    alt=\"M\u1ea1ng l\u01b0\u1edbi th\u00f4ng tin ch\u0103m s\u00f3c ng\u01b0\u1eddi m\u1eafc ch\u1ee9ng m\u1ea5t tr\u00ed nh\u1edb. \u0110\u1ec3 bi\u1ebft th\u00eam th\u00f4ng tin v\u1ec1 trung t\u00e2m c\u1ee7a ch\u00fang t\u00f4i, h\u00e3y nh\u1ea5p v\u00e0o \u0111\u00e2y.\"><\/p>\n<p>                <!-- SP\u7528\u753b\u50cf\u306f\u88c5\u98fe\u6271\u3044\u306b\u3057\u3066\u3082OK --><br \/>\n                <img decoding=\"async\" src=\"\/wp-content\/themes\/kiso-elearning\/images\/top\/top_block07_bnr01_sp.png\"\n                    class=\"pc-none rs_skip\"\n                    alt=\"\"><br \/>\n                <\/a><\/figure>\n<div class=\"gmap\">\n<figure><iframe src=\"https:\/\/www.google.com\/maps\/embed?pb=!1m14!1m8!1m3!1d4428.960009990255!2d140.83511343455228!3d38.2853420039796!3m2!1i1024!2i768!4f13.1!3m3!1m2!1s0x0%3A0x1390335c47e73e0!2z6KqN55-l55eH5LuL6K2356CU56m244O756CU5L-u5LuZ5Y-w44K744Oz44K_44O8!5e0!3m2!1sja!2sjp!4v1671941264855!5m2!1sja!2sjp\" width=\"100%\" height=\"250px\" style=\"border:0;\" allowfullscreen=\"\" loading=\"lazy\" referrerpolicy=\"no-referrer-when-downgrade\" title=\"B\u1ea3n \u0111\u1ed3 h\u01b0\u1edbng d\u1eabn trung t\u00e2m Sendai\"><\/iframe><\/figure>\n<p>                    <a href=\"https:\/\/goo.gl\/maps\/xAHQyu9awWaf5t5fA\" target=\"_blank\" rel=\"noopener\">Xem tr\u00ean b\u1ea3n \u0111\u1ed3 Google<\/a>\n                <\/div>\n<\/section>","protected":false},"excerpt":{"rendered":"<p>\u904b\u55b6\u7d44\u7e54 \u793e\u4f1a\u798f\u7949\u6cd5\u4eba\u6771\u5317\u798f\u7949\u4f1a \u8a8d\u77e5\u75c7\u4ecb\u8b77\u7814\u7a76\u30fb\u7814\u4fee \u4ed9\u53f0\u30bb\u30f3\u30bf\u30fc \u30bb\u30f3\u30bf\u30fc\u6982\u8981 \u3000\u8a8d\u77e5\u75c7\u4ecb\u8b77\u7814\u7a76\u30fb\u7814\u4fee \u4ed9 [&hellip;]<\/p>\n","protected":false},"author":1,"featured_media":0,"parent":0,"menu_order":0,"comment_status":"closed","ping_status":"closed","template":"page-about-center.php","meta":{"_acf_changed":false,"_monsterinsights_skip_tracking":false,"_monsterinsights_sitenote_active":false,"_monsterinsights_sitenote_note":"","_monsterinsights_sitenote_category":0,"footnotes":""},"class_list":["post-2309","page","type-page","status-publish","hentry"],"acf":[],"_links":{"self":[{"href":"https:\/\/kiso-elearning.jp\/vi\/wp-json\/wp\/v2\/pages\/2309","targetHints":{"allow":["GET"]}}],"collection":[{"href":"https:\/\/kiso-elearning.jp\/vi\/wp-json\/wp\/v2\/pages"}],"about":[{"href":"https:\/\/kiso-elearning.jp\/vi\/wp-json\/wp\/v2\/types\/page"}],"author":[{"embeddable":true,"href":"https:\/\/kiso-elearning.jp\/vi\/wp-json\/wp\/v2\/users\/1"}],"replies":[{"embeddable":true,"href":"https:\/\/kiso-elearning.jp\/vi\/wp-json\/wp\/v2\/comments?post=2309"}],"version-history":[{"count":28,"href":"https:\/\/kiso-elearning.jp\/vi\/wp-json\/wp\/v2\/pages\/2309\/revisions"}],"predecessor-version":[{"id":7234,"href":"https:\/\/kiso-elearning.jp\/vi\/wp-json\/wp\/v2\/pages\/2309\/revisions\/7234"}],"wp:attachment":[{"href":"https:\/\/kiso-elearning.jp\/vi\/wp-json\/wp\/v2\/media?parent=2309"}],"curies":[{"name":"wp","href":"https:\/\/api.w.org\/{rel}","templated":true}]}}