{"id":163,"date":"2022-12-26T00:27:18","date_gmt":"2022-12-25T15:27:18","guid":{"rendered":"https:\/\/kiso-elearning.jp\/?page_id=163"},"modified":"2026-04-20T15:35:09","modified_gmt":"2026-04-20T06:35:09","slug":"thu-cong","status":"publish","type":"page","link":"https:\/\/kiso-elearning.jp\/vi\/manual\/","title":{"rendered":"H\u01b0\u1edbng d\u1eabn v\u1eadn h\u00e0nh e-learning \u0111\u00e0o t\u1ea1o c\u01a1 b\u1ea3n v\u1ec1 ch\u0103m s\u00f3c ch\u1ee9ng m\u1ea5t tr\u00ed nh\u1edb"},"content":{"rendered":"<p><main class=\"sub manual\" id=\"maincontent\"><\/p>\n<article>\n<section class=\"block-header\" id=\"elreadid1\">\n<div class=\"c-cont-inner\">\n<h1 class=\"fs330\">\u0110\u00e0o t\u1ea1o c\u01a1 b\u1ea3n v\u1ec1 ch\u0103m s\u00f3c ch\u1ee9ng m\u1ea5t tr\u00ed nh\u1edb \u0111i\u1ec7n t\u1eed<br \/>h\u01b0\u1edbng d\u1eabn v\u1eadn h\u00e0nh<\/h1>\n<\/p><\/div>\n<\/section>\n<div class=\"c-cont-inner breadtbext\" style=\"clear:none;\">\n                    <ul aria-label=\"v\u1ee5n b\u00e1nh m\u00ec\"><\/ul>\n                <\/div>\n<div class=\"block01\" id=\"elreadid2\">\n<div class=\"c-cont-inner\">\n<div class=\"flx-box\">\n<div class=\"cont-box upper\">\n<figure class=\"rs_skip\"><img decoding=\"async\" src=\"\/wp-content\/themes\/kiso-elearning\/images\/manual\/img01n.png\" alt=\"S\u1ed5 tay h\u01b0\u1edbng d\u1eabn v\u1eadn h\u00e0nh \u0111\u00e0o t\u1ea1o c\u01a1 b\u1ea3n v\u1ec1 ch\u0103m s\u00f3c ch\u1ee9ng m\u1ea5t tr\u00ed nh\u1edb tr\u1ef1c tuy\u1ebfn (d\u00e0nh cho ng\u01b0\u1eddi tham gia)\"><\/figure>\n<div style=\"padding-top:22px;\">\n                    <span id=\"yasashii\"><\/span><br \/>\n                  <a href=\"https:\/\/dcnet.marutto.biz\/e-learning\/manual\/\" class=\"h-opa\" aria-label=\"S\u1ed5 tay h\u01b0\u1edbng d\u1eabn v\u1eadn h\u00e0nh kh\u00f3a h\u1ecdc tr\u1ef1c tuy\u1ebfn &quot;\u0110\u00e0o t\u1ea1o c\u01a1 b\u1ea3n v\u1ec1 ch\u0103m s\u00f3c ng\u01b0\u1eddi m\u1eafc ch\u1ee9ng m\u1ea5t tr\u00ed nh\u1edb&quot; (d\u00e0nh cho h\u1ecdc vi\u00ean) v\u00e0 h\u01b0\u1edbng d\u1eabn chi ti\u1ebft c\u00f3 t\u1ea1i \u0111\u00e2y (b\u1eb1ng ti\u1ebfng Nh\u1eadt). M\u1ed9t trang web b\u00ean ngo\u00e0i s\u1ebd \u0111\u01b0\u1ee3c m\u1edf trong tab m\u1edbi.\" target=\"_bkank\" rel=\"nofollow\">B\u1ea5m v\u00e0o \u0111\u00e2y \u0111\u1ec3 xem h\u01b0\u1edbng d\u1eabn v\u1eadn h\u00e0nh (ti\u1ebfng Nh\u1eadt)<\/a>\n                  <\/div>\n<\/p><\/div>\n<div class=\"cont-box lower\">\n<figure class=\"rs_skip\"><img decoding=\"async\" src=\"\/wp-content\/themes\/kiso-elearning\/images\/manual\/img02.png\" alt=\"Kh\u00f3a \u0111\u00e0o t\u1ea1o tr\u1ef1c tuy\u1ebfn v\u1ec1 Ch\u0103m s\u00f3c b\u1ec7nh nh\u00e2n sa s\u00fat tr\u00ed tu\u1ec7 (Ph\u1ea7n gi\u1ea3i th\u00edch \u0111\u01b0\u1ee3c vi\u1ebft b\u1eb1ng ti\u1ebfng Nh\u1eadt d\u1ec5 hi\u1ec3u (N4))\"><\/figure>\n<div>\n                  <a href=\"\/wp-content\/themes\/kiso-elearning\/images\/pdf\/multi_manualv1.2.pdf\" class=\"h-opa\" aria-label=\"Kh\u00f3a \u0111\u00e0o t\u1ea1o c\u01a1 b\u1ea3n v\u1ec1 ch\u0103m s\u00f3c ng\u01b0\u1eddi m\u1eafc ch\u1ee9ng m\u1ea5t tr\u00ed nh\u1edb (H\u01b0\u1edbng d\u1eabn n\u00e0y \u0111\u01b0\u1ee3c vi\u1ebft b\u1eb1ng ti\u1ebfng Nh\u1eadt \u0111\u01a1n gi\u1ea3n (N4)). H\u01b0\u1edbng d\u1eabn d\u00e0nh cho ng\u01b0\u1eddi d\u00f9ng c\u00e1c ng\u00f4n ng\u1eef kh\u00e1c c\u00f3 t\u1ea1i \u0111\u00e2y (ti\u1ebfng Nh\u1eadt \u0111\u01a1n gi\u1ea3n: PDF).\">B\u1ea5m v\u00e0o \u0111\u00e2y \u0111\u1ec3 xem h\u01b0\u1edbng d\u1eabn v\u1eadn h\u00e0nh cho nh\u1eefng ng\u01b0\u1eddi n\u00f3i c\u00e1c ng\u00f4n ng\u1eef kh\u00e1c<br \/>(Ti\u1ebfng Nh\u1eadt d\u1ec5 d\u00e0ng:PDF)<\/a>\n                  <\/div>\n<\/p><\/div>\n<\/p><\/div>\n<\/p><\/div>\n<\/p><\/div>\n<div id=\"officemanu\" class=\"anc-point\"><\/div>\n<section class=\"block-header\"  id=\"elreadid4\">\n<div class=\"c-cont-inner\">\n<h2>D\u00e0nh cho v\u0103n ph\u00f2ng kinh doanh<br \/>h\u01b0\u1edbng d\u1eabn v\u1eadn h\u00e0nh<\/h2>\n<\/p><\/div>\n<\/section>\n<div class=\"block01\" id=\"elreadid5\">\n<div class=\"c-cont-inner\">\n<div class=\"flx-box\">\n<div class=\"cont-box upper\">\n<figure class=\"rs_skip\"><img decoding=\"async\" src=\"\/wp-content\/themes\/kiso-elearning\/images\/manual\/office_img19.png\" alt=\"S\u1ed5 tay h\u01b0\u1edbng d\u1eabn v\u1eadn h\u00e0nh \u0111\u00e0o t\u1ea1o c\u01a1 b\u1ea3n v\u1ec1 ch\u0103m s\u00f3c ch\u1ee9ng m\u1ea5t tr\u00ed nh\u1edb tr\u1ef1c tuy\u1ebfn (d\u00e0nh cho doanh nghi\u1ec7p)\"><\/figure>\n<div>\n                  <a href=\"\/wp-content\/themes\/kiso-elearning\/images\/pdf\/office_representative_manualv1.9.pdf\" class=\"h-opa\" aria-label=\"H\u01b0\u1edbng d\u1eabn v\u1eadn h\u00e0nh \u0111\u00e0o t\u1ea1o tr\u1ef1c tuy\u1ebfn c\u01a1 b\u1ea3n v\u1ec1 ch\u0103m s\u00f3c ng\u01b0\u1eddi m\u1eafc ch\u1ee9ng m\u1ea5t tr\u00ed nh\u1edb (d\u00e0nh cho doanh nghi\u1ec7p). H\u01b0\u1edbng d\u1eabn v\u1eadn h\u00e0nh d\u00e0nh cho doanh nghi\u1ec7p c\u00f3 s\u1eb5n t\u1ea1i \u0111\u00e2y: PDF\">B\u1ea5m v\u00e0o \u0111\u00e2y \u0111\u1ec3 xem h\u01b0\u1edbng d\u1eabn v\u1eadn h\u00e0nh v\u0103n ph\u00f2ng kinh doanh: PDF<\/a>\n                  <\/div>\n<\/p><\/div>\n<\/p><\/div>\n<\/p><\/div>\n<\/p><\/div>\n<\/article>\n<p><\/main><\/p>","protected":false},"excerpt":{"rendered":"<p>\u8a8d\u77e5\u75c7\u4ecb\u8b77\u57fa\u790e\u7814\u4feee\u30e9\u30fc\u30cb\u30f3\u30b0\u306e\u64cd\u4f5c\u30de\u30cb\u30e5\u30a2\u30eb \u64cd\u4f5c\u8aac\u660e\u306f\u3053\u3061\u3089\uff08\u65e5\u672c\u8a9e\uff09 \u307b\u304b\u306e\u8a00\u8449\u306e\u65b9\u5411\u3051\u64cd\u4f5c\u8aac\u660e\u306f\u3053\u3061\u3089 [&hellip;]<\/p>\n","protected":false},"author":1,"featured_media":0,"parent":0,"menu_order":13,"comment_status":"closed","ping_status":"closed","template":"","meta":{"_acf_changed":false,"_monsterinsights_skip_tracking":false,"_monsterinsights_sitenote_active":false,"_monsterinsights_sitenote_note":"","_monsterinsights_sitenote_category":0,"footnotes":""},"class_list":["post-163","page","type-page","status-publish","hentry"],"acf":[],"_links":{"self":[{"href":"https:\/\/kiso-elearning.jp\/vi\/wp-json\/wp\/v2\/pages\/163","targetHints":{"allow":["GET"]}}],"collection":[{"href":"https:\/\/kiso-elearning.jp\/vi\/wp-json\/wp\/v2\/pages"}],"about":[{"href":"https:\/\/kiso-elearning.jp\/vi\/wp-json\/wp\/v2\/types\/page"}],"author":[{"embeddable":true,"href":"https:\/\/kiso-elearning.jp\/vi\/wp-json\/wp\/v2\/users\/1"}],"replies":[{"embeddable":true,"href":"https:\/\/kiso-elearning.jp\/vi\/wp-json\/wp\/v2\/comments?post=163"}],"version-history":[{"count":48,"href":"https:\/\/kiso-elearning.jp\/vi\/wp-json\/wp\/v2\/pages\/163\/revisions"}],"predecessor-version":[{"id":8584,"href":"https:\/\/kiso-elearning.jp\/vi\/wp-json\/wp\/v2\/pages\/163\/revisions\/8584"}],"wp:attachment":[{"href":"https:\/\/kiso-elearning.jp\/vi\/wp-json\/wp\/v2\/media?parent=163"}],"curies":[{"name":"wp","href":"https:\/\/api.w.org\/{rel}","templated":true}]}}