{"id":160,"date":"2022-12-26T00:03:04","date_gmt":"2022-12-25T15:03:04","guid":{"rendered":"https:\/\/kiso-elearning.jp\/?page_id=160"},"modified":"2025-12-24T09:58:39","modified_gmt":"2025-12-24T00:58:39","slug":"ngon-ngu","status":"publish","type":"page","link":"https:\/\/kiso-elearning.jp\/vi\/language\/","title":{"rendered":"Ti\u1ebfng Nh\u1eadt d\u1ec5 (N4)\/C\u00e1ch ch\u1ecdn trang cho t\u1eeb kh\u00e1c"},"content":{"rendered":"<p><main class=\"sub language\" id=\"maincontent\"><\/p>\n<article>\n<div class=\"block-header\" id=\"elreadid1\">\n<div class=\"c-cont-inner\">\n<h1 class=\"fs330\">Ti\u1ebfng Nh\u1eadt \u0111\u01a1n gi\u1ea3n (N4)\u30fb<br \/>C\u00e1ch ch\u1ecdn trang c\u00f3 ng\u00f4n ng\u1eef kh\u00e1c<\/h1>\n<\/p><\/div>\n<\/p><\/div>\n<div class=\"c-cont-inner breadtbext\" style=\"clear:none;\">\n                    <ul aria-label=\"v\u1ee5n b\u00e1nh m\u00ec\"><\/ul>\n                <\/div>\n<div class=\"block01\" id=\"elreadid2\">\n<div class=\"c-cont-inner\">\n<div class=\"cont-box\">\n<figure><img decoding=\"async\" src=\"\/wp-content\/themes\/kiso-elearning\/images\/lingu\/img01.png\" alt=\"M\u00e0n h\u00ecnh Trang c\u1ee7a t\u00f4i d\u00e0nh cho h\u1ecdc sinh. N\u1ed9i dung &quot;Th\u00eam t\u1eeb \u1edf \u0111\u00e2y&quot; n\u1eb1m \u1edf ph\u00eda b\u00ean ph\u1ea3i m\u00e0n h\u00ecnh.\"><\/figure>\n<div class=\"txt-box\">\n<div class=\"txt txt01\">\n<p>Nh\u1ea5p v\u00e0o \u0111\u00e2y \u0111\u1ec3 bi\u1ebft th\u00eam c\u00e1c t\u1eeb kh\u00e1c<\/p>\n<\/div><\/div>\n<\/p><\/div>\n<p>                <span class=\"arrow left\"><img decoding=\"async\" src=\"\/wp-content\/themes\/kiso-elearning\/images\/arr01.png\" alt=\"\"><\/span><\/p>\n<div class=\"cont-box cont-box\">\n<figure class=\"sp-none\"><img decoding=\"async\" src=\"\/wp-content\/themes\/kiso-elearning\/images\/lingu\/img02b.png\" alt=\"M\u00e0n h\u00ecnh l\u1ef1a ch\u1ecdn \u0111a ng\u00f4n ng\u1eef. Ti\u1ebfng Nh\u1eadt, Ti\u1ebfng Nh\u1eadt d\u1ec5 h\u1ecdc (N4), Ti\u1ebfng Anh, Ti\u1ebfng Vi\u1ec7t, Ti\u1ebfng Indonesia, Ti\u1ebfng Trung, Ti\u1ebfng Mi\u1ebfn \u0110i\u1ec7n, Ti\u1ebfng Tagalog, Ti\u1ebfng Nepal, 9 li\u00ean k\u1ebft\"><\/figure>\n<figure class=\"pc-none\"><img decoding=\"async\" src=\"\/wp-content\/themes\/kiso-elearning\/images\/language\/img02b_sp.png\" class=\"rs_skip\" alt=\"M\u00e0n h\u00ecnh l\u1ef1a ch\u1ecdn \u0111a ng\u00f4n ng\u1eef. Ti\u1ebfng Nh\u1eadt, Ti\u1ebfng Nh\u1eadt d\u1ec5 h\u1ecdc (N4), Ti\u1ebfng Anh, Ti\u1ebfng Vi\u1ec7t, Ti\u1ebfng Indonesia, Ti\u1ebfng Trung, Ti\u1ebfng Mi\u1ebfn \u0110i\u1ec7n, Ti\u1ebfng Tagalog, Ti\u1ebfng Nepal, 9 li\u00ean k\u1ebft\"><\/figure>\n<div class=\"txt-box\" aria-label=\"\u0110\u1ec3 quay l\u1ea1i m\u00e0n h\u00ecnh tr\u00ean c\u00f9ng b\u1eb1ng ti\u1ebfng Nh\u1eadt th\u00f4ng th\u01b0\u1eddng, h\u00e3y nh\u1ea5p v\u00e0o Ti\u1ebfng Nh\u1eadt\/Ti\u1ebfng Nh\u1eadt (b\u1ea3n \u0111\u1ecba). Ch\u1ecdn m\u1ed9t trong t\u00e1m ng\u00f4n ng\u1eef hi\u1ec3n th\u1ecb v\u00e0 nh\u1ea5p v\u00e0o.\">\n<div class=\"txt txt02 rs_skip\">\n<p>Ch\u1ecdn m\u1ed9t trong 8 ng\u00f4n ng\u1eef hi\u1ec3n th\u1ecb v\u00e0 nh\u1ea5n<\/p>\n<\/div>\n<div class=\"txt txt03b rs_skip\">\n<p>\u0110\u1ec3 tr\u1edf v\u1ec1 trang \u0111\u1ea7u ti\u1ebfng Nh\u1eadt b\u00ecnh th\u01b0\u1eddng, h\u00e3y nh\u1ea5p v\u00e0o Ti\u1ebfng Nh\u1eadt\/ <span lang=\"en\">Ti\u1ebfng Nh\u1eadt (b\u1ea3n \u0111\u1ecba)<\/span>Nh\u1ea5p chu\u1ed9t<\/p>\n<\/div><\/div>\n<\/p><\/div>\n<p>                <!--<span class=\"arrow center\"><img decoding=\"async\" src=\"\/wp-content\/themes\/kiso-elearning\/images\/arr01.png\" alt=\"\u77e2\u5370\u753b\u50cf\u3002\u5404\u8a00\u8449\u306e\u30ea\u30f3\u30af\u3092\u62bc\u3057\u305f\u5f8c\u306e\u753b\u50cf\u306b\u8a98\u5c0e\u3057\u3066\u3044\u308b\"><\/span>\n                \n\n<div class=\"cont-box img-center\">\n                    \n\n<figure><img decoding=\"async\" src=\"\/wp-content\/themes\/kiso-elearning\/images\/language\/img03.png\" alt=\"\u3084\u3055\u3057\u3044\u65e5\u672c\u8a9e\u30687\u3064\u306e\u8a00\u8a9e\u3067\u306e\u30c8\u30c3\u30d7\u753b\u9762\u306e\u8868\u793a\u3002\u3059\u3079\u3066\u306e\u753b\u9762\u3092\u4e26\u3079\u3066\u9055\u3044\u3092\u793a\u3057\u3066\u3044\u308b\u3002\"><\/figure>\n\n\n                    \n\n<div class=\"txt txt04\">\n\n<p>\u9078\u3093\u3060\u8a00\u8a9e\u306e\u30c8\u30c3\u30d7\u30da\u30fc\u30b8\u304c\u958b\u304f\u306e\u3067\u3001\u5404\u8a00\u8a9e\u306e<span><strong>\u3082\u3046\u3057\u3053\u307f\u30dc\u30bf\u30f3\u3092\u30af\u30ea\u30c3\u30af\u3057\u3066\u624b\u7d9a\u304d\u3092\u3057\u307e\u3059<\/strong><\/span><\/p>\n\n<\/div>\n\n\n                <\/div>\n\n-->\n            <\/div>\n<\/p><\/div>\n<div class=\"block02\" id=\"elreadid3\">\n<div class=\"c-cont-inner\">\n<h2>Ti\u1ebfng Nh\u1eadt d\u1ec5 d\u00e0ng Trang c\u1ee7a t\u00f4i<span>(B\u1ea3y ng\u00f4n ng\u1eef kh\u00e1c c\u0169ng \u0111\u01b0\u1ee3c hi\u1ec3n th\u1ecb b\u1eb1ng ti\u1ebfng Nh\u1eadt d\u1ec5 d\u00e0ng)<\/span><\/h2>\n<\/p><\/div>\n<\/p><\/div>\n<div class=\"block03\" id=\"elreadid4\">\n<div class=\"c-cont-inner\">\n<div class=\"cont-box\">\n<figure><img decoding=\"async\" src=\"\/wp-content\/themes\/kiso-elearning\/images\/lingu\/img04b.png\" class=\"sp-none\" alt=\"Trang c\u1ee7a t\u00f4i d\u00e0nh cho h\u1ecdc sinh. \u1ede b\u00ean ph\u1ea3i m\u00e0n h\u00ecnh, b\u00ean d\u01b0\u1edbi m\u1ee5c &quot;Th\u00eam t\u1eeb v\u1ef1ng t\u1ea1i \u0111\u00e2y&quot;, c\u00f3 n\u00fat t\u1ea3i xu\u1ed1ng v\u0103n b\u1ea3n v\u00e0 n\u00fat t\u1ea3i xu\u1ed1ng b\u1ea3ng t\u01b0\u01a1ng \u1ee9ng thu\u1eadt ng\u1eef.\"><br \/>\n                        <img decoding=\"async\" src=\"\/wp-content\/themes\/kiso-elearning\/images\/lingu\/img04b_sp.png\" class=\"pc-none rs_skip\" alt=\"Trang c\u1ee7a t\u00f4i d\u00e0nh cho h\u1ecdc sinh. \u1ede b\u00ean ph\u1ea3i m\u00e0n h\u00ecnh, b\u00ean d\u01b0\u1edbi m\u1ee5c &quot;Th\u00eam t\u1eeb v\u1ef1ng t\u1ea1i \u0111\u00e2y&quot;, c\u00f3 n\u00fat t\u1ea3i xu\u1ed1ng v\u0103n b\u1ea3n v\u00e0 n\u00fat t\u1ea3i xu\u1ed1ng b\u1ea3ng t\u01b0\u01a1ng \u1ee9ng thu\u1eadt ng\u1eef.\"><\/figure>\n<div class=\"txt-box\">\n<div class=\"txt txt05\">\n<p>C\u00e1c n\u00fat v\u0103n b\u1ea3n cho ng\u00f4n ng\u1eef \u0111\u00e3 ch\u1ecdn s\u1ebd \u0111\u01b0\u1ee3c hi\u1ec3n th\u1ecb<\/p>\n<\/div>\n<div class=\"txt txt06\">\n<p>\u0110\u00e2y l\u00e0 b\u1ea3ng t\u01b0\u01a1ng \u1ee9ng thu\u1eadt ng\u1eef trong 8 ng\u00f4n ng\u1eef.<\/p>\n<\/div><\/div>\n<\/p><\/div>\n<\/p><\/div>\n<\/p><\/div>\n<\/article>\n<p><\/main><\/p>","protected":false},"excerpt":{"rendered":"<p>\u3084\u3055\u3057\u3044\u65e5\u672c\u8a9e\uff08N4\uff09\u30fb\u307b\u304b\u306e\u8a00\u8449\u306e\u30da\u30fc\u30b8\u306e\u9078\u3073\u65b9 \u300e\u307b\u304b\u306e \u8a00\u8449\u306f \u3053\u3061\u3089\u300f\u3092\u30af\u30ea\u30c3\u30af 8\u3064\u306e\u8868\u793a\u8a00\u8a9e\u304b\u3089\u3001 [&hellip;]<\/p>\n","protected":false},"author":1,"featured_media":0,"parent":0,"menu_order":14,"comment_status":"closed","ping_status":"closed","template":"","meta":{"_acf_changed":false,"_monsterinsights_skip_tracking":false,"_monsterinsights_sitenote_active":false,"_monsterinsights_sitenote_note":"","_monsterinsights_sitenote_category":0,"footnotes":""},"class_list":["post-160","page","type-page","status-publish","hentry"],"acf":[],"_links":{"self":[{"href":"https:\/\/kiso-elearning.jp\/vi\/wp-json\/wp\/v2\/pages\/160","targetHints":{"allow":["GET"]}}],"collection":[{"href":"https:\/\/kiso-elearning.jp\/vi\/wp-json\/wp\/v2\/pages"}],"about":[{"href":"https:\/\/kiso-elearning.jp\/vi\/wp-json\/wp\/v2\/types\/page"}],"author":[{"embeddable":true,"href":"https:\/\/kiso-elearning.jp\/vi\/wp-json\/wp\/v2\/users\/1"}],"replies":[{"embeddable":true,"href":"https:\/\/kiso-elearning.jp\/vi\/wp-json\/wp\/v2\/comments?post=160"}],"version-history":[{"count":28,"href":"https:\/\/kiso-elearning.jp\/vi\/wp-json\/wp\/v2\/pages\/160\/revisions"}],"predecessor-version":[{"id":7336,"href":"https:\/\/kiso-elearning.jp\/vi\/wp-json\/wp\/v2\/pages\/160\/revisions\/7336"}],"wp:attachment":[{"href":"https:\/\/kiso-elearning.jp\/vi\/wp-json\/wp\/v2\/media?parent=160"}],"curies":[{"name":"wp","href":"https:\/\/api.w.org\/{rel}","templated":true}]}}