{"id":118,"date":"2022-12-25T15:32:18","date_gmt":"2022-12-25T06:32:18","guid":{"rendered":"https:\/\/kiso-elearning.jp\/?page_id=118"},"modified":"2025-12-23T10:52:24","modified_gmt":"2025-12-23T01:52:24","slug":"hoc","status":"publish","type":"page","link":"https:\/\/kiso-elearning.jp\/vi\/study\/","title":{"rendered":"N\u1ed9i dung h\u1ecdc t\u1eadp \u0111i\u1ec7n t\u1eed \u0111\u00e0o t\u1ea1o c\u01a1 b\u1ea3n v\u1ec1 ch\u0103m s\u00f3c ch\u1ee9ng m\u1ea5t tr\u00ed nh\u1edb"},"content":{"rendered":"<p><main class=\"sub study\" id=\"maincontent\"><\/p>\n<article>\n<div class=\"block-header\">\n<div class=\"c-cont-inner\">\n<figure class=\"rs_skip\"><img decoding=\"async\" src=\"\/wp-content\/themes\/kiso-elearning\/images\/study\/blockheader_img.png\" alt=\"\"><\/figure>\n<h1>\u0110\u00e0o t\u1ea1o c\u01a1 b\u1ea3n v\u1ec1 ch\u0103m s\u00f3c ch\u1ee9ng m\u1ea5t tr\u00ed nh\u1edb<br class=\"pc-none\">h\u1ecdc tr\u1ef1c tuy\u1ebfn<br class=\"sp-none\">n\u1ed9i dung h\u1ecdc t\u1eadp<\/h1>\n<\/p><\/div>\n<\/p><\/div>\n<div class=\"c-cont-inner breadtbext\">\n            <ul aria-label=\"v\u1ee5n b\u00e1nh m\u00ec\"><\/ul>\n        <\/div>\n<div class=\"block01\" id=\"elreadid2\">\n<div class=\"c-cont-inner\">\n<h2 class=\"h2tlitle\">V\u1ec1 qu\u00e1 tr\u00ecnh h\u1ecdc t\u1eadp<\/h2>\n<p class=\"sub-lead\">Tr\u01b0\u1edbc h\u1ebft, t\u00f4i mu\u1ed1n gi\u1ea3i th\u00edch m\u1ee5c \u0111\u00edch c\u1ee7a kh\u00f3a \u0111\u00e0o t\u1ea1o n\u00e0y.<br class=\"sp-none\">Sau \u0111\u00f3, ch\u00fang t\u00f4i s\u1ebd chia cu\u1ed1n s\u00e1ch th\u00e0nh 5 ch\u01b0\u01a1ng: Gi\u1edbi thi\u1ec7u, Ch\u01b0\u01a1ng 1, Ch\u01b0\u01a1ng 2, Ch\u01b0\u01a1ng 3 v\u00e0 Ch\u01b0\u01a1ng 4.<br \/><span style=\"font-size:85%;\">(Th\u1eddi gian xem video ti\u00eau chu\u1ea9n l\u00e0 kho\u1ea3ng 150 ph\u00fat, nh\u01b0ng c\u1ea7n th\u00eam th\u1eddi gian \u0111\u1ec3 tr\u1ea3 l\u1eddi c\u00e2u h\u1ecfi, v.v.)<\/span><\/p>\n<figure><img decoding=\"async\" src=\"https:\/\/kiso-elearning.jp\/wp-content\/uploads\/2024\/06\/block01_img01vi.png\" alt=\"1) Video gi\u1ea3i th\u00edch, 2) C\u00e2u h\u1ecfi \u00f4n t\u1eadp, 3) B\u00e0i ki\u1ec3m tra x\u00e1c nh\u1eadn. N\u1ebfu tr\u01b0\u1ee3t, b\u1ea1n s\u1ebd h\u1ecdc l\u1ea1i t\u1eeb b\u00e0i 1 cho \u0111\u1ebfn khi \u0111\u1ea1t, v\u00e0 n\u1ebfu \u0111\u1ea1t, b\u1ea1n s\u1ebd chuy\u1ec3n sang b\u00e0i h\u1ecdc ti\u1ebfp theo.\"><br \/>\n                        <\/figure>\n<div class=\"txt-box\">\n<p>Ngo\u1ea1i tr\u1eeb ph\u1ea7n m\u1edf \u0111\u1ea7u, b\u1ed1n ch\u01b0\u01a1ng t\u1eeb ch\u01b0\u01a1ng 1 \u0111\u1ebfn ch\u01b0\u01a1ng 4 s\u1ebd \u0111\u01b0\u1ee3c nghi\u00ean c\u1ee9u trong b\u1ed9 n\u00e0y.<\/p>\n<p>D\u00e0nh cho nh\u1eefng ng\u01b0\u1eddi \u0111\u00e3 ho\u00e0n th\u00e0nh t\u1ea5t c\u1ea3 c\u00e1c ch\u01b0\u01a1ng<strong><span>&quot;B\u1eb1ng c\u1ea5p&quot;<\/span><\/strong>s\u1ebd \u0111\u01b0\u1ee3c ph\u00e1t h\u00e0nh.<br \/>\n                            Ch\u1ee9ng ch\u1ec9 ho\u00e0n th\u00e0nh c\u00f3 th\u1ec3 \u0111\u01b0\u1ee3c t\u1ea3i xu\u1ed1ng b\u1ea5t c\u1ee9 l\u00fac n\u00e0o t\u1eeb h\u1ec7 th\u1ed1ng h\u1ecdc t\u1eadp \u0111i\u1ec7n t\u1eed n\u00e0y.<\/p>\n<p>D\u01b0\u1edbi \u0111\u00e2y ch\u00fang t\u00f4i s\u1ebd gi\u1edbi thi\u1ec7u n\u1ed9i dung h\u1ecdc t\u1eadp c\u1ee7a t\u1eebng ch\u01b0\u01a1ng d\u1ef1a tr\u00ean m\u1ee5c \u0111\u00edch \u0111\u00e0o t\u1ea1o.<\/p>\n<\/p><\/div>\n<\/p><\/div>\n<\/p><\/div>\n<section class=\"block-pur bg-blue\" id=\"elreadid3\">\n<div class=\"c-cont-inner\">\n            <span id=\"anc01\" class=\"anc-point\"><\/span><\/p>\n<h2>M\u1ee5c \u0111\u00edch \u0111\u00e0o t\u1ea1o<\/h2>\n<div class=\"flx-box\">\n<figure><img decoding=\"async\" src=\"https:\/\/kiso-elearning.jp\/wp-content\/uploads\/2024\/06\/pur_img01vi.png\" alt=\"B\u01b0\u1edbc \u0111\u1ea7u ti\u00ean c\u1ee7a quy tr\u00ecnh \u0111\u00e0o t\u1ea1o b\u1ea3y b\u01b0\u1edbc: t\u1eadp trung v\u00e0o &quot;m\u1ee5c \u0111\u00edch c\u1ee7a \u0111\u00e0o t\u1ea1o&quot;\"><\/figure>\n<div class=\"cont-box\">\n<p>B\u1ea1n s\u1ebd \u0111\u01b0\u1ee3c t\u00ecm hi\u1ec3u v\u1ec1 t\u00ecnh h\u00ecnh hi\u1ec7n t\u1ea1i c\u1ee7a nh\u1eefng ng\u01b0\u1eddi m\u1eafc ch\u1ee9ng m\u1ea5t tr\u00ed nh\u1edb, ki\u1ebfn th\u1ee9c c\u01a1 b\u1ea3n v\u1ec1 t\u00ecnh tr\u1ea1ng n\u00e0y, c\u00e1c k\u1ef9 thu\u1eadt ch\u0103m s\u00f3c ch\u1ee9ng m\u1ea5t tr\u00ed nh\u1edb c\u01a1 b\u1ea3n v\u00e0 c\u00e1ch \u1ee9ng ph\u00f3 th\u1ef1c t\u1ebf d\u1ef1a tr\u00ean ki\u1ebfn th\u1ee9c n\u00e0y.<\/p>\n<div class=\"movie-area rs_preserve\"><span class=\"RS_MESSAGE\"><!--\u8a8d\u77e5\u75c7\u306e\u4eba\u306e\u7406\u89e3\u3068\u5bfe\u5fdc\u306e\u57fa\u672c\u306e\u30b5\u30f3\u30d7\u30eb\u52d5\u753b\u518d\u751f--><\/span><\/p>\n<div class=\"rs_skip\">\n                            <div style=\"width: 1492px;\" class=\"wp-video\"><video title=\"M\u1ee5c \u0111\u00edch \u0111\u00e0o t\u1ea1o\" class=\"wp-video-shortcode\" id=\"video-118-1\" width=\"1492\" height=\"1080\" poster=\"https:\/\/xs480727.xsrv.jp\/wp-content\/uploads\/2022\/12\/purpus-1.jpg\" preload=\"metadata\" controls=\"controls\"><source type=\"video\/mp4\" src=\"\/wp-content\/uploads\/2025\/09\/purpose.mp4?_=1\" \/><a href=\"\/wp-content\/uploads\/2025\/09\/purpose.mp4\">\/wp-content\/uploads\/2025\/09\/purpose.mp4<\/a><\/video><\/div>\n                        <\/div>\n<\/p><\/div>\n<h3 class=\"clr02\">C\u00e1c m\u1ee5c h\u1ecdc t\u1eadp cho m\u1ee5c \u0111\u00edch \u0111\u00e0o t\u1ea1o<\/h3>\n<ul>\n<li>Nh\u1eefng \u0111i\u1ec1u c\u01a1 b\u1ea3n v\u1ec1 hi\u1ec3u bi\u1ebft v\u00e0 \u1ee9ng ph\u00f3 v\u1edbi ng\u01b0\u1eddi m\u1eafc ch\u1ee9ng sa s\u00fat tr\u00ed tu\u1ec7<\/li>\n<\/ul><\/div>\n<\/p><\/div>\n<\/p><\/div>\n<\/section>\n<section class=\"block-pur\" id=\"elreadid4\">\n<div class=\"c-cont-inner\">\n        <span id=\"anc02\" class=\"anc-point\"><\/span><\/p>\n<h2 class=\"clr02 fs-s\">Gi\u1edbi thi\u1ec7u: Th\u1ef1c tr\u1ea1ng xung quanh ch\u1ee9ng m\u1ea5t tr\u00ed nh\u1edb<\/h2>\n<div class=\"flx-box\">\n<figure><img decoding=\"async\" src=\"https:\/\/kiso-elearning.jp\/wp-content\/uploads\/2024\/06\/pur_img02vi.png\" alt=\"Bi\u1ec3u \u0111\u1ed3 quy tr\u00ecnh \u0111\u00e0o t\u1ea1o b\u1ea3y giai \u0111o\u1ea1n \u0111\u01b0\u1ee3c hi\u1ec3n th\u1ecb, c\u00f9ng v\u1edbi h\u00ecnh \u1ea3nh c\u1eadn c\u1ea3nh ti\u00eau \u0111\u1ec1 c\u1ee7a giai \u0111o\u1ea1n th\u1ee9 hai, &quot;L\u1eddi m\u1edf \u0111\u1ea7u&quot;.\"><\/figure>\n<div class=\"cont-box\">\n<p>T\u00ecm hi\u1ec3u v\u1ec1 suy ngh\u0129 v\u00e0 \u0111\u1ecbnh h\u01b0\u1edbng c\u1ee7a \u0111\u1ea5t n\u01b0\u1edbc v\u1ec1 ch\u1ee9ng m\u1ea5t tr\u00ed nh\u1edb v\u00e0 ch\u0103m s\u00f3c ch\u1ee9ng m\u1ea5t tr\u00ed nh\u1edb \u0111\u1ed3ng th\u1eddi t\u00ecm hi\u1ec3u nh\u1eefng n\u1ed7 l\u1ef1c th\u1ef1c t\u1ebf. \u0110\u1eb7c bi\u1ec7t, ch\u00fang ta s\u1ebd hi\u1ec3u lo\u1ea1i x\u00e3 h\u1ed9i xung quanh ch\u1ee9ng m\u1ea5t tr\u00ed nh\u1edb \u0111ang h\u01b0\u1edbng t\u1edbi trong t\u01b0\u01a1ng lai.<br \/>*C\u00e2u h\u1ecfi ki\u1ec3m tra tr\u01b0\u1edbc s\u1ebd \u0111\u01b0\u1ee3c \u0111\u01b0a ra tr\u01b0\u1edbc m\u1ed7i b\u00e0i gi\u1ea3ng cho Ch\u01b0\u01a1ng 1 \u0111\u1ebfn Ch\u01b0\u01a1ng 4. Nh\u1eefng c\u00e2u h\u1ecfi n\u00e0y \u0111\u01b0\u1ee3c thi\u1ebft k\u1ebf \u0111\u1ec3 ki\u1ec3m tra m\u1ee9c \u0111\u1ed9 hi\u1ec3u bi\u1ebft hi\u1ec7n t\u1ea1i c\u1ee7a b\u1ea1n tr\u01b0\u1edbc khi b\u1ea1n b\u1eaft \u0111\u1ea7u h\u1ecdc. Sau khi tr\u1ea3 l\u1eddi c\u00e1c c\u00e2u h\u1ecfi, b\u1ea1n s\u1ebd \u0111\u01b0\u1ee3c chuy\u1ec3n sang video b\u00e0i gi\u1ea3ng.<\/p>\n<div class=\"movie-area rs_preserve\"><span class=\"RS_MESSAGE\"><!--\u8a8d\u77e5\u75c7\u3092\u53d6\u308a\u5dfb\u304f\u73fe\u72b6\u306e\u30b5\u30f3\u30d7\u30eb\u52d5\u753b\u518d\u751f--><\/span><\/p>\n<div class=\"rs_skip\">\n                            <div style=\"width: 1920px;\" class=\"wp-video\"><video title=\"Gi\u1edbi thi\u1ec7u: Th\u1ef1c tr\u1ea1ng xung quanh ch\u1ee9ng m\u1ea5t tr\u00ed nh\u1edb\" class=\"wp-video-shortcode\" id=\"video-118-2\" width=\"1920\" height=\"1080\" poster=\"https:\/\/xs480727.xsrv.jp\/wp-content\/uploads\/2022\/12\/chapter0.jpg\" preload=\"metadata\" controls=\"controls\"><source type=\"video\/mp4\" src=\"\/wp-content\/uploads\/2025\/09\/chapter0b.mp4?_=2\" \/><a href=\"\/wp-content\/uploads\/2025\/09\/chapter0b.mp4\">\/wp-content\/uploads\/2025\/09\/chapter0b.mp4<\/a><\/video><\/div>\n                        <\/div>\n<\/p><\/div>\n<h3 class=\"clr02\">L\u1eddi m\u1edf \u0111\u1ea7u c\u00e1c n\u1ed9i dung h\u1ecdc t\u1eadp<\/h3>\n<ul>\n<li>Xu h\u01b0\u1edbng trong c\u00e1c bi\u1ec7n ph\u00e1p \u0111i\u1ec1u tr\u1ecb ch\u1ee9ng sa s\u00fat tr\u00ed tu\u1ec7 \u1edf Nh\u1eadt B\u1ea3n (T\u00f3m t\u1eaft \u0110\u1ec1 c\u01b0\u01a1ng Khuy\u1ebfn kh\u00edch c\u00e1c bi\u1ec7n ph\u00e1p \u0111i\u1ec1u tr\u1ecb ch\u1ee9ng sa s\u00fat tr\u00ed tu\u1ec7)<\/li>\n<\/ul><\/div>\n<\/p><\/div>\n<\/p><\/div>\n<\/section>\n<section class=\"block-pur bg-blue\" id=\"elreadid5\">\n  <span id=\"anc03\" class=\"anc-point\"><\/span><\/p>\n<div class=\"c-cont-inner\">\n<h2 class=\"clr03 fs-s\">Ch\u01b0\u01a1ng 1: Tri\u1ebft l\u00fd v\u00e0 \u00fd t\u01b0\u1edfng c\u01a1 b\u1ea3n trong ch\u0103m s\u00f3c b\u1ec7nh sa s\u00fat tr\u00ed tu\u1ec7<\/h2>\n<div class=\"flx-box\">\n<figure><img decoding=\"async\" src=\"https:\/\/kiso-elearning.jp\/wp-content\/uploads\/2024\/06\/pur_img03vi.png\" alt=\"Bi\u1ec3u \u0111\u1ed3 quy tr\u00ecnh \u0111\u00e0o t\u1ea1o b\u1ea3y giai \u0111o\u1ea1n \u0111\u01b0\u1ee3c hi\u1ec3n th\u1ecb. Giai \u0111o\u1ea1n th\u1ee9 ba, &quot;Ch\u01b0\u01a1ng 1&quot;, \u0111\u01b0\u1ee3c hi\u1ec3n th\u1ecb c\u1eadn c\u1ea3nh.\"><\/figure>\n<div class=\"cont-box\">\n<p>Th\u00f4ng qua ti\u1ebfng n\u00f3i c\u1ee7a nh\u1eefng ng\u01b0\u1eddi m\u1eafc ch\u1ee9ng sa s\u00fat tr\u00ed tu\u1ec7 v\u00e0 cu\u1ed9c s\u1ed1ng h\u00e0ng ng\u00e0y c\u1ee7a h\u1ecd, b\u1ea1n s\u1ebd h\u1ecdc c\u00e1ch suy ngh\u0129 v\u00e0 hi\u1ec3u nh\u1eefng \u0111i\u1ec1u t\u1eadp trung v\u00e0o con ng\u01b0\u1eddi v\u00e0 gia \u0111\u00ecnh h\u1ecd. T\u00ecm hi\u1ec3u s\u1ef1 kh\u00e1c bi\u1ec7t gi\u1eefa c\u00e1ch hi\u1ec3u c\u0169 v\u00e0 hi\u1ec7n t\u1ea1i v\u1ec1 ch\u1ee9ng m\u1ea5t tr\u00ed nh\u1edb, \u0111\u1ed3ng th\u1eddi c\u00f3 \u0111\u01b0\u1ee3c quan \u0111i\u1ec3m l\u1ea5y b\u1ec7nh nh\u00e2n l\u00e0m trung t\u00e2m.<\/p>\n<div class=\"movie-area rs_preserve\"><span class=\"RS_MESSAGE\"><!--\u8a8d\u77e5\u75c7\u30b1\u30a2\u306b\u304a\u3044\u3066\u57fa\u790e\u3068\u306a\u308b\u7406\u5ff5\u3084\u8003\u3048\u65b9\u306e\u30b5\u30f3\u30d7\u30eb\u52d5\u753b\u518d\u751f--><\/span><\/p>\n<div class=\"rs_skip\">\n            <div style=\"width: 1492px;\" class=\"wp-video\"><video title=\"Ch\u01b0\u01a1ng 1: Tri\u1ebft l\u00fd v\u00e0 \u00fd t\u01b0\u1edfng c\u01a1 b\u1ea3n trong ch\u0103m s\u00f3c b\u1ec7nh sa s\u00fat tr\u00ed tu\u1ec7\" class=\"wp-video-shortcode\" id=\"video-118-3\" width=\"1492\" height=\"1080\" poster=\"https:\/\/xs480727.xsrv.jp\/wp-content\/uploads\/2022\/12\/chapter1.jpg\" preload=\"metadata\" controls=\"controls\"><source type=\"video\/mp4\" src=\"\/wp-content\/uploads\/2025\/09\/chapter1.mp4?_=3\" \/><a href=\"\/wp-content\/uploads\/2025\/09\/chapter1.mp4\">\/wp-content\/uploads\/2025\/09\/chapter1.mp4<\/a><\/video><\/div>\n          <\/div>\n<\/p><\/div>\n<h3 class=\"clr03\">Ch\u1ee7 \u0111\u1ec1 h\u1ecdc t\u1eadp ch\u01b0\u01a1ng 1<\/h3>\n<ul>\n<li>Gi\u1edbi thi\u1ec7u<\/li>\n<li>1.Ch\u0103m s\u00f3c l\u1ea5y con ng\u01b0\u1eddi l\u00e0m trung t\u00e2m<\/li>\n<li>2. \u0110\u1ecbnh ki\u1ebfn, hi\u1ec3u l\u1ea7m v\u1ec1 ng\u01b0\u1eddi sa s\u00fat tr\u00ed tu\u1ec7 v\u00e0 c\u00e1ch gi\u1ea3i quy\u1ebft<\/li>\n<li>3. G\u00f3c nh\u00ecn c\u1ee7a ng\u01b0\u1eddi ch\u0103m s\u00f3c<\/li>\n<li>4. H\u1ed7 tr\u1ee3 ra quy\u1ebft \u0111\u1ecbnh trong \u0111\u1eddi s\u1ed1ng h\u00e0ng ng\u00e0y v\u00e0 x\u00e3 h\u1ed9i c\u1ee7a ng\u01b0\u1eddi m\u1eafc ch\u1ee9ng sa s\u00fat tr\u00ed tu\u1ec7 l\u00e0 g\u00ec?<\/li>\n<\/ul><\/div>\n<\/p><\/div>\n<\/p><\/div>\n<\/section>\n<section class=\"block-pur\" id=\"elreadid6\">\n<div class=\"c-cont-inner\">\n        <span id=\"anc04\" class=\"anc-point\"><\/span><\/p>\n<h2 class=\"clr03 fs-s\">Ch\u01b0\u01a1ng 2: \u0110\u1ecbnh ngh\u0129a sa s\u00fat tr\u00ed tu\u1ec7 v\u00e0 c\u00e1c b\u1ec7nh g\u00e2y ra<\/h2>\n<div class=\"flx-box\">\n<figure><img decoding=\"async\" src=\"https:\/\/kiso-elearning.jp\/wp-content\/uploads\/2024\/06\/pur_img04vi.png\" alt=\"Bi\u1ec3u \u0111\u1ed3 quy tr\u00ecnh \u0111\u00e0o t\u1ea1o v\u1edbi b\u1ea3y giai \u0111o\u1ea1n \u0111\u01b0\u1ee3c hi\u1ec3n th\u1ecb. Ti\u00eau \u0111\u1ec1 c\u1ee7a giai \u0111o\u1ea1n th\u1ee9 t\u01b0, &quot;Ch\u01b0\u01a1ng 2&quot;, \u0111\u01b0\u1ee3c hi\u1ec3n th\u1ecb c\u1eadn c\u1ea3nh.\"><\/figure>\n<div class=\"cont-box\">\n<p>T\u00ecm hi\u1ec3u v\u1ec1 s\u1ef1 kh\u00e1c bi\u1ec7t gi\u1eefa ch\u1ee9ng m\u1ea5t tr\u00ed nh\u1edb v\u00e0 l\u00e3o h\u00f3a c\u0169ng nh\u01b0 \u0111\u1eb7c \u0111i\u1ec3m c\u1ee7a c\u00e1c ch\u1ee9ng m\u1ea5t tr\u00ed nh\u1edb kh\u00e1c nhau. Th\u00f4ng qua c\u00e1c v\u00ed d\u1ee5 sinh \u0111\u1ed9ng, b\u1ea1n s\u1ebd t\u00ecm hi\u1ec3u v\u1ec1 nguy\u00ean nh\u00e2n v\u00e0 tri\u1ec7u ch\u1ee9ng c\u1ee7a c\u00e1c lo\u1ea1i b\u1ec7nh sa s\u00fat tr\u00ed tu\u1ec7 kh\u00e1c nhau.<\/p>\n<div class=\"movie-area rs_preserve\"><span class=\"RS_MESSAGE\"><!-- \u8a8d\u77e5\u75c7\u306e\u5b9a\u7fa9\u3068\u539f\u56e0\u75be\u60a3\u306e\u30b5\u30f3\u30d7\u30eb\u52d5\u753b\u518d\u751f--><\/span><\/p>\n<div class=\"rs_skip\">\n                            <div style=\"width: 1492px;\" class=\"wp-video\"><video title=\"Ch\u01b0\u01a1ng 2: \u0110\u1ecbnh ngh\u0129a sa s\u00fat tr\u00ed tu\u1ec7 v\u00e0 c\u00e1c b\u1ec7nh g\u00e2y ra\" class=\"wp-video-shortcode\" id=\"video-118-4\" width=\"1492\" height=\"1080\" poster=\"https:\/\/xs480727.xsrv.jp\/wp-content\/uploads\/2022\/12\/chapter2.jpg\" preload=\"metadata\" controls=\"controls\"><source type=\"video\/mp4\" src=\"\/wp-content\/uploads\/2025\/09\/chapter2.mp4?_=4\" \/><a href=\"\/wp-content\/uploads\/2025\/09\/chapter2.mp4\">\/wp-content\/uploads\/2025\/09\/chapter2.mp4<\/a><\/video><\/div>\n                        <\/div>\n<\/p><\/div>\n<h3 class=\"clr03\">Ch\u1ee7 \u0111\u1ec1 h\u1ecdc t\u1eadp ch\u01b0\u01a1ng 2<\/h3>\n<ul>\n<li>1. Ch\u1ee9ng m\u1ea5t tr\u00ed nh\u1edb l\u00e0 g\u00ec \u2460\u30fb\u2461<\/li>\n<li>2.-1 Nguy\u00ean nh\u00e2n g\u00e2y ra ch\u1ee9ng m\u1ea5t tr\u00ed nh\u1edb: Nguy\u00ean nh\u00e2n v\u00e0 tri\u1ec7u ch\u1ee9ng ch\u00ednh c\u1ee7a b\u1ec7nh Alzheimer<\/li>\n<li>2.-2 Nguy\u00ean nh\u00e2n v\u00e0 tri\u1ec7u ch\u1ee9ng ch\u00ednh c\u1ee7a ch\u1ee9ng sa s\u00fat tr\u00ed tu\u1ec7 m\u1ea1ch m\u00e1u<\/li>\n<li>2.-3 Nguy\u00ean nh\u00e2n v\u00e0 tri\u1ec7u ch\u1ee9ng ch\u00ednh c\u1ee7a ch\u1ee9ng m\u1ea5t tr\u00ed nh\u1edb th\u1ec3 Lewy<\/li>\n<li>2.-4 Nguy\u00ean nh\u00e2n v\u00e0 tri\u1ec7u ch\u1ee9ng ch\u00ednh c\u1ee7a ch\u1ee9ng m\u1ea5t tr\u00ed tr\u00e1n th\u00e1i d\u01b0\u01a1ng<\/li>\n<\/ul>\n<p>                    <!-- \u25bc \u3053\u3053\u304b\u3089\u8ffd\u52a0\uff1a\u52d5\u753b\u5185\u5bb9\u306e\u30c6\u30ad\u30b9\u30c8\u7248 \u25bc --><\/p>\n<p>                    <!-- \u25b2 \u8ffd\u52a0\u3053\u3053\u307e\u3067 \u25b2 -->\n                <\/div>\n<\/p><\/div>\n<\/p><\/div>\n<\/section>\n<section class=\"block-pur bg-blue\" id=\"elreadid7\">\n<div class=\"c-cont-inner\">\n        <span id=\"anc05\" class=\"anc-point\"><\/span><\/p>\n<h2 class=\"clr03 fs-s\">Ch\u01b0\u01a1ng 3: T\u00ecm hi\u1ec3u c\u00e1c tri\u1ec7u ch\u1ee9ng c\u1ed1t l\u00f5i v\u00e0 c\u00e1c tri\u1ec7u ch\u1ee9ng h\u00e0nh vi\/t\u00e2m l\u00fd c\u1ee7a b\u1ec7nh sa s\u00fat tr\u00ed tu\u1ec7<\/h2>\n<div class=\"flx-box\">\n<figure><img decoding=\"async\" src=\"https:\/\/kiso-elearning.jp\/wp-content\/uploads\/2024\/06\/pur_img05vi.png\" alt=\"Bi\u1ec3u \u0111\u1ed3 quy tr\u00ecnh \u0111\u00e0o t\u1ea1o v\u1edbi b\u1ea3y giai \u0111o\u1ea1n \u0111\u01b0\u1ee3c hi\u1ec3n th\u1ecb. Ti\u00eau \u0111\u1ec1 c\u1ee7a giai \u0111o\u1ea1n th\u1ee9 n\u0103m, &quot;Ch\u01b0\u01a1ng 3&quot;, \u0111\u01b0\u1ee3c hi\u1ec3n th\u1ecb c\u1eadn c\u1ea3nh.\"><\/figure>\n<div class=\"cont-box\">\n<p>L\u1ea5y b\u1ec7nh Alzheimer l\u00e0m v\u00ed d\u1ee5, b\u1ea1n s\u1ebd t\u00ecm hi\u1ec3u v\u1ec1 c\u00e1c tri\u1ec7u ch\u1ee9ng c\u1ed1t l\u00f5i, c\u00e1c tri\u1ec7u ch\u1ee9ng h\u00e0nh vi v\u00e0 t\u00e2m l\u00fd c\u1ee7a b\u1ec7nh sa s\u00fat tr\u00ed tu\u1ec7 c\u0169ng nh\u01b0 c\u00e1ch c\u00e1c tri\u1ec7u ch\u1ee9ng c\u1ed1t l\u00f5i \u1ea3nh h\u01b0\u1edfng \u0111\u1ebfn t\u00e2m l\u00fd v\u00e0 l\u1ed1i s\u1ed1ng c\u1ee7a ng\u01b0\u1eddi \u0111\u00f3. B\u1ea1n c\u0169ng s\u1ebd t\u00ecm hi\u1ec3u v\u1ec1 \u0111i\u1ec1u ki\u1ec7n s\u1ed1ng mong mu\u1ed1n v\u00e0 c\u00e1ch h\u1ed7 tr\u1ee3 s\u1ee9c kh\u1ecfe c\u1ee7a m\u00ecnh.<\/p>\n<div class=\"movie-area rs_preserve\"><span class=\"RS_MESSAGE\"><!-- \u8a8d\u77e5\u75c7\u306e\u4e2d\u6838\u75c7\u72b6\u3068\u884c\u52d5\u30fb\u5fc3\u7406\u75c7\u72b6\u306e\u7406\u89e3\u306e\u30b5\u30f3\u30d7\u30eb\u52d5\u753b\u518d\u751f--><\/span><\/p>\n<div class=\"rs_skip\">\n                            <div style=\"width: 1492px;\" class=\"wp-video\"><video title=\"Ch\u01b0\u01a1ng 3: T\u00ecm hi\u1ec3u c\u00e1c tri\u1ec7u ch\u1ee9ng c\u1ed1t l\u00f5i v\u00e0 c\u00e1c tri\u1ec7u ch\u1ee9ng h\u00e0nh vi\/t\u00e2m l\u00fd c\u1ee7a b\u1ec7nh sa s\u00fat tr\u00ed tu\u1ec7\" class=\"wp-video-shortcode\" id=\"video-118-5\" width=\"1492\" height=\"1080\" poster=\"https:\/\/xs480727.xsrv.jp\/wp-content\/uploads\/2022\/12\/chapter3.jpg\" preload=\"metadata\" controls=\"controls\"><source type=\"video\/mp4\" src=\"\/wp-content\/uploads\/2025\/09\/chapter3.mp4?_=5\" \/><a href=\"\/wp-content\/uploads\/2025\/09\/chapter3.mp4\">\/wp-content\/uploads\/2025\/09\/chapter3.mp4<\/a><\/video><\/div>\n                        <\/div>\n<\/p><\/div>\n<h3 class=\"clr03\">Ch\u1ee7 \u0111\u1ec1 h\u1ecdc t\u1eadp ch\u01b0\u01a1ng 3<\/h3>\n<ul>\n<li>1. T\u00ecm hi\u1ec3u c\u00e1c tri\u1ec7u ch\u1ee9ng c\u1ed1t l\u00f5i v\u00e0 c\u00e1c tri\u1ec7u ch\u1ee9ng h\u00e0nh vi\/t\u00e2m l\u00fd c\u1ee7a b\u1ec7nh sa s\u00fat tr\u00ed tu\u1ec7 \u2460 v\u00e0 \u2461<\/li>\n<li>2. T\u00e1c \u0111\u1ed9ng c\u1ee7a c\u00e1c tri\u1ec7u ch\u1ee9ng c\u1ed1t l\u00f5i \u0111\u1ebfn cu\u1ed9c s\u1ed1ng h\u00e0ng ng\u00e0y<\/li>\n<li>3. T\u00e1c \u0111\u1ed9ng c\u1ee7a c\u00e1c tri\u1ec7u ch\u1ee9ng c\u1ed1t l\u00f5i \u0111\u1ebfn kh\u00eda c\u1ea1nh t\u00e2m l\u00fd<\/li>\n<li>4. L\u00e0m th\u1ebf n\u00e0o \u0111\u1ec3 hi\u1ec3u \u0111\u01b0\u1ee3c c\u00e1c tri\u1ec7u ch\u1ee9ng h\u00e0nh vi, t\u00e2m l\u00fd v\u00e0 nguy\u00ean nh\u00e2n c\u1ee7a ch\u00fang<\/li>\n<li>5. M\u00f4i tr\u01b0\u1eddng d\u00e0nh cho ng\u01b0\u1eddi m\u1eafc ch\u1ee9ng sa s\u00fat tr\u00ed tu\u1ec7 \u2460 v\u00e0 \u2461<\/li>\n<li>6. Qu\u1ea3n l\u00fd s\u1ee9c kh\u1ecfe \u2460\u30fb\u2461<\/li>\n<\/ul><\/div>\n<\/p><\/div>\n<\/p><\/div>\n<\/section>\n<section class=\"block-pur\" id=\"elreadid8\">\n<div class=\"c-cont-inner\">\n        <span id=\"anc06\" class=\"anc-point\"><\/span><\/p>\n<h2 class=\"clr03 fs-s\">Ch\u01b0\u01a1ng 4: C\u00f4ng ngh\u1ec7 c\u01a1 b\u1ea3n ch\u0103m s\u00f3c b\u1ec7nh sa s\u00fat tr\u00ed tu\u1ec7<\/h2>\n<div class=\"flx-box\">\n<figure><img decoding=\"async\" src=\"https:\/\/kiso-elearning.jp\/wp-content\/uploads\/2024\/06\/pur_img06vi.png\" alt=\"Bi\u1ec3u \u0111\u1ed3 quy tr\u00ecnh \u0111\u00e0o t\u1ea1o v\u1edbi b\u1ea3y giai \u0111o\u1ea1n \u0111\u01b0\u1ee3c hi\u1ec3n th\u1ecb. Ti\u00eau \u0111\u1ec1 c\u1ee7a giai \u0111o\u1ea1n th\u1ee9 s\u00e1u, &quot;Ch\u01b0\u01a1ng 4&quot;, \u0111\u01b0\u1ee3c hi\u1ec3n th\u1ecb c\u1eadn c\u1ea3nh.\"><\/figure>\n<div class=\"cont-box\">\n<p>T\u00ecm hi\u1ec3u ki\u1ebfn th\u1ee9c v\u1ec1 \u0111i\u1ec1u tr\u1ecb ch\u1ee9ng sa s\u00fat tr\u00ed tu\u1ec7 v\u00e0 t\u00ecm hi\u1ec3u nh\u1eefng c\u00e1ch c\u1ee5 th\u1ec3 \u0111\u1ec3 t\u01b0\u01a1ng t\u00e1c v\u1edbi nh\u1eefng ng\u01b0\u1eddi m\u1eafc ch\u1ee9ng sa s\u00fat tr\u00ed tu\u1ec7. B\u1ea1n c\u0169ng s\u1ebd h\u1ecdc c\u00e1ch t\u01b0\u01a1ng t\u00e1c v\u1edbi t\u1eebng tri\u1ec7u ch\u1ee9ng c\u1ee7a ch\u1ee9ng sa s\u00fat tr\u00ed tu\u1ec7, kh\u00e1i ni\u1ec7m ch\u0103m s\u00f3c nh\u00f3m c\u00f3 s\u1ef1 tham gia c\u1ee7a nhi\u1ec1u nh\u00e2n vi\u00ean v\u00e0 c\u00e1c ph\u01b0\u01a1ng ph\u00e1p h\u1ed7 tr\u1ee3 d\u00e0nh cho ng\u01b0\u1eddi ch\u0103m s\u00f3c gia \u0111\u00ecnh ch\u0103m s\u00f3c ng\u01b0\u1eddi m\u1eafc ch\u1ee9ng sa s\u00fat tr\u00ed tu\u1ec7.<\/p>\n<div class=\"movie-area rs_preserve\"><span class=\"RS_MESSAGE\"><!-- \u8a8d\u77e5\u75c7\u30b1\u30a2\u306e\u57fa\u790e\u6280\u8853\u306e\u30b5\u30f3\u30d7\u30eb\u52d5\u753b\u518d\u751f--><\/span><\/p>\n<div class=\"rs_skip\">\n                            <div style=\"width: 1492px;\" class=\"wp-video\"><video title=\"Ch\u01b0\u01a1ng 4: C\u00f4ng ngh\u1ec7 c\u01a1 b\u1ea3n ch\u0103m s\u00f3c b\u1ec7nh sa s\u00fat tr\u00ed tu\u1ec7\" class=\"wp-video-shortcode\" id=\"video-118-6\" width=\"1492\" height=\"1080\" poster=\"https:\/\/xs480727.xsrv.jp\/wp-content\/uploads\/2022\/12\/chapter4.jpg\" preload=\"metadata\" controls=\"controls\"><source type=\"video\/mp4\" src=\"\/wp-content\/uploads\/2025\/09\/chapter4.mp4?_=6\" \/><a href=\"\/wp-content\/uploads\/2025\/09\/chapter4.mp4\">\/wp-content\/uploads\/2025\/09\/chapter4.mp4<\/a><\/video><\/div>\n                        <\/div>\n<\/p><\/div>\n<h3 class=\"clr03\">Ch\u1ee7 \u0111\u1ec1 h\u1ecdc t\u1eadp ch\u01b0\u01a1ng 4<\/h3>\n<ul>\n<li>1. \u0110i\u1ec1u tr\u1ecb b\u1ec7nh sa s\u00fat tr\u00ed tu\u1ec7 \u2460\u30fb\u2461<\/li>\n<li>2.-1 Nh\u1eefng c\u00e1ch th\u00edch h\u1ee3p \u0111\u1ec3 t\u01b0\u01a1ng t\u00e1c v\u1edbi ng\u01b0\u1eddi m\u1eafc ch\u1ee9ng m\u1ea5t tr\u00ed nh\u1edb (nghi\u00ean c\u1ee9u tr\u01b0\u1eddng h\u1ee3p)<\/li>\n<li>2.-2 C\u00e1ch th\u1ee9c giao ti\u1ebfp ph\u00f9 h\u1ee3p v\u1edbi ng\u01b0\u1eddi m\u1eafc ch\u1ee9ng m\u1ea5t tr\u00ed nh\u1edb\u2461<\/li>\n<li>3.-1 \u0110\u1ed1i ph\u00f3 v\u1edbi c\u00e1c tri\u1ec7u ch\u1ee9ng m\u1ea5t tr\u00ed nh\u1edb (nghi\u00ean c\u1ee9u tr\u01b0\u1eddng h\u1ee3p)<\/li>\n<li>3.-2 \u0110\u1ed1i ph\u00f3 v\u1edbi c\u00e1c tri\u1ec7u ch\u1ee9ng m\u1ea5t tr\u00ed nh\u1edb\u2461<\/li>\n<li>4. H\u1ed7 tr\u1ee3 c\u00e1c ph\u01b0\u01a1ng ph\u00e1p t\u00f4n tr\u1ecdng nguy\u1ec7n v\u1ecdng c\u1ee7a ng\u01b0\u1eddi \u2460 v\u00e0 \u2461<\/li>\n<li>5.Nh\u1eefng \u0111i\u1ec1u c\u01a1 b\u1ea3n v\u1ec1 ch\u0103m s\u00f3c nh\u00f3m<\/li>\n<li>6. Hi\u1ec3u v\u00e0 h\u1ed7 tr\u1ee3 ng\u01b0\u1eddi ch\u0103m s\u00f3c gia \u0111\u00ecnh \u2460\u30fb\u2461<\/li>\n<\/ul><\/div>\n<\/p><\/div>\n<\/p><\/div>\n<\/section>\n<section class=\"block-pur bg-blue\" id=\"elreadid9\">\n<div class=\"c-cont-inner\">\n                <span id=\"anc07\" class=\"anc-point\"><\/span><\/p>\n<h2>C\u1ea5p gi\u1ea5y ch\u1ee9ng nh\u1eadn ho\u00e0n th\u00e0nh<\/h2>\n<div class=\"flx-box\">\n<figure><img decoding=\"async\" src=\"https:\/\/kiso-elearning.jp\/wp-content\/uploads\/2024\/06\/pur_img07vi.png\" alt=\"S\u01a1 \u0111\u1ed3 quy tr\u00ecnh \u0111\u00e0o t\u1ea1o b\u1ea3y giai \u0111o\u1ea1n \u0111\u01b0\u1ee3c hi\u1ec3n th\u1ecb. H\u00ecnh \u1ea3nh c\u1eadn c\u1ea3nh ti\u00eau \u0111\u1ec1 &quot;Gi\u1ea5y ch\u1ee9ng nh\u1eadn ho\u00e0n th\u00e0nh&quot; \u0111\u01b0\u1ee3c hi\u1ec3n th\u1ecb sau khi v\u01b0\u1ee3t qua b\u00e0i ki\u1ec3m tra x\u00e1c nh\u1eadn cu\u1ed1i c\u00f9ng \u1edf giai \u0111o\u1ea1n th\u1ee9 b\u1ea3y.\"><\/figure>\n<div class=\"cont-box\">\n<h3 class=\"clr03\">gi\u1ea5y ch\u1ee9ng nh\u1eadn ho\u00e0n th\u00e0nh<\/h3>\n<p>&quot;Gi\u1ea5y ch\u1ee9ng nh\u1eadn ho\u00e0n th\u00e0nh&quot; s\u1ebd \u0111\u01b0\u1ee3c c\u1ea5p cho nh\u1eefng ng\u01b0\u1eddi \u0111\u00e3 ho\u00e0n th\u00e0nh vi\u1ec7c h\u1ecdc t\u1ea5t c\u1ea3 c\u00e1c ch\u01b0\u01a1ng. Ch\u1ee9ng ch\u1ec9 n\u00e0y c\u00f3 th\u1ec3 \u0111\u01b0\u1ee3c t\u1ea3i xu\u1ed1ng b\u1ea5t c\u1ee9 l\u00fac n\u00e0o t\u1eeb h\u1ec7 th\u1ed1ng h\u1ecdc t\u1eadp \u0111i\u1ec7n t\u1eed n\u00e0y.<\/p>\n<div class=\"img-box\"><img decoding=\"async\" src=\"\/wp-content\/themes\/kiso-elearning\/images\/study\/completion.png\" alt=\"S\u1ed1 0, Gi\u1ea5y ch\u1ee9ng nh\u1eadn ho\u00e0n th\u00e0nh, H\u1ecd v\u00e0 t\u00ean, Ng\u00e0y sinh, M\u00e3 s\u1ed1 ng\u01b0\u1eddi tham gia, T\u00f4i xin x\u00e1c nh\u1eadn r\u1eb1ng t\u00f4i \u0111\u00e3 ho\u00e0n th\u00e0nh Kh\u00f3a \u0111\u00e0o t\u1ea1o ch\u0103m s\u00f3c ng\u01b0\u1eddi m\u1eafc ch\u1ee9ng m\u1ea5t tr\u00ed c\u01a1 b\u1ea3n do c\u00f4ng ty \u0111\u01b0\u1ee3c A ch\u1ec9 \u0111\u1ecbnh cung c\u1ea5p theo quy \u0111\u1ecbnh c\u1ee7a B\u1ed9 Y t\u1ebf, Lao \u0111\u1ed9ng v\u00e0 Ph\u00fac l\u1ee3i. Ng\u00e0y 1 th\u00e1ng 4 n\u0103m 2022\"><\/div>\n<\/p><\/div>\n<\/p><\/div>\n<\/p><\/div>\n<\/section>\n<\/article>\n<p><\/main><\/p>","protected":false},"excerpt":{"rendered":"<p>\u8a8d\u77e5\u75c7\u4ecb\u8b77\u57fa\u790e\u7814\u4feee\u30e9\u30fc\u30cb\u30f3\u30b0\u306e\u5b66\u7fd2\u5185\u5bb9 \u5b66\u7fd2\u306e\u6d41\u308c\u306b\u3064\u3044\u3066 \u4e00\u756a\u521d\u3081\u306b\u3001\u3053\u306e\u7814\u4fee\u304c\u3069\u306e\u69d8\u306a\u76ee\u7684\u3067\u5b9f\u65bd\u3055\u308c\u3066\u3044 [&hellip;]<\/p>\n","protected":false},"author":1,"featured_media":0,"parent":0,"menu_order":3,"comment_status":"closed","ping_status":"closed","template":"","meta":{"_acf_changed":false,"_monsterinsights_skip_tracking":false,"_monsterinsights_sitenote_active":false,"_monsterinsights_sitenote_note":"","_monsterinsights_sitenote_category":0,"footnotes":""},"class_list":["post-118","page","type-page","status-publish","hentry"],"acf":[],"_links":{"self":[{"href":"https:\/\/kiso-elearning.jp\/vi\/wp-json\/wp\/v2\/pages\/118","targetHints":{"allow":["GET"]}}],"collection":[{"href":"https:\/\/kiso-elearning.jp\/vi\/wp-json\/wp\/v2\/pages"}],"about":[{"href":"https:\/\/kiso-elearning.jp\/vi\/wp-json\/wp\/v2\/types\/page"}],"author":[{"embeddable":true,"href":"https:\/\/kiso-elearning.jp\/vi\/wp-json\/wp\/v2\/users\/1"}],"replies":[{"embeddable":true,"href":"https:\/\/kiso-elearning.jp\/vi\/wp-json\/wp\/v2\/comments?post=118"}],"version-history":[{"count":72,"href":"https:\/\/kiso-elearning.jp\/vi\/wp-json\/wp\/v2\/pages\/118\/revisions"}],"predecessor-version":[{"id":7333,"href":"https:\/\/kiso-elearning.jp\/vi\/wp-json\/wp\/v2\/pages\/118\/revisions\/7333"}],"wp:attachment":[{"href":"https:\/\/kiso-elearning.jp\/vi\/wp-json\/wp\/v2\/media?parent=118"}],"curies":[{"name":"wp","href":"https:\/\/api.w.org\/{rel}","templated":true}]}}