{"id":116,"date":"2022-12-26T11:43:34","date_gmt":"2022-12-26T02:43:34","guid":{"rendered":"https:\/\/kiso-elearning.jp\/?page_id=116"},"modified":"2026-04-13T15:23:05","modified_gmt":"2026-04-13T06:23:05","slug":"nha-lap-phap-do-thi","status":"publish","type":"page","link":"https:\/\/kiso-elearning.jp\/vi\/municipalitylist\/","title":{"rendered":"Qu\u1ea7y l\u1ec5 t\u00e2n e-Learning theo khu v\u1ef1c (th\u00e0nh ph\u1ed1)"},"content":{"rendered":"<p><main class=\"sub municipalitylist\" id=\"maincontent\"><\/p>\n<article>\n<section class=\"block-header\" id=\"elreadid1\">\n<div class=\"c-cont-inner\">\n<figure class=\"rs_skip\"><img decoding=\"async\" src=\"\/wp-content\/themes\/kiso-elearning\/images\/municipalitylist\/blockheader_img.png\" alt=\"\"><\/figure>\n<h1 class=\"sdowntitle\">Khu v\u1ef1c h\u1ecdc t\u1eadp \u0111i\u1ec7n t\u1eed (Th\u00e0nh ph\u1ed1)<br class=\"pc-none\">Qu\u1ea7y l\u1ec5 t\u00e2n ri\u00eang bi\u1ec7t<\/h1>\n<\/p><\/div>\n<\/section>\n<div class=\"c-cont-inner breadtbext\">\n                <ul aria-label=\"v\u1ee5n b\u00e1nh m\u00ec\"><\/ul>\n            <\/div>\n<section class=\"block01\" id=\"elreadid2\">\n<div class=\"c-cont-inner\">\n<h2>V\u1ec1 qu\u1ea7y l\u1ec5 t\u00e2n<\/h2>\n<p>    <!--\n                \n\n<div style=\"width:65%:margin:200px auto; padding:100px 0; border:5px solid #9acd32;\">\n                    \n\n<h3 style=\"text-align:center; font-size:240%;\">\u5b9f\u65bd\u56e3\u4f53\u306e\u8a73\u7d30\u306f\u3001\u30e1\u30f3\u30c6\u30ca\u30f3\u30b9\u4e2d\u3067\u3059\u3002<br \/>\u4eca\u3057\u3070\u3089\u304f\u3001\u304a\u5f85\u3061\u306d\u304c\u3044\u307e\u3059\u3002<\/h3>\n\n\n                <\/div>\n\n\n    --><\/p>\n<p>Xin l\u01b0u \u00fd r\u1eb1ng quy tr\u00ecnh \u0111\u0103ng k\u00fd ch\u01b0\u01a1ng tr\u00ecnh \u0111\u00e0o t\u1ea1o tr\u1ef1c tuy\u1ebfn v\u1ec1 Ch\u0103m s\u00f3c b\u1ec7nh nh\u00e2n m\u1ea5t tr\u00ed nh\u1edb c\u00f3 th\u1ec3 kh\u00e1c nhau t\u00f9y theo khu v\u1ef1c (th\u00e0nh ph\u1ed1).<br \/>Qu\u1ea7y l\u1ec5 t\u00e2n \u0111\u01b0\u1ee3c chia th\u00e0nh hai ph\u1ea7n ch\u00ednh: \u2460 Trung t\u00e2m Sendai do ch\u00ednh quy\u1ec1n \u0111\u1ecba ph\u01b0\u01a1ng \u1ee7y quy\u1ec1n v\u00e0 \u2461 c\u00e1c t\u1ed5 ch\u1ee9c kh\u00e1c ngo\u00e0i Trung t\u00e2m Sendai.\n    <\/p>\n<div class=\"group-name\">\n<h4 class=\"h-opa\"><a href=\"#anc01\">Qu\u1ea7y l\u1ec5 t\u00e2n l\u00e0 Trung t\u00e2m Sendai.<\/a><\/h4>\n<h4 class=\"h-opa\"><a href=\"#anc02\">Qu\u1ea7y l\u1ec5 t\u00e2n cho c\u00e1c t\u1ed5 ch\u1ee9c kh\u00e1c ngo\u00e0i Trung t\u00e2m Sendai<\/a><\/h4>\n<\/p><\/div>\n<p id=\"sendaij\">B\u00ean d\u01b0\u1edbi b\u1ea1n s\u1ebd t\u00ecm th\u1ea5y qu\u1ea7y l\u1ec5 t\u00e2n c\u1ee7a t\u1eebng khu v\u1ef1c (th\u00e0nh ph\u1ed1).<br \/>Ch\u00ednh quy\u1ec1n \u0111\u1ecba ph\u01b0\u01a1ng \u0111\u01b0\u1ee3c \u0111\u1ec1 c\u1eadp \u1edf \u0111\u00e2y l\u00e0 c\u00e1c t\u1ec9nh v\u00e0 th\u00e0nh ph\u1ed1 \u0111\u01b0\u1ee3c ch\u1ec9 \u0111\u1ecbnh theo s\u1eafc l\u1ec7nh c\u1ee7a ch\u00ednh ph\u1ee7.<\/p>\n<p>                <span id=\"anc01\" class=\"anc-point\"><\/span><\/p>\n<div class=\"cont-box upper\">\n<h3 tabindex=\"-1\"><span class=\"num\">1<\/span><span class=\"txt\">Trung t\u00e2m nghi\u00ean c\u1ee9u v\u00e0 \u0111\u00e0o t\u1ea1o ch\u0103m s\u00f3c ch\u1ee9ng m\u1ea5t tr\u00ed Sendai<br \/>C\u00e1c khu v\u1ef1c (th\u00e0nh ph\u1ed1) n\u01a1i \u0111\u01a1n \u0111\u0103ng k\u00fd \u0111\u01b0\u1ee3c ch\u1ea5p nh\u1eadn<\/span><\/h3>\n<caption class=\"table-title\">&lt;Danh s\u00e1ch ch\u00ednh quy\u1ec1n \u0111\u1ecba ph\u01b0\u01a1ng v\u00e0 th\u00f4ng tin li\u00ean h\u1ec7&gt;<\/caption>\n<table>\n<thead>\n<tr>\n<th>khu v\u1ef1c<\/th>\n<th>ch\u00ednh quy\u1ec1n \u0111\u1ecba ph\u01b0\u01a1ng<\/th>\n<th class=\"rs_skip\">\u0110\u1ecba ch\u1ec9 li\u00ean h\u1ec7<\/th>\n<\/tr>\n<\/thead>\n<tbody>\n<tr>\n<th>Hokkaido<br class=\"sp-none\"><span class=\"pc-none\">\u30fb<\/span>Tohoku<span class=\"pc-none\">khu v\u1ef1c<\/span><\/th>\n<td>Hokkaido<i><em>Sapporo<\/em><\/i>T\u1ec9nh Aomori T\u1ec9nh Miyagi<i><em>th\u00e0nh ph\u1ed1 Sendai<\/em><\/i>T\u1ec9nh Yamagata T\u1ec9nh Fukushima T\u1ec9nh Akita<\/td>\n<td rowspan=\"6\" class=\"float-bottom rs_skip\">Nghi\u00ean c\u1ee9u ch\u0103m s\u00f3c ch\u1ee9ng m\u1ea5t tr\u00ed nh\u1edb\/<br class=\"sp-none\">Trung t\u00e2m \u0111\u00e0o t\u1ea1o Sendai<br \/>\n                                    e-sendai@dcnet.gr.jp<br \/><a href=\"https:\/\/helpfeel.com\/dcnet-e-learning-faq\/\" style=\"color:#0c52a3;\"\n>B\u1ea1n mu\u1ed1n h\u1ecfi \u0111i\u1ec1u g\u00ec?<\/a><br \/>Vui l\u00f2ng s\u1eed d\u1ee5ng &quot;Bi\u1ec3u m\u1eabu li\u00ean h\u1ec7&quot; tr\u00ean trang n\u00e0y.<\/td>\n<\/tr>\n<tr>\n<th>Kanto<span class=\"pc-none\">khu v\u1ef1c<\/span><\/th>\n<td>T\u1ec9nh Tochigi T\u1ec9nh Ibaraki T\u1ec9nh Gunma Tokyo T\u1ec9nh Chiba<i><em>Chiba<\/em><\/i>t\u1ec9nh Kanagawa<i><em>Yokohama<\/em><\/i>\u3000<i><em>th\u00e0nh ph\u1ed1 Kawasaki<\/em><\/i>\u3000<i><em>Th\u00e0nh ph\u1ed1 Sagamihara<\/em><\/i>T\u1ec9nh Saitama<\/td>\n<\/tr>\n<tr>\n<th>Chubu<span class=\"pc-none\">\u30fb<\/span><br class=\"sp-none\">hokuriku<span class=\"pc-none\">khu v\u1ef1c<\/span>\u3000<\/th>\n<td>t\u1ec9nh Niigata<i><em>Th\u00e0nh ph\u1ed1 Niigata<\/em><\/i>T\u1ec9nh Ishikawa T\u1ec9nh Fukui T\u1ec9nh Nagano T\u1ec9nh Yamanashi T\u1ec9nh Shizuoka<i><em>Th\u00e0nh ph\u1ed1 Shizuoka<\/em><\/i>\u3000<i><em>th\u00e0nh ph\u1ed1 Hamamatsu<\/em><\/i>T\u1ec9nh Aichi (tr\u1eeb th\u00e0nh ph\u1ed1 Nagoya), T\u1ec9nh Gifu, T\u1ec9nh Toyama<\/td>\n<\/tr>\n<tr>\n<th>Kansai<span class=\"pc-none\">khu v\u1ef1c<\/span><\/th>\n<td>Kyoto<i><em>Th\u00e0nh ph\u1ed1 Kyoto<\/em><\/i>t\u1ec9nh Osaka<i><em>th\u00e0nh ph\u1ed1 osaka<\/em><\/i>\u3000<i><em>Th\u00e0nh ph\u1ed1 Sakai<\/em><\/i>T\u1ec9nh Mie T\u1ec9nh Nara T\u1ec9nh Wakayama T\u1ec9nh Hyogo<i><em>th\u00e0nh ph\u1ed1 Kobe<\/em><\/i><\/td>\n<\/tr>\n<tr>\n<th>Shikoku<span class=\"pc-none\">\u30fb<\/span><br class=\"sp-none\">Trung Qu\u1ed1c<span class=\"pc-none\">khu v\u1ef1c<\/span>\u3000<\/th>\n<td>T\u1ec9nh Kagawa T\u1ec9nh Tokushima T\u1ec9nh Kochi T\u1ec9nh Shimane T\u1ec9nh Tottori T\u1ec9nh Hiroshima<i><em>th\u00e0nh ph\u1ed1 Hirosima<\/em><\/i>t\u1ec9nh okama<i><em>th\u00e0nh ph\u1ed1 okama<\/em><\/i>\u3000<\/td>\n<\/tr>\n<tr id=\"otherj\">\n<th>Kyushu<span class=\"pc-none\">\u30fb<\/span><br class=\"sp-none\">Okinawa<span class=\"pc-none\">khu v\u1ef1c<\/span>\u3000<\/th>\n<td>t\u1ec9nh Fukuoka<i><em>Th\u00e0nh ph\u1ed1 Fukuoka<\/em><\/i>\u3000<i><em>Th\u00e0nh Ph\u1ed1 Kitakyushu<\/em><\/i>T\u1ec9nh Saga T\u1ec9nh Kumamoto<i><em>Th\u00e0nh ph\u1ed1 Kumamoto<\/em><\/i>T\u1ec9nh Oita T\u1ec9nh Miyazaki T\u1ec9nh Kagoshima T\u1ec9nh Okinawa<span aria-label=\"Th\u00f4ng tin li\u00ean h\u1ec7, Trung t\u00e2m Nghi\u00ean c\u1ee9u v\u00e0 \u0110\u00e0o t\u1ea1o Ch\u0103m s\u00f3c Ch\u1ee9ng m\u1ea5t tr\u00ed nh\u1edb Sendai, e-sendai@dcnet.gr.jp\"><\/span><\/td>\n<\/tr>\n<\/tbody>\n<\/table><\/div>\n<p>                <span id=\"anc02\" class=\"anc-point\"><\/span><\/p>\n<div class=\"cont-box lower\">\n<h3 tabindex=\"-1\"><span class=\"num\">2<\/span><span class=\"txt\">Danh s\u00e1ch c\u00e1c t\u1ed5 ch\u1ee9c th\u1ef1c hi\u1ec7n t\u1ea1i c\u00e1c khu v\u1ef1c (th\u00e0nh ph\u1ed1) c\u00f3 qu\u1ea7y ti\u1ebfp t\u00e2n kh\u00f4ng ph\u1ea3i l\u00e0 Trung t\u00e2m Sendai<\/span><\/h3>\n<caption class=\"table-title\">&lt;Danh s\u00e1ch c\u00e1c t\u1ed5 ch\u1ee9c th\u1ef1c hi\u1ec7n v\u00e0 th\u00f4ng tin li\u00ean h\u1ec7&gt; <span style=\"font-size:115%;\">Vui l\u00f2ng li\u00ean h\u1ec7 v\u1edbi t\u1ed5 ch\u1ee9c th\u1ef1c hi\u1ec7n t\u1ea1i \u0111\u1ecba \u0111i\u1ec3m kinh doanh c\u1ee7a b\u1ea1n (ch\u00fang t\u00f4i kh\u00f4ng th\u1ec3 tr\u1ea3 l\u1eddi c\u00e1c y\u00eau c\u1ea7u t\u1eeb c\u00e1c t\u1ec9nh, th\u00e0nh ph\u1ed1 kh\u00e1c, v.v.)<\/span><br \/>\n<\/caption>\n<table>\n<thead>\n<tr>\n<th>ch\u00ednh quy\u1ec1n \u0111\u1ecba ph\u01b0\u01a1ng<\/th>\n<th>T\u00ean t\u1ed5 ch\u1ee9c th\u1ef1c hi\u1ec7n<\/th>\n<th>E-mail<\/th>\n<th>\u0110\u1ecba ch\u1ec9 li\u00ean h\u1ec7<\/th>\n<\/tr>\n<\/thead>\n<tbody>\n<tr>\n<td class=\"bless\">t\u1ec9nh Iwate<\/td>\n<td>Qu\u1ef9 k\u1ebft h\u1ee3p l\u1ee3i \u00edch c\u00f4ng c\u1ed9ng<br class=\"sp-none\">Qu\u1ef9 h\u1ed7 tr\u1ee3 Ikiiki Iwate<\/td>\n<td><!--<a href=\"mailto:d-care-kiso@silverz.or.jp\">d-care-kiso@silverz.or.jp<\/a>--><\/td>\n<td>\u0110T.019-629-2300<br \/>*Ch\u1ec9 \u00e1p d\u1ee5ng cho c\u00e1c doanh nghi\u1ec7p \u0111\u1eb7t t\u1ea1i t\u1ec9nh Iwate.<\/td>\n<\/tr>\n<p>                            <!--\n\n<tr>\n                                \n\n<td class=\" bless\">\u57fc\u7389\u770c<\/td>\n\n\n                                \n\n<td>\u516c\u76ca\u8ca1\u56e3\u6cd5\u4eba<br class=\"sp-none\">\u4ecb\u8b77\u52b4\u50cd\u5b89\u5b9a\u30bb\u30f3\u30bf\u30fc\u57fc\u7389\u652f\u90e8<\/td>\n\n\n                                \n\n<td><a href=\"mailto:saitama@kaigo-center.or.jp\">saitama@kaigo-center.or.jp<\/a><\/td>\n\n\n                                \n\n<td>TEL.048-813-2551<\/td>\n\n\n                            <\/tr>\n\n--><\/p>\n<tr>\n<td class=\"sp-bdt bless\"><i>th\u00e0nh ph\u1ed1 saitama<span class=\"sr-only\">(C\u00e1c th\u00e0nh ph\u1ed1 \u0111\u01b0\u1ee3c ch\u1ec9 \u0111\u1ecbnh theo s\u1eafc l\u1ec7nh c\u1ee7a ch\u00ednh ph\u1ee7)<\/span><\/i><\/td>\n<td>Qu\u1ef9 k\u1ebft h\u1ee3p l\u1ee3i \u00edch c\u00f4ng c\u1ed9ng<br class=\"sp-none\">Trung t\u00e2m \u1ed5n \u0111\u1ecbnh c\u00f4ng vi\u1ec7c ch\u0103m s\u00f3c \u0111i\u1ec1u d\u01b0\u1ee1ng Chi nh\u00e1nh Saitama<\/td>\n<td><a href=\"mailto:saitama@kaigo-center.or.jp\">saitama@kaigo-center.or.jp<\/a><\/td>\n<td>\u0110T.048-813-2551<\/td>\n<\/tr>\n<p>                            <!--\n\n<tr>\n                                \n\n<td class=\"sp-bdt bless\"><i>\u516b\u738b\u5b50\u5e02<\/i><\/td>\n\n\n                                \n\n<td>\u516b\u738b\u5b50\u5e02 <br class=\"sp-none\">\u798f\u7949\u90e8\u9ad8\u9f62\u8005\u798f\u7949\u8ab2<\/td>\n\n\n                                \n\n<td><a href=\"mailto:b440400@city.hachioji.tokyo.jp\">b440400@city.hachioji.tokyo.jp<\/a><\/td>\n\n\n                                \n\n<td>TEL.042-620-1158<\/td>\n\n\n                            <\/tr>\n\n--><\/p>\n<tr>\n<td class=\"sp-bdt bless\"><i>th\u00e0nh ph\u1ed1 Nagoya<span class=\"sr-only\">(C\u00e1c th\u00e0nh ph\u1ed1 \u0111\u01b0\u1ee3c ch\u1ec9 \u0111\u1ecbnh theo s\u1eafc l\u1ec7nh c\u1ee7a ch\u00ednh ph\u1ee7)<\/span><\/i><\/td>\n<td>c\u00f4ng ty ph\u00fac l\u1ee3i x\u00e3 h\u1ed9i<br class=\"sp-none\">H\u1ed9i \u0111\u1ed3ng ph\u00fac l\u1ee3i x\u00e3 h\u1ed9i th\u00e0nh ph\u1ed1 Nagoya<br \/>Trung t\u00e2m \u0111\u00e0o t\u1ea1o ph\u00fac l\u1ee3i x\u00e3 h\u1ed9i<\/td>\n<td><a href=\"mailto:zaitakunet@nagoya-shakyo.or.jp\">zaitakunet@nagoya-shakyo.or.jp<\/a><\/td>\n<td>\u0110T.052-745-6660<\/td>\n<\/tr>\n<tr>\n<td class=\"bless\">t\u1ec9nh Shiga<\/td>\n<td>c\u00f4ng ty ph\u00fac l\u1ee3i x\u00e3 h\u1ed9i<br class=\"sp-none\">H\u1ed9i \u0111\u1ed3ng ph\u00fac l\u1ee3i x\u00e3 h\u1ed9i t\u1ec9nh Shiga<br \/>Trung t\u00e2m \u0111\u00e0o t\u1ea1o ph\u00fac l\u1ee3i x\u00e3 h\u1ed9i t\u1ec9nh Shiga<\/td>\n<td><\/td>\n<td>\u0110T.077-567-3927<br \/><span class=\"sml\">*Ch\u1ec9 c\u00f3 t\u1ea1i c\u00e1c v\u0103n ph\u00f2ng trong T\u1ec9nh Shiga<\/span><br \/>(C\u00e1c ng\u00e0y trong tu\u1ea7n 9:00-17:00)<\/td>\n<\/tr>\n<p>                           <!-- \n\n<tr>\n                                \n\n<td class=\"sp-bdt bless\">\u548c\u6b4c\u5c71\u770c<\/td>\n\n\n                                \n\n<td>\u548c\u6b4c\u5c71\u770c\u4ecb\u8b77\u666e\u53ca\u30bb\u30f3\u30bf\u30fc<\/td>\n\n\n                                \n\n<td><a href=\"mailto:wakaigo2020@gmail.com\">wakaigo2020@gmail.com<\/a><\/td>\n\n\n                                \n\n<td>TEL.0739-22-6589<\/td>\n\n\n                            <\/tr>\n\n--><\/p>\n<tr>\n<td class=\"sp-bdt bless\">t\u1ec9nh Yamaguchi<\/td>\n<td>h\u1ecdc vi\u1ec7n<br class=\"sp-none\">Vi\u1ec7n d\u01b0\u1ee1ng l\u00e3o t\u1ec9nh Yamaguchi\/<br class=\"pc-none\">Hi\u1ec7p h\u1ed9i nh\u00e0 t\u1eadp th\u1ec3<\/td>\n<td><a href=\"mailto:info@yamaguchi-ghr.com\">info@yamaguchi-ghr.com<\/a><\/td>\n<td><\/td>\n<\/tr>\n<tr>\n<td class=\"sp-bdt bless\">t\u1ec9nh Yamaguchi<\/td>\n<td>C\u00f4ng ty TNHH<br class=\"pc-none\">ANNO-P<\/td>\n<td><a href=\"mailto:mizuho-ltd@seirankai.or.jp\">mizuho-ltd@seirankai.or.jp<\/a><\/td>\n<td>\u0110T.083-933-6000<\/td>\n<\/tr>\n<tr>\n<td class=\"sp-bdt bless\">t\u1ec9nh Yamaguchi<\/td>\n<td>h\u1ecdc vi\u1ec7n<br class=\"sp-none\">Hi\u1ec7p h\u1ed9i nh\u00e2n vi\u00ean ch\u0103m s\u00f3c t\u1ec9nh Yamaguchi<\/td>\n<td><a href=\"mailto:info@yamaguchi-kaigo.jp\">info@yamaguchi-kaigo.jp<\/a><\/td>\n<td>\u0110T.083-987-0122<br \/>FAX.083-987-0125<\/td>\n<\/tr>\n<tr>\n<td class=\"bless\">t\u1ec9nh Ehime<\/td>\n<td>Qu\u1ef9 k\u1ebft h\u1ee3p l\u1ee3i \u00edch c\u00f4ng c\u1ed9ng <br class=\"sp-none\">Trung t\u00e2m \u1ed5n \u0111\u1ecbnh c\u00f4ng vi\u1ec7c ch\u0103m s\u00f3c \u0111i\u1ec1u d\u01b0\u1ee1ng<br class=\"pc-none\">chi nh\u00e1nh Ehime<\/td>\n<td><a href=\"mailto:ehime@kaigo-center.or.jp\">ehime@kaigo-center.or.jp<\/a><\/td>\n<td>\u0110T.089-921-1461<br class=\"sp-none\">FAX.089-921-1477<\/td>\n<\/tr>\n<tr>\n<td class=\"bless\">t\u1ec9nh Nagasaki<\/td>\n<td>C\u00f4ng ty TNHH RAIMU<\/td>\n<td><a href=\"mailto:raimu-care@herb.ocn.ne.jp\">raimu-care@herb.ocn.ne.jp<\/a><\/td>\n<td>\u0110T.0956-28-4649<br \/>(C\u00e1c ng\u00e0y trong tu\u1ea7n 9:00-17:00)<br \/>\n                                    <br \/><span class=\"sml\">*Th\u1ee9 b\u1ea3y, ch\u1ee7 nh\u1eadt, ng\u00e0y l\u1ec5 v\u00e0 c\u00e1c ng\u00e0y l\u1ec5 cu\u1ed1i n\u0103m, n\u0103m m\u1edbi<br \/>\u0110\u1eebng m\u1edf<\/span>\n                                    <\/td>\n<\/tr>\n<\/tbody>\n<\/table><\/div>\n<p>                <!--\n\n<p class=\"attention\">\u4e00\u89a7\u306b\u7121\u3044\u81ea\u6cbb\u4f53(\u90fd\u9053\u5e9c\u770c\u30fb\u653f\u4ee4\u6307\u5b9a\u90fd\u5e02)\u306f\u8a8d\u77e5\u75c7\u4ecb\u8b77\u57fa\u790e\u7814\u4feee\u30e9\u30fc\u30cb\u30f3\u30b0\u306e\u5c0e\u5165\u304c\u307e\u3060\u884c\u308f\u308c\u3066\u3044\u307e\u305b\u3093\u3002\u305d\u306e\u305f\u3081\u53d7\u8b1b\u7533\u8acb\u3059\u308b\u3053\u3068\u306f\u3067\u304d\u307e\u305b\u3093\u3002<\/p>\n\n-->\n            <\/div>\n<\/section>\n<\/article>\n<p>    <\/main><\/p>","protected":false},"excerpt":{"rendered":"<p>e\u30e9\u30fc\u30cb\u30f3\u30b0\u5730\u57df(\u81ea\u6cbb\u4f53)\u5225\u53d7\u4ed8\u7a93\u53e3 \u53d7\u4ed8\u7a93\u53e3\u306b\u3064\u3044\u3066 \u3000\u8a8d\u77e5\u75c7\u4ecb\u8b77\u57fa\u790e\u7814\u4feee\u30e9\u30fc\u30cb\u30f3\u30b0\u306e\u7533\u8fbc\u624b\u7d9a\u304d\u306f\u3001\u5730\u57df\uff08 [&hellip;]<\/p>\n","protected":false},"author":1,"featured_media":0,"parent":0,"menu_order":5,"comment_status":"closed","ping_status":"closed","template":"","meta":{"_acf_changed":false,"_monsterinsights_skip_tracking":false,"_monsterinsights_sitenote_active":false,"_monsterinsights_sitenote_note":"","_monsterinsights_sitenote_category":0,"footnotes":""},"class_list":["post-116","page","type-page","status-publish","hentry"],"acf":[],"_links":{"self":[{"href":"https:\/\/kiso-elearning.jp\/vi\/wp-json\/wp\/v2\/pages\/116","targetHints":{"allow":["GET"]}}],"collection":[{"href":"https:\/\/kiso-elearning.jp\/vi\/wp-json\/wp\/v2\/pages"}],"about":[{"href":"https:\/\/kiso-elearning.jp\/vi\/wp-json\/wp\/v2\/types\/page"}],"author":[{"embeddable":true,"href":"https:\/\/kiso-elearning.jp\/vi\/wp-json\/wp\/v2\/users\/1"}],"replies":[{"embeddable":true,"href":"https:\/\/kiso-elearning.jp\/vi\/wp-json\/wp\/v2\/comments?post=116"}],"version-history":[{"count":70,"href":"https:\/\/kiso-elearning.jp\/vi\/wp-json\/wp\/v2\/pages\/116\/revisions"}],"predecessor-version":[{"id":8551,"href":"https:\/\/kiso-elearning.jp\/vi\/wp-json\/wp\/v2\/pages\/116\/revisions\/8551"}],"wp:attachment":[{"href":"https:\/\/kiso-elearning.jp\/vi\/wp-json\/wp\/v2\/media?parent=116"}],"curies":[{"name":"wp","href":"https:\/\/api.w.org\/{rel}","templated":true}]}}