{"id":1147,"date":"2023-02-07T13:58:19","date_gmt":"2023-02-07T04:58:19","guid":{"rendered":"https:\/\/kiso-elearning.jp\/?page_id=1147"},"modified":"2024-09-19T09:23:01","modified_gmt":"2024-09-19T00:23:01","slug":"%e3%83%88%e3%83%83%e3%83%97%e3%83%9a%e3%83%bc%e3%82%b8","status":"publish","type":"page","link":"https:\/\/kiso-elearning.jp\/vi\/","title":{"rendered":"Th\u00f4ng tin \u0111\u00e0o t\u1ea1o c\u01a1 b\u1ea3n v\u1ec1 ch\u0103m s\u00f3c ch\u1ee9ng m\u1ea5t tr\u00ed nh\u1edb \u0111i\u1ec7n t\u1eed"},"content":{"rendered":"","protected":false},"excerpt":{"rendered":"","protected":false},"author":1,"featured_media":0,"parent":0,"menu_order":2,"comment_status":"closed","ping_status":"closed","template":"","meta":{"_acf_changed":false,"_monsterinsights_skip_tracking":false,"_monsterinsights_sitenote_active":false,"_monsterinsights_sitenote_note":"","_monsterinsights_sitenote_category":0,"footnotes":""},"class_list":["post-1147","page","type-page","status-publish","hentry"],"acf":[],"_links":{"self":[{"href":"https:\/\/kiso-elearning.jp\/vi\/wp-json\/wp\/v2\/pages\/1147","targetHints":{"allow":["GET"]}}],"collection":[{"href":"https:\/\/kiso-elearning.jp\/vi\/wp-json\/wp\/v2\/pages"}],"about":[{"href":"https:\/\/kiso-elearning.jp\/vi\/wp-json\/wp\/v2\/types\/page"}],"author":[{"embeddable":true,"href":"https:\/\/kiso-elearning.jp\/vi\/wp-json\/wp\/v2\/users\/1"}],"replies":[{"embeddable":true,"href":"https:\/\/kiso-elearning.jp\/vi\/wp-json\/wp\/v2\/comments?post=1147"}],"version-history":[{"count":2,"href":"https:\/\/kiso-elearning.jp\/vi\/wp-json\/wp\/v2\/pages\/1147\/revisions"}],"predecessor-version":[{"id":4918,"href":"https:\/\/kiso-elearning.jp\/vi\/wp-json\/wp\/v2\/pages\/1147\/revisions\/4918"}],"wp:attachment":[{"href":"https:\/\/kiso-elearning.jp\/vi\/wp-json\/wp\/v2\/media?parent=1147"}],"curies":[{"name":"wp","href":"https:\/\/api.w.org\/{rel}","templated":true}]}}