{"id":109,"date":"2022-12-25T14:12:31","date_gmt":"2022-12-25T05:12:31","guid":{"rendered":"https:\/\/kiso-elearning.jp\/?page_id=109"},"modified":"2025-10-14T22:40:00","modified_gmt":"2025-10-14T13:40:00","slug":"kiso-gi-the","status":"publish","type":"page","link":"https:\/\/kiso-elearning.jp\/vi\/what-kiso\/","title":{"rendered":"\u0110\u00e0o t\u1ea1o c\u01a1 b\u1ea3n v\u1ec1 ch\u0103m s\u00f3c ch\u1ee9ng m\u1ea5t tr\u00ed nh\u1edb l\u00e0 g\u00ec?"},"content":{"rendered":"<p><main class=\"sub what-kiso\" id=\"maincontent\">   <\/p>\n<section>\n<div class=\"block-header\" id=\"elreadid1\">\n<div class=\"c-cont-inner\">\n<figure class=\"rs_skip\"><img decoding=\"async\" src=\"\/wp-content\/themes\/kiso-elearning\/images\/what-kiso\/blockheader_img.png\" alt=\"\"><\/figure>\n<h1>ch\u0103m s\u00f3c ch\u1ee9ng m\u1ea5t tr\u00ed nh\u1edb<br class=\"pc-none\">\u0110\u00e0o t\u1ea1o c\u01a1 b\u1ea3n l\u00e0 g\u00ec?<\/h1>\n<\/p><\/div>\n<\/p><\/div>\n<div class=\"c-cont-inner breadtbext\">\n           <ul aria-label=\"v\u1ee5n b\u00e1nh m\u00ec\"><\/ul>\n        <\/div>\n<section class=\"block01\" id=\"elreadid2\">\n<div class=\"c-cont-inner\">\n<h2>\u0110\u00e0o t\u1ea1o c\u01a1 b\u1ea3n v\u1ec1 ch\u0103m s\u00f3c ch\u1ee9ng m\u1ea5t tr\u00ed nh\u1edb<br class=\"pc-none\">\u0111\u1ecbnh v\u1ecb<\/h2>\n<figure><img decoding=\"async\" src=\"\/wp-content\/themes\/kiso-elearning\/images\/what-kiso\/img01.webp\" alt=\"C\u00e1c v\u1ecb tr\u00ed \u0111\u01b0\u1ee3c th\u1ec3 hi\u1ec7n theo s\u01a1 \u0111\u1ed3 kim t\u1ef1 th\u00e1p. T\u1eeb d\u01b0\u1edbi l\u00ean, c\u00f3 t\u0103ng l\u01b0\u01a1ng c\u01a1 b\u1ea3n, \u0111\u00e0o t\u1ea1o c\u01a1 b\u1ea3n v\u1ec1 ch\u0103m s\u00f3c ch\u1ee9ng m\u1ea5t tr\u00ed, nh\u00e2n vi\u00ean ch\u0103m s\u00f3c m\u1edbi, n\u00e2ng cao k\u1ef9 n\u0103ng, \u0111\u00e0o t\u1ea1o th\u1ef1c h\u00e0nh, nh\u00e2n vi\u00ean ch\u0103m s\u00f3c, \u0111\u00e0o t\u1ea1o l\u00e3nh \u0111\u1ea1o th\u1ef1c h\u00e0nh, tr\u01b0\u1edfng nh\u00f3m, \u0111\u00e0o t\u1ea1o gi\u1ea3ng vi\u00ean v\u00e0 gi\u1ea3ng vi\u00ean \u0111\u1ecba ph\u01b0\u01a1ng.\"><\/figure>\n<p>Ch\u01b0\u01a1ng tr\u00ecnh \u0110\u00e0o t\u1ea1o C\u01a1 b\u1ea3n v\u1ec1 Ch\u0103m s\u00f3c Ch\u1ee9ng m\u1ea5t tr\u00ed nh\u1edb l\u00e0 m\u1ed9t ch\u01b0\u01a1ng tr\u00ecnh \u0111\u00e0o t\u1ea1o d\u00e0nh cho nh\u1eefng nh\u00e2n vi\u00ean ch\u0103m s\u00f3c l\u1ea7n \u0111\u1ea7u ti\u00ean, l\u00e0 m\u1ed9t ph\u1ea7n c\u1ee7a &quot;D\u1ef1 \u00e1n \u0110\u00e0o t\u1ea1o Ng\u01b0\u1eddi h\u00e0nh ngh\u1ec1 Ch\u0103m s\u00f3c Ch\u1ee9ng m\u1ea5t tr\u00ed nh\u1edb&quot; b\u1eaft \u0111\u1ea7u tr\u00ean to\u00e0n qu\u1ed1c v\u00e0o n\u0103m 2001.<br \/>M\u1ee5c \u0111\u00edch c\u1ee7a D\u1ef1 \u00e1n \u0110\u00e0o t\u1ea1o Ng\u01b0\u1eddi h\u00e0nh ngh\u1ec1 Ch\u0103m s\u00f3c B\u1ec7nh m\u1ea5t tr\u00ed nh\u1edb l\u00e0 \u0111\u00e0o t\u1ea1o \u0111\u1ed9i ng\u0169 nh\u00e2n vi\u00ean chuy\u00ean m\u00f4n v\u1ec1 ch\u0103m s\u00f3c b\u1ec7nh m\u1ea5t tr\u00ed nh\u1edb v\u00e0 c\u1ea3i thi\u1ec7n vi\u1ec7c ch\u0103m s\u00f3c b\u1ec7nh m\u1ea5t tr\u00ed nh\u1edb. C\u00f3 ''\u0111\u00e0o t\u1ea1o ng\u01b0\u1eddi h\u01b0\u1edbng d\u1eabn ch\u0103m s\u00f3c ch\u1ee9ng m\u1ea5t tr\u00ed nh\u1edb'', ''\u0111\u00e0o t\u1ea1o l\u00e3nh \u0111\u1ea1o th\u1ef1c h\u00e0nh ch\u0103m s\u00f3c ch\u1ee9ng m\u1ea5t tr\u00ed nh\u1edb'', ''\u0111\u00e0o t\u1ea1o h\u1ecdc vi\u00ean ch\u0103m s\u00f3c ch\u1ee9ng m\u1ea5t tr\u00ed nh\u1edb'' v\u00e0 ''\u0111\u00e0o t\u1ea1o c\u01a1 b\u1ea3n v\u1ec1 ch\u0103m s\u00f3c ch\u1ee9ng m\u1ea5t tr\u00ed nh\u1edb'' cho t\u1eebng nh\u00f3m \u0111\u1ed1i t\u01b0\u1ee3ng.<br \/>\u0110\u1eb7c bi\u1ec7t, Kh\u00f3a \u0111\u00e0o t\u1ea1o c\u01a1 b\u1ea3n v\u1ec1 ch\u0103m s\u00f3c ch\u1ee9ng m\u1ea5t tr\u00ed nh\u1edb l\u00e0 kh\u00f3a \u0111\u00e0o t\u1ea1o gi\u1edbi thi\u1ec7u \u0111\u1ec3 t\u00ecm hi\u1ec3u nh\u1eefng ki\u1ebfn th\u1ee9c c\u01a1 b\u1ea3n v\u1ec1 ch\u0103m s\u00f3c ch\u1ee9ng m\u1ea5t tr\u00ed nh\u1edb.<\/p>\n<\/p><\/div>\n<\/section>\n<section class=\"block02\" id=\"elreadid3\">\n<div class=\"c-cont-inner\">\n<h2>ti\u00eau chu\u1ea9n do qu\u1ed1c gia \u0111\u1eb7t ra<br class=\"pc-none\">ch\u01b0\u01a1ng tr\u00ecnh gi\u1ea3ng d\u1ea1y<span class=\"hosoku\">[Th\u00f4ng b\u00e1o s\u1ed1 0406 s\u1ed1 5, B\u1ed9 Y t\u1ebf, Lao \u0111\u1ed9ng v\u00e0 Ph\u00fac l\u1ee3i, T\u1ed5ng Gi\u00e1m \u0111\u1ed1c C\u1ee5c Y t\u1ebf v\u00e0 Ph\u00fac l\u1ee3i Ng\u01b0\u1eddi cao tu\u1ed5i, v\u1ec1 S\u1eeda \u0111\u1ed5i m\u1ed9t ph\u1ea7n \u0111\u1ed1i v\u1edbi \u201cTh\u1ef1c hi\u1ec7n D\u1ef1 \u00e1n \u0110\u00e0o t\u1ea1o d\u00e0nh cho nh\u1eefng ng\u01b0\u1eddi h\u00e0nh ngh\u1ec1 Ch\u0103m s\u00f3c Ch\u1ee9ng m\u1ea5t tr\u00ed nh\u1edb\u201d (ng\u00e0y 6 th\u00e1ng 4 n\u0103m 2021)]<\/span><\/h2>\n<p class=\"sub-lead\">B\u1ed9 Y t\u1ebf, Lao \u0111\u1ed9ng v\u00e0 Ph\u00fac l\u1ee3i \u0111\u00e3 x\u00e2y d\u1ef1ng ch\u01b0\u01a1ng tr\u00ecnh gi\u1ea3ng d\u1ea1y ti\u00eau chu\u1ea9n cho kh\u00f3a \u0111\u00e0o t\u1ea1o c\u01a1 b\u1ea3n v\u1ec1 ch\u0103m s\u00f3c ch\u1ee9ng m\u1ea5t tr\u00ed nh\u1edb nh\u01b0 sau v\u1ec1 &quot;m\u1ee5c ti\u00eau \u0111\u00e0o t\u1ea1o&quot;, &quot;\u0111\u1ed1i t\u01b0\u1ee3ng m\u1ee5c ti\u00eau&quot; v\u00e0 &quot;n\u1ed9i dung h\u1ecdc t\u1eadp&quot;.<\/p>\n<div class=\"flx-box box01\">\n<h3>m\u1ee5c ti\u00eau<\/h3>\n<p>Nh\u1eefng ng\u01b0\u1eddi tham gia ch\u0103m s\u00f3c ch\u1ee9ng m\u1ea5t tr\u00ed nh\u1edb s\u1ebd c\u00f3 \u0111\u01b0\u1ee3c ki\u1ebfn th\u1ee9c v\u00e0 k\u1ef9 n\u0103ng c\u01a1 b\u1ea3n, c\u0169ng nh\u01b0 c\u00e1ch suy ngh\u0129 khi \u00e1p d\u1ee5ng \u0111i\u1ec1u n\u00e0y v\u00e0o th\u1ef1c t\u1ebf, nh\u1eb1m cung c\u1ea5p d\u1ecbch v\u1ee5 ch\u0103m s\u00f3c l\u1ea5y con ng\u01b0\u1eddi l\u00e0m trung t\u00e2m, nh\u1ea5n m\u1ea1nh v\u00e0o quan \u0111i\u1ec3m c\u1ee7a ng\u01b0\u1eddi m\u1eafc ch\u1ee9ng m\u1ea5t tr\u00ed nh\u1edb v\u00e0 gia \u0111\u00ecnh h\u1ecd. \u0110\u1ec3 c\u00f3 th\u1ec3 cung c\u1ea5p c\u00e1c d\u1ecbch v\u1ee5 c\u01a1 b\u1ea3n v\u1edbi t\u01b0 c\u00e1ch l\u00e0 th\u00e0nh vi\u00ean c\u1ee7a ph\u01b0\u01a1ng ph\u00e1p ti\u1ebfp c\u1eadn nh\u00f3m.<\/p>\n<\/p><\/div>\n<div class=\"flx-box box02\">\n<h3>Kh\u00e1n gi\u1ea3 m\u1ee5c ti\u00eau<\/h3>\n<p>Nh\u00e2n vi\u00ean ch\u0103m s\u00f3c \u0111i\u1ec1u d\u01b0\u1ee1ng, v.v., nh\u1eefng ng\u01b0\u1eddi \u0111ang tham gia v\u00e0o c\u00e1c v\u0103n ph\u00f2ng kinh doanh n\u01a1i c\u00e1c c\u01a1 s\u1edf b\u1ea3o hi\u1ec3m ch\u0103m s\u00f3c \u0111i\u1ec1u d\u01b0\u1ee1ng, nh\u00e0 \u0111i\u1ec1u h\u00e0nh kinh doanh, v.v. ti\u1ebfn h\u00e0nh ho\u1ea1t \u0111\u1ed9ng kinh doanh li\u00ean quan.<\/p>\n<\/p><\/div>\n<div class=\"info-box\">\n<h4>C\u00e1c b\u1eb1ng c\u1ea5p \u0111\u01b0\u1ee3c mi\u1ec5n y\u00eau c\u1ea7u \u0111\u00e0o t\u1ea1o<\/h4>\n<ul>\n<li>\u25cfB\u00e1c s\u0129, nha s\u0129, d\u01b0\u1ee3c s\u0129<\/li>\n<li>\u25cfY t\u00e1, y t\u00e1 ph\u1ee5<\/li>\n<li>\u25cfNh\u00e2n vi\u00ean ch\u0103m s\u00f3c \u0111\u01b0\u1ee3c ch\u1ee9ng nh\u1eadn, nh\u1eefng ng\u01b0\u1eddi \u0111\u00e3 ho\u00e0n th\u00e0nh kh\u00f3a \u0111\u00e0o t\u1ea1o th\u1ef1c h\u00e0nh, nh\u1eefng ng\u01b0\u1eddi \u0111\u00e3 ho\u00e0n th\u00e0nh kh\u00f3a \u0111\u00e0o t\u1ea1o d\u00e0nh cho nh\u00e2n vi\u00ean ch\u0103m s\u00f3c l\u1ea7n \u0111\u1ea7u, nh\u1eefng ng\u01b0\u1eddi \u0111\u00e3 ho\u00e0n th\u00e0nh kh\u00f3a \u0111\u00e0o t\u1ea1o d\u00e0nh cho nh\u00e2n vi\u00ean h\u1ed7 tr\u1ee3 sinh ho\u1ea1t, nh\u1eefng ng\u01b0\u1eddi \u0111\u00e3 ho\u00e0n th\u00e0nh kh\u00f3a \u0111\u00e0o t\u1ea1o c\u01a1 b\u1ea3n d\u00e0nh cho nh\u00e2n vi\u00ean ch\u0103m s\u00f3c ho\u1eb7c l\u1edbp m\u1ed9t ho\u1eb7c c\u00e1c kh\u00f3a \u0111\u00e0o t\u1ea1o h\u1ea1ng hai d\u00e0nh cho ng\u01b0\u1eddi ch\u0103m s\u00f3c \u0111\u1ebfn th\u0103m.<\/li>\n<li>\u25cfNh\u00e0 v\u1eadt l\u00fd tr\u1ecb li\u1ec7u, nh\u00e0 tr\u1ecb li\u1ec7u ngh\u1ec1 nghi\u1ec7p, nh\u00e0 tr\u1ecb li\u1ec7u ng\u00f4n ng\u1eef, nh\u00e0 tr\u1ecb li\u1ec7u xoa b\u00f3p, nh\u00e0 tr\u1ecb li\u1ec7u ch\u00e2m c\u1ee9u, nh\u00e0 tr\u1ecb li\u1ec7u xoa b\u00f3p<\/li>\n<li>\u25cfChuy\u00ean gia dinh d\u01b0\u1ee1ng \u0111\u00e3 \u0111\u0103ng k\u00fd<\/li>\n<li>- Nh\u00e2n vi\u00ean x\u00e3 h\u1ed9i, chuy\u00ean gia h\u1ed7 tr\u1ee3 ch\u0103m s\u00f3c \u0111i\u1ec1u d\u01b0\u1ee1ng, nh\u00e2n vi\u00ean ph\u00fac l\u1ee3i s\u1ee9c kh\u1ecfe t\u00e2m th\u1ea7n, v.v.<\/li>\n<\/ul>\n<p class=\"notice rs_preserve\">Th\u00f4ng tin m\u1edbi nh\u1ea5t v\u1ec1 B\u1ea3o hi\u1ec3m Ch\u0103m s\u00f3c \u0110i\u1ec1u d\u01b0\u1ee1ng S\u1ed1 934, ng\u00e0y 16 th\u00e1ng 3 n\u0103m 2021, B\u1ed9 Y t\u1ebf, Lao \u0111\u1ed9ng v\u00e0 Ph\u00fac l\u1ee3i, C\u1ee5c Y t\u1ebf Ng\u01b0\u1eddi cao tu\u1ed5i, tham kh\u1ea3o t\u1eebng ti\u00eau chu\u1ea9n d\u1ecbch v\u1ee5, d\u1ecbch v\u1ee5 ch\u0103m s\u00f3c \u0111i\u1ec1u d\u01b0\u1ee1ng, ti\u00eau chu\u1ea9n ho\u1ea1t \u0111\u1ed9ng v\u00e0 c\u01a1 c\u1ea5u c\u00f4ng vi\u1ec7c \u0111\u1ea3m b\u1ea3o.<\/p>\n<\/p><\/div>\n<div class=\"flx-box box03\">\n<h3>h\u1ecdc<br class=\"sp-none\">N\u1ed9i dung<\/h3>\n<div class=\"txt-box\">\n<h4><span>1<\/span> T\u00ecnh h\u00ecnh hi\u1ec7n t\u1ea1i xung quanh nh\u1eefng ng\u01b0\u1eddi m\u1eafc ch\u1ee9ng m\u1ea5t tr\u00ed nh\u1edb<\/h4>\n<ul>\n<li>\u25cfT\u1ed5ng quan v\u1ec1 c\u00e1c bi\u1ec7n ph\u00e1p ch\u1eefa ch\u1ee9ng sa s\u00fat tr\u00ed tu\u1ec7<br class=\"pc-none\">(\u0110\u1ec1 c\u01b0\u01a1ng ch\u00ednh s\u00e1ch th\u00fac \u0111\u1ea9y b\u1ec7nh sa s\u00fat tr\u00ed tu\u1ec7)<\/li>\n<\/ul>\n<h4><span>2<\/span> C\u00e1c kh\u00e1i ni\u1ec7m d\u00f9ng l\u00e0m ti\u00eau ch\u00ed \u0111\u1ec3 \u0111\u00e1nh gi\u00e1 khi cung c\u1ea5p d\u1ecbch v\u1ee5 ch\u0103m s\u00f3c c\u1ee5 th\u1ec3<\/h4>\n<ul>\n<li>\u25cfTri\u1ebft l\u00fd c\u01a1 b\u1ea3n v\u00e0 c\u00e1ch suy ngh\u0129<\/li>\n<li>\u25cfGi\u1eef g\u00ecn ph\u1ea9m gi\u00e1 v\u00e0 x\u00f3a b\u1ecf \u0111\u1ecbnh ki\u1ebfn, hi\u1ec3u l\u1ea7m<\/li>\n<li>\u25cfH\u1ed7 tr\u1ee3 ra quy\u1ebft \u0111\u1ecbnh trong \u0111\u1eddi s\u1ed1ng h\u00e0ng ng\u00e0y v\u00e0 \u0111\u1eddi s\u1ed1ng x\u00e3 h\u1ed9i l\u00e0 g\u00ec?<\/li>\n<\/ul>\n<h4><span>3<\/span> Nh\u1eefng ki\u1ebfn th\u1ee9c c\u01a1 b\u1ea3n c\u1ea7n thi\u1ebft \u0111\u1ec3 hi\u1ec3u ng\u01b0\u1eddi m\u1eafc b\u1ec7nh sa s\u00fat tr\u00ed tu\u1ec7<\/h4>\n<ul>\n<li>\u25cf C\u00e1c tri\u1ec7u ch\u1ee9ng c\u1ee7a b\u1ec7nh sa s\u00fat tr\u00ed tu\u1ec7 v\u00e0 \u1ea3nh h\u01b0\u1edfng c\u1ee7a ch\u00fang \u0111\u1ebfn cu\u1ed9c s\u1ed1ng v\u00e0 t\u00e2m l\u00fd<\/li>\n<li>\u25cfC\u00e1c y\u1ebfu t\u1ed1 \u1ea3nh h\u01b0\u1edfng \u0111\u1ebfn s\u1ef1 xu\u1ea5t hi\u1ec7n c\u1ee7a tri\u1ec7u ch\u1ee9ng<\/li>\n<\/ul>\n<h4><span>4<\/span> Ki\u1ebfn th\u1ee9c v\u00e0 \u0111i\u1ec3m th\u1ef1c ti\u1ec5n v\u1ec1 k\u1ef9 thu\u1eadt ch\u0103m s\u00f3c b\u1ec7nh sa s\u00fat tr\u00ed tu\u1ec7 c\u01a1 b\u1ea3n<\/h4>\n<ul>\n<li>\u25cfC\u00e1c ph\u01b0\u01a1ng ph\u00e1p ch\u0103m s\u00f3c ch\u1ee9ng sa s\u00fat tr\u00ed tu\u1ec7 c\u01a1 b\u1ea3n bao g\u1ed3m quan \u0111i\u1ec3m ch\u0103m s\u00f3c nh\u00f3m<\/li>\n<li>\u25cfC\u00e1ch h\u1ed7 tr\u1ee3 ng\u01b0\u1eddi ch\u0103m s\u00f3c gia \u0111\u00ecnh<\/li>\n<\/ul><\/div>\n<\/p><\/div>\n<\/p><\/div>\n<\/section>\n<\/section>\n<p>\t\t<\/main><\/p>","protected":false},"excerpt":{"rendered":"<p>\u8a8d\u77e5\u75c7\u4ecb\u8b77\u57fa\u790e\u7814\u4fee\u3068\u306f \u8a8d\u77e5\u75c7\u4ecb\u8b77\u57fa\u790e\u7814\u4fee\u306e\u4f4d\u7f6e\u3065\u3051 \u3000\u8a8d\u77e5\u75c7\u4ecb\u8b77\u57fa\u790e\u7814\u4fee\u306f\u30012001(\u5e73\u621013)\u5e74\u3088\u308a\u5168\u56fd\u3067 [&hellip;]<\/p>\n","protected":false},"author":1,"featured_media":0,"parent":0,"menu_order":2,"comment_status":"closed","ping_status":"closed","template":"","meta":{"_acf_changed":false,"_monsterinsights_skip_tracking":false,"_monsterinsights_sitenote_active":false,"_monsterinsights_sitenote_note":"","_monsterinsights_sitenote_category":0,"footnotes":""},"class_list":["post-109","page","type-page","status-publish","hentry"],"acf":[],"_links":{"self":[{"href":"https:\/\/kiso-elearning.jp\/vi\/wp-json\/wp\/v2\/pages\/109","targetHints":{"allow":["GET"]}}],"collection":[{"href":"https:\/\/kiso-elearning.jp\/vi\/wp-json\/wp\/v2\/pages"}],"about":[{"href":"https:\/\/kiso-elearning.jp\/vi\/wp-json\/wp\/v2\/types\/page"}],"author":[{"embeddable":true,"href":"https:\/\/kiso-elearning.jp\/vi\/wp-json\/wp\/v2\/users\/1"}],"replies":[{"embeddable":true,"href":"https:\/\/kiso-elearning.jp\/vi\/wp-json\/wp\/v2\/comments?post=109"}],"version-history":[{"count":52,"href":"https:\/\/kiso-elearning.jp\/vi\/wp-json\/wp\/v2\/pages\/109\/revisions"}],"predecessor-version":[{"id":225,"href":"https:\/\/kiso-elearning.jp\/vi\/wp-json\/wp\/v2\/pages\/109\/revisions\/225"}],"wp:attachment":[{"href":"https:\/\/kiso-elearning.jp\/vi\/wp-json\/wp\/v2\/media?parent=109"}],"curies":[{"name":"wp","href":"https:\/\/api.w.org\/{rel}","templated":true}]}}