{"id":2482,"date":"2023-10-24T15:31:08","date_gmt":"2023-10-24T06:31:08","guid":{"rendered":"https:\/\/kiso-elearning.jp\/?page_id=2482"},"modified":"2025-11-23T19:07:52","modified_gmt":"2025-11-23T10:07:52","slug":"%e0%a4%85%e0%a4%a8%e0%a5%81%e0%a4%b5%e0%a4%be%e0%a4%a6-%e0%a4%b8%e0%a5%87%e0%a4%b5%e0%a4%be","status":"publish","type":"page","link":"https:\/\/kiso-elearning.jp\/ne\/translation-service\/","title":{"rendered":"\u0905\u0928\u0941\u0935\u093e\u0926 \u0938\u0947\u0935\u093e"},"content":{"rendered":"<p><main class=\"sub what-kiso manual-s\" id=\"maincontent\"><\/p>\n<article class=\"\">\n<section class=\"block-headerb\" id=\"elreadid1\">\n<div class=\"c-cont-inner\">\n<h1>\u0905\u0928\u0941\u0935\u093e\u0926 \u0938\u0947\u0935\u093e<\/h1>\n<\/p><\/div>\n<\/section>\n<div class=\"c-cont-inner breadtbext\">\n            <ul aria-label=\"\u092c\u094d\u0930\u0947\u0921\u0915\u094d\u0930\u092e\u094d\u092c\u094d\u0938\"><\/ul>\n        <\/div>\n<section class=\"block01\">\n<div class=\"c-cont-inner langp\">\n<h2>\u0905\u0928\u0941\u0935\u093e\u0926 \u0938\u0947\u0935\u093e<\/h2>\n<p>                <!--\u65e5\u672c\u8a9e--><\/p>\n<p id=\"elreadid2\">\u0939\u093e\u092e\u0940 \u0921\u093f\u092e\u0947\u0928\u094d\u0938\u093f\u092f\u093e \u0939\u0947\u0930\u091a\u093e\u0939\u0915\u094b \u0932\u093e\u0917\u093f \u0908-\u0932\u0930\u094d\u0928\u093f\u0919 \u0906\u0927\u093e\u0930\u092d\u0942\u0924 \u092a\u094d\u0930\u0936\u093f\u0915\u094d\u0937\u0923\u0915\u094b \u0932\u093e\u0917\u093f \u091c\u093e\u0928\u0915\u093e\u0930\u0940 \u0917\u0943\u0939\u092a\u0943\u0937\u094d\u0920 \u0905\u0928\u0941\u0935\u093e\u0926 \u0917\u0930\u094d\u0928 \u092c\u093e\u0939\u094d\u092f \u0905\u0928\u0941\u0935\u093e\u0926 \u0938\u0947\u0935\u093e \u092a\u094d\u0930\u092f\u094b\u0917 \u0917\u0930\u094d\u0928\u0947\u091b\u094c\u0902\u0964 \u092f\u094b \u092e\u0947\u0915\u093e\u0928\u093f\u0915\u0932 \u0930\u0942\u092a\u092e\u093e \u0905\u0928\u0941\u0935\u093e\u0926 \u0917\u0930\u093f\u090f\u0915\u094b \u0939\u0941\u0928\u093e\u0932\u0947, \u0905\u0928\u0941\u0935\u093e\u0926 \u0938\u0939\u0940 \u0928\u0939\u0941\u0928 \u0938\u0915\u094d\u091b\u0964 \u0915\u0943\u092a\u092f\u093e \u0927\u094d\u092f\u093e\u0928 \u0926\u093f\u0928\u0941\u0939\u094b\u0938\u094d \u0915\u093f \u0905\u0928\u0941\u0935\u093e\u0926 \u0936\u0941\u0926\u094d\u0927\u0924\u093e\u0915\u094b \u0915\u093e\u0930\u0923\u0932\u0947 \u0917\u0930\u094d\u0926\u093e \u0915\u0941\u0928\u0948 \u092a\u0928\u093f \u0924\u094d\u0930\u0941\u091f\u093f\u0939\u0930\u0942\u0915\u094b \u0932\u093e\u0917\u093f \u0939\u093e\u092e\u094d\u0930\u094b \u0915\u0947\u0928\u094d\u0926\u094d\u0930 \u091c\u093f\u092e\u094d\u092e\u0947\u0935\u093e\u0930 \u0939\u0941\u0928 \u0938\u0915\u094d\u0926\u0948\u0928\u0964<\/p>\n<figure id=\"elreadid3\">\n                    <img decoding=\"async\" src=\"\/wp-content\/themes\/kiso-elearning\/images\/choicelang.jpg\" class=\"langbutton\" alt=\"\u0917\u0943\u0939\u092a\u0943\u0937\u094d\u0920 \u0939\u0947\u0921\u0930 \u0938\u094d\u0915\u094d\u0930\u093f\u0928\u0932\u0947 \u0938\u094d\u0915\u094d\u0930\u093f\u0928\u0915\u094b \u092e\u093e\u0925\u093f\u0932\u094d\u0932\u094b \u0926\u093e\u092f\u093e\u0901 \u0915\u0941\u0928\u093e\u092e\u093e \u092d\u093e\u0937\u093e \u0938\u094d\u0935\u093f\u091a \u092c\u091f\u0928 \u0926\u0947\u0916\u093e\u0909\u0901\u091b\u0964\"><br \/>\n                <\/figure>\n<p>                <p id=\"elreadid4\">\u092d\u093e\u0937\u093e\u0939\u0930\u0942 \u0938\u094d\u0935\u093f\u091a \u0917\u0930\u094d\u0928, \u0939\u0947\u0921\u0930\u0915\u094b \u0936\u0940\u0930\u094d\u0937 \u0926\u093e\u092f\u093e\u0901\u092e\u093e \u092d\u093e\u0937\u093e \u0938\u094d\u0935\u093f\u091a \u092c\u091f\u0928 \u091a\u092f\u0928 \u0917\u0930\u094d\u0928\u0941\u0939\u094b\u0938\u094d\u0964 \u092c\u091f\u0928 \u0925\u093f\u091a\u094d\u0928\u0941\u0939\u094b\u0938\u094d \u0930 \u0905\u0902\u0917\u094d\u0930\u0947\u091c\u0940, \u091a\u093f\u0928\u093f\u092f\u093e\u0901, \u092d\u093f\u092f\u0924\u0928\u093e\u092e\u0940, \u0907\u0928\u094d\u0921\u094b\u0928\u0947\u0938\u093f\u092f\u093e\u0932\u0940, \u092c\u0930\u094d\u092e\u0940, \u0924\u093e\u0917\u093e\u0932\u094b\u0917 \u0930 \u0928\u0947\u092a\u093e\u0932\u0940\u092e\u093e \u0938\u0942\u091a\u0940 \u0926\u0947\u0916\u093e \u092a\u0930\u094d\u0928\u0947\u091b\u0964 \u0924\u092a\u093e\u0908\u0902\u0932\u0947 \u092a\u094d\u0930\u092f\u094b\u0917 \u0917\u0930\u094d\u0928 \u091a\u093e\u0939\u0928\u0941\u092d\u090f\u0915\u094b \u092d\u093e\u0937\u093e \u091a\u092f\u0928 \u0917\u0930\u094d\u0926\u093e \u092a\u094d\u0930\u0926\u0930\u094d\u0936\u0928 \u092a\u0930\u093f\u0935\u0930\u094d\u0924\u0928 \u0939\u0941\u0928\u0947\u091b\u0964<\/p><br \/>\n                <!--\u82f1\u8a9e--><\/p>\n<p class=\"rs_skip_always\" lang=\"en\">\u0939\u093e\u092e\u0940 \u0921\u093f\u092e\u0947\u0928\u094d\u0938\u093f\u092f\u093e \u0915\u0947\u092f\u0930 \u092c\u0947\u0938\u093f\u0915 \u091f\u094d\u0930\u0947\u0928\u093f\u0919 \u0908-\u0932\u0930\u094d\u0928\u093f\u0919\u0915\u094b \u092a\u0930\u093f\u091a\u092f\u093e\u0924\u094d\u092e\u0915 \u0939\u094b\u092e\u092a\u0947\u091c\u0932\u093e\u0908 \u092e\u0947\u0938\u093f\u0928\u0926\u094d\u0935\u093e\u0930\u093e \u0905\u0928\u0941\u0935\u093e\u0926 \u0917\u0930\u093f\u090f\u0915\u094b \u0939\u0941\u0928\u093e\u0932\u0947, \u0915\u0943\u092a\u092f\u093e \u0927\u094d\u092f\u093e\u0928 \u0926\u093f\u0928\u0941\u0939\u094b\u0938\u094d \u0915\u093f \u0939\u093e\u092e\u094d\u0930\u094b \u0915\u0947\u0928\u094d\u0926\u094d\u0930\u0932\u0947 \u0915\u0941\u0928\u0948 \u092a\u0928\u093f \u091c\u093f\u092e\u094d\u092e\u0947\u0935\u093e\u0930\u0940 \u0932\u093f\u0928 \u0938\u0915\u094d\u0926\u0948\u0928 \u0905\u0928\u0941\u0935\u093e\u0926\u092e\u093e \u0917\u0932\u094d\u0924\u0940 \u0935\u093e \u0924\u094d\u0930\u0941\u091f\u093f\u0939\u0930\u0942\u0964<\/p>\n<p lang=\"en\">\u092d\u093e\u0937\u093e \u091a\u092f\u0928 \u0939\u0947\u0921\u0930\u0915\u094b \u092e\u093e\u0925\u093f\u0932\u094d\u0932\u094b \u0926\u093e\u092f\u093e\u0901 \u0915\u0941\u0928\u093e\u092e\u093e \u0930\u0939\u0947\u0915\u094b \u092d\u093e\u0937\u093e \u0938\u094d\u0935\u093f\u091a \u092c\u091f\u0928\u092c\u093e\u091f \u0917\u0930\u094d\u0928 \u0938\u0915\u093f\u0928\u094d\u091b\u0964 \u0924\u092a\u093e\u0908\u0902\u0932\u0947 \u092c\u091f\u0928 \u0925\u093f\u091a\u094d\u0926\u093e, \u0905\u0902\u0917\u094d\u0930\u0947\u091c\u0940, \u091a\u093f\u0928\u093f\u092f\u093e\u0901, \u092d\u093f\u092f\u0924\u0928\u093e\u092e\u0940, \u0907\u0928\u094d\u0921\u094b\u0928\u0947\u0938\u093f\u092f\u093e\u0932\u0940, \u092c\u0930\u094d\u092e\u0940, \u0924\u093e\u0917\u093e\u0932\u094b\u0917 \u0930 \u0928\u0947\u092a\u093e\u0932\u0940\u0915\u094b \u0938\u0942\u091a\u0940 \u092a\u094d\u0930\u0926\u0930\u094d\u0936\u093f\u0924 \u0939\u0941\u0928\u0947\u091b\u0964 \u0907\u091a\u094d\u091b\u093f\u0924 \u091a\u092f\u0928 \u0917\u0930\u094d\u0928\u0941\u0939\u094b\u0938\u094d\u0964 \u092d\u093e\u0937\u093e, \u0930 \u092a\u094d\u0930\u0926\u0930\u094d\u0936\u0928 \u092a\u0930\u093f\u0935\u0930\u094d\u0924\u0928 \u0939\u0941\u0928\u0947\u091b\u0964<\/p>\n<p>                <!--\u4e2d\u56fd\u8a9e--><\/p>\n<p class=\"rs_skip_always\" lang=\"zh-Hans\">\u092f\u094b \u0939\u093e\u092e\u0940\u0932\u0947 \u092c\u093e\u0939\u094d\u092f \u0905\u0928\u0941\u0935\u093e\u0926\u0939\u0930\u0942\u0915\u094b \u0932\u093e\u0917\u093f \u092a\u094d\u0930\u092f\u094b\u0917 \u0917\u0930\u094d\u0928\u0947 \u092c\u093e\u0939\u094d\u092f \u0905\u0928\u0941\u0935\u093e\u0926\u0939\u0930\u0942\u0915\u094b \u092a\u0930\u093f\u091a\u092f \u0939\u094b\u0964 \u092f\u094b \u090f\u0915 \u092e\u0947\u0915\u093e\u0928\u093f\u0915\u0932 \u0905\u0928\u0941\u0935\u093e\u0926 \u0939\u094b, \u090f\u0915 \u0905\u0928\u0941\u0935\u093e\u0926 \u0915\u093f \u092a\u0941\u0937\u094d\u091f\u093f \u0917\u0930\u094d\u0928 \u0938\u0915\u093f\u0928\u094d\u091b\u0964 \u0915\u0943\u092a\u092f\u093e \u0938\u093e\u0935\u0927\u093e\u0928 \u0930\u0939\u0928\u0941\u0939\u094b\u0938\u094d, \u092e \u0905\u0928\u0941\u0935\u093e\u0926\u0915\u094b \u092c\u0940\u091a\u092e\u093e \u0936\u093f\u0915\u094d\u0937\u0915\u0915\u094b \u091c\u093f\u092e\u094d\u092e\u0947\u0935\u093e\u0930\u0940\u092e\u093e \u0915\u0941\u0928\u0948 \u091c\u093f\u092e\u094d\u092e\u0947\u0935\u093e\u0930\u0940 \u0938\u094d\u0935\u0940\u0915\u093e\u0930 \u0917\u0930\u094d\u0926\u093f\u0928, \u0930 \u092e \u0936\u093f\u0915\u094d\u0937\u0915\u0915\u094b \u091c\u093f\u092e\u094d\u092e\u0947\u0935\u093e\u0930\u0940 \u0938\u094d\u0935\u0940\u0915\u093e\u0930 \u0917\u0930\u094d\u0926\u093f\u0928\u0964<\/p>\n<p lang=\"zh-Hans\">\u0924\u092a\u093e\u0907\u0901 \u092d\u093e\u0937\u093e \u091a\u092f\u0928 \u0917\u0930\u094d\u0928 \u0938\u0915\u094d\u0928\u0941\u0939\u0941\u0928\u094d\u091b \u0930 \u0936\u0940\u0930\u094d\u0937\u0915\u0915\u094b \u0936\u0940\u0930\u094d\u0937 \u0926\u093e\u092f\u093e\u0901 \u0915\u0941\u0928\u093e\u092e\u093e \u092d\u093e\u0937\u093e \u092a\u0930\u093f\u0935\u0930\u094d\u0924\u0928 \u0917\u0930\u094d\u0928 \u091c\u093e\u0930\u0940 \u0930\u093e\u0916\u094d\u0928 \u0938\u0915\u094d\u0928\u0941\u0939\u0941\u0928\u094d\u091b\u0964 \u092f\u094b \u0905\u0902\u0917\u094d\u0930\u0947\u091c\u0940, \u091a\u093f\u0928\u093f\u092f\u093e\u0901, \u092d\u093f\u092f\u0924\u0928\u093e\u092e\u0940, \u0907\u0928\u094d\u0921\u094b-\u0905\u092b\u094d\u0930\u093f\u0915\u0940, \u0938\u094d\u092a\u0947\u0928\u093f\u0936, \u091a\u093f\u0928\u093f\u092f\u093e\u0901, \u091a\u093f\u0928\u093f\u092f\u093e\u0901 \u0930 \u0915\u094b\u0930\u093f\u092f\u093e\u0932\u0940 \u092d\u093e\u0937\u093e\u0939\u0930\u0942\u0915\u094b \u0938\u0942\u091a\u0940 \u0939\u094b\u0964 \u091a\u092f\u0928 \u092d\u093e\u0937\u093e \u092a\u0930\u093f\u092e\u093e\u0930\u094d\u091c\u0928 \u0917\u0930\u093f\u092f\u094b\u0964<\/p>\n<p>                <!--\u30d9\u30c8\u30ca\u30e0\u8a9e--><\/p>\n<p class=\"rs_skip_always\" lang=\"vi\">\u0905\u0932\u094d\u091c\u093e\u0907\u092e\u0930 s\u1eed d\u1ee5ng d\u1ecbch v\u1ee5 d\u1ecbch t\u1eeb b\u00ean ngo\u00e0i Xin l\u01b0u \u00fd r\u1eb1ng trung t\u00e2m c\u1ee7a ch\u00fang t\u00f4i kh\u00f4ng ch\u1ecbu tr\u00e1ch nhi\u1ec7m v\u1ecbch hong ch\u1ecbu tr\u00e1ch nhi\u1ec7m v\u1ecbh n\u00e0o trong b\u1ea3n d\u1ecbch\u0964<\/p>\n<p lang=\"vi\">Khi b\u1ea1n nh ti\u1ebfng Anh, ti\u1ebfng Trung, ti\u1ebfng Vi\u1ec7t, ti\u1ebfng Indonesia, ti\u1ebfng Mi\u1ebfn \u0110i\u1ec7n, ti\u1ebfng Tagalog v\u00e0 ti\u1ebfng \u0928\u0947\u092a\u093e\u0932\u0964<\/p>\n<p>                <!--\u30a4\u30f3\u30c9\u30cd\u30b7\u30a2\u8a9e--><\/p>\n<p class=\"rs_skip_always\" lang=\"id\">Kami akan menerjemahkan beranda pengenalan Pelatihan Dasar Perawatan Demensia berbasis e-learning menggunakan layanan terjemahan eksternal. Karena ini diterjemahkan oleh mesin, mungkin ada kesalahan dalam akurasi terjemahan. ketidakhanmateran.<\/p>\n<p lang=\"id\">Ketika Anda menekan tombol tersebut, akan muncul daftar bahasa Ingris, bahasa Cina, bahasa Vietnam, bahasa Indonesia, bahasa Myanmar, bahasa Tagalog, dan bahasa Nepal. Pilih bahasa yang diing inkan, Dan tampilan akan be dan tampilan akan.<\/p>\n<p>                <!--\u30df\u30e3\u30f3\u30de\u30fc\u8a9e--><\/p>\n<p class=\"rs_skip_always\" lang=\"my\">\u1000\u103b\u103d\u1014\u103a\u1010\u1031\u102c\u1037\u1021\u102c\u101b\u103e\u1010\u1004\u103a\u1006\u1000\u103a\u101e\u103d\u101a\u103a\u1019\u103e\u102f\u1021\u1006\u102d\u102f\u1019\u103e\u102f\u1021\u1006\u102d\u102f\u1015\u103c\u102f\u1037\u1014\u102d\u102f\u1004\u103a \u101e\u1004\u103a\u1010\u1014\u103a\u1038\u1010\u101c\u1031\u1038 \u0908-\u0932\u0930\u094d\u0928\u093f\u0919 \u1000\u102d\u102f\u1021\u1015\u103c\u1014\u103a\u1000\u103c\u103d\u1000\u103a\u101c\u1015\u103a\u1005\u103d\u103c\u1000\u103a\u101c\u1015\u103a\u1005\u103d\u103c\u1000\u103a\u1005\u103d\u102c\u1005\u102c\u1038\u1015\u103d\u102f\u1038\u1015\u102f \u1005\u103a\u101e\u103d\u102c\u1038\u101b\u1031\u102c\u1000\u103a\u101e\u100a\u103a\u104b \u1024\u1000\u103b\u1031\u102c\u1004\u103a\u1038\u1010\u102d\u102f\u1037\u1000\u1014\u103a\u1015\u102d\u102f\u1037\u1000\u1014\u103a\u1015\u102d\u102f\u1004\u103a\u1021\u1031\u102c\u1004\u103a \u1014\u103e\u1004\u1037\u103a\u1011\u103d\u1000\u103a\u1001\u103c\u1004\u103a\u1038\u1019\u103b\u102c\u1038\u1010\u103d\u1031\u1037\u1006\u102f\u1036\u1001 \u103b\u1004\u103a\u1015\u103c\u1010\u103a\u1010\u1031\u102c\u1004\u103a\u1010\u1037 \u1021\u1001\u103b\u102d\u1014\u103a\u1000\u102d\u102f\u1019\u101f\u102f\u1010\u103a\u1015\u102b\u1000 \u1016 \u103c\u1014\u1037\u103a\u1006\u102f\u1036\u101b\u1014\u103a\u101b\u103d\u1031\u1038\u101b\u1014\u103a\u101b\u103d\u1031\u1038\u1001\u103b\u1019\u103a\u101b\u103d\u1031\u1038 \u102b\u104b<\/p>\n<p>\u1018\u102c\u101e\u102c\u1005\u1000\u102c\u1038\u101b\u103d\u1031\u1038\u101b\u1014\u103a\u101e\u1004\u103a\u1010\u1014\u103a\u1038\u1010\u101c\u1031\u1038\u101b\u1031\u1038\u1021\u1010\u103d\u102c\u1038\u1021\u1010\u103d\u1000\u103a\u1001\u102d\u102f\u1038 \u103b\u102d\u102f\u1038\u1021\u102c\u1038 \u1001\u1031\u102b\u103a\u101a\u1030\u101b\u1014\u103a \u1001\u102d\u102f\u1004\u103a\u1019\u102c\u101a\u102c\u1015\u1031\u102b\u103a\u1010\u103d\u1004\u103a\u101b\u1031\u1038\u1031\u1031\u102c\u103a\u101b\u1031\u1038\u1010\u103d\u1004\u103a \u104b \u1001\u102d\u102f\u1004\u103a\u1019\u102c\u101a\u102c\u1015\u1031\u102b\u103a\u1010\u103d\u1004\u103a\u1014\u103e\u102f\u1014\u103a\u1038\u1010\u1010\u103a\u1019\u103b\u102d\u102b\u102f\u1038\u1019\u103b\u102d\u102b\u102f\u1038 \u101a\u103a\u104b \u1001\u101c\u102f\u1010\u103a\u1000\u102d\u102f\u1014\u103e\u102d\u1015\u103a\u101b\u1014\u103a\u1021\u1010\u103d \u1000\u103a \u1021\u1004\u103a\u1039\u1002\u101c\u102d\u1015\u103a\u1039\u1002\u101c\u102d\u1015\u103a\u1039\u1002\u101c\u102d\u1015\u103a\u104a\u102f \u0930 \u101b\u1031\u102c\u1000\u103a\u1019\u100a\u103a\u101b\u101a\u1030\u1015 \u102b\u104b<\/p>\n<p>                <!--\u30bf\u30ac\u30ed\u30b0\u8a9e--><\/p>\n<p class=\"rs_skip_always\" lang=\"tl\">Dahil ito ay isang makinaryang pagssalin-wika, maaring magkaruon ng mga kamalian sa kahusayan ng pagssalin. na Hindi namin maaring pasanin ang anumang responsibilidad ang aming sentro para sa mga pagkakamali o Hindi kapani-salinwa nahi.<\/p>\n<p lang=\"tl\">Ang pagpili ng wika ay maaring gawin mula sa pindutan ng paglipat wika sa kanang itaas ng itaas ng \u0939\u0947\u0921\u0930\u0964 Kapag pindutin mo ang pindutan, ipapakita ang isang listahan ng ingles, Tsino, \u092d\u093f\u092f\u0924\u0928\u093e\u092e\u0940, \u0907\u0928\u094d\u0921\u094b\u0928\u0947\u0938\u093f\u092f\u093e\u0932\u0940, \u092c\u0930\u094d\u092e\u0940, \u0924\u093e\u0917\u093e\u0932\u094b\u0917, \u0928\u0947\u092a\u093e\u0932\u0940\u092e\u093e \u092a\u094d\u0930\u0926\u0930\u094d\u0936\u0928\u0964 \u0964<\/p>\n<p>                <!--\u30cd\u30d1\u30fc\u30eb\u8a9e --><\/p>\n<p class=\"rs_skip_always\" lang=\"ne\">\u0939\u093e\u092e\u094d\u0930\u094b \u0915\u0947\u0928\u094d\u0926\u094d\u0930\u0932\u0947 \u092a\u0930\u094d\u0935\u093e\u0939 \u0928\u0917\u0930, \u0939\u093e\u092e\u094d\u0930\u094b \u0915\u0947\u0928\u094d\u0926\u094d \u0930\u0932\u0947 \u092a\u0930\u094d\u0935\u093e\u0939 \u0928\u0917\u0930, \u092a\u094d\u0930\u0935\u0930\u094d\u0924\u0928 \u092c\u093e\u0939\u094d\u092f \u0905\u0928\u0941\u0935\u093e\u0926 \u0938\u0947\u0935\u093e \u0938\u092e\u094d\u092e\u093f\u0932\u093f\u0924 \u0921\u093f\u092e\u0947\u0928\u094d\u0938\u093f\u092f\u093e \u0915\u0947\u092f\u0930 \u092e\u0942\u0932 \u092a\u094d\u0930\u0936 \u0907\u0915\u094d\u0937\u0923 \u0908-\u0938\u093f\u0915\u093e\u0907\u0932\u093f\u0928\u0915\u094b \u092a\u0930\u093f\u091a\u092f\u0915\u094b \u092e\u0941\u0916\u092a\u0943\u0937\u094d\u0920 \u0905\u0928\u0941\u0935\u093e\u0926 \u0917\u0925\u094d\u0930\u094d\u092f\u094b\u0964 \u0915\u0943\u092a\u092f\u093e \u0927\u094d\u092f\u093e\u0928 \u0926\u093f\u0928\u0941\u0939\u094b\u0938\u094d \u0915\u093f \u0939\u093e\u092e\u094d\u0930\u094b \u0915\u0947\u0928\u094d\u0926\u094d\u0930 \u0905\u0928\u0941\u0935\u093e\u0926\u092e\u093e \u0915\u0941\u0928\u0948 \u092a\u0928\u093f \u0917\u0932\u094d\u0924\u0940 \u0930 \u0906\u0936\u0941<\/p>\n<p lang=\"ne\">\u092d\u093e\u0937\u093e \u091a\u092f\u0928 \u0917\u0930\u094d\u0928\u0941\u0939\u094b\u0938\u094d \u0936\u0940\u0930\u094d\u0937 \u0939\u0947\u0921\u0930\u0915\u094b \u0909\u092a\u0930\u0915\u094b \u092d\u093e\u0937\u093e \u0935\u094d\u0939\u0947\u0932 \u092c\u091f\u0928 \u0917\u093e\u0930\u094d\u0928 \u092a\u091b\u093e\u0921\u093f\u0964<\/p>\n<\/p><\/div>\n<\/section>\n<\/article>\n<p><\/main><\/p>","protected":false},"excerpt":{"rendered":"<p>\u7ffb\u8a33\u30b5\u30fc\u30d3\u30b9 Translation service\uff08\u7ffb\u8a33\u30b5\u30fc\u30d3\u30b9\uff09 \u8a8d\u77e5\u75c7\u4ecb\u8b77\u57fa\u790e\u7814\u4feee\u30e9\u30fc\u30cb\u30f3\u30b0\u306e\u6848\u5185\u30db\u30fc [&hellip;]<\/p>\n","protected":false},"author":1,"featured_media":0,"parent":0,"menu_order":0,"comment_status":"closed","ping_status":"closed","template":"","meta":{"_acf_changed":false,"_monsterinsights_skip_tracking":false,"_monsterinsights_sitenote_active":false,"_monsterinsights_sitenote_note":"","_monsterinsights_sitenote_category":0,"footnotes":""},"class_list":["post-2482","page","type-page","status-publish","hentry"],"acf":[],"_links":{"self":[{"href":"https:\/\/kiso-elearning.jp\/ne\/wp-json\/wp\/v2\/pages\/2482","targetHints":{"allow":["GET"]}}],"collection":[{"href":"https:\/\/kiso-elearning.jp\/ne\/wp-json\/wp\/v2\/pages"}],"about":[{"href":"https:\/\/kiso-elearning.jp\/ne\/wp-json\/wp\/v2\/types\/page"}],"author":[{"embeddable":true,"href":"https:\/\/kiso-elearning.jp\/ne\/wp-json\/wp\/v2\/users\/1"}],"replies":[{"embeddable":true,"href":"https:\/\/kiso-elearning.jp\/ne\/wp-json\/wp\/v2\/comments?post=2482"}],"version-history":[{"count":37,"href":"https:\/\/kiso-elearning.jp\/ne\/wp-json\/wp\/v2\/pages\/2482\/revisions"}],"predecessor-version":[{"id":7150,"href":"https:\/\/kiso-elearning.jp\/ne\/wp-json\/wp\/v2\/pages\/2482\/revisions\/7150"}],"wp:attachment":[{"href":"https:\/\/kiso-elearning.jp\/ne\/wp-json\/wp\/v2\/media?parent=2482"}],"curies":[{"name":"\u0921\u092c\u094d\u0932\u094d\u092f\u0942\u092a\u0940","href":"https:\/\/api.w.org\/{rel}","templated":true}]}}