{"id":2482,"date":"2023-10-24T15:31:08","date_gmt":"2023-10-24T06:31:08","guid":{"rendered":"https:\/\/kiso-elearning.jp\/?page_id=2482"},"modified":"2025-11-23T19:07:52","modified_gmt":"2025-11-23T10:07:52","slug":"translation-service","status":"publish","type":"page","link":"https:\/\/kiso-elearning.jp\/en\/translation-service\/","title":{"rendered":"translation service"},"content":{"rendered":"<p><main class=\"sub what-kiso manual-s\" id=\"maincontent\"><\/p>\n<article class=\"\">\n<section class=\"block-headerb\" id=\"elreadid1\">\n<div class=\"c-cont-inner\">\n<h1>translation service<\/h1>\n<\/p><\/div>\n<\/section>\n<div class=\"c-cont-inner breadtbext\">\n            <ul aria-label=\"breadcrumb\"><\/ul>\n        <\/div>\n<section class=\"block01\">\n<div class=\"c-cont-inner langp\">\n<h2>Translation service<\/h2>\n<p>                <!--\u65e5\u672c\u8a9e--><\/p>\n<p id=\"elreadid2\">We will use an external translation service to translate the information homepage for the e-learning basic training for dementia care. Since it is translated mechanically, the translation may not be correct. Please note that our center cannot be held responsible for any errors caused by translation accuracy.<\/p>\n<figure id=\"elreadid3\">\n                    <img decoding=\"async\" src=\"\/wp-content\/themes\/kiso-elearning\/images\/choicelang.jpg\" class=\"langbutton\" alt=\"The homepage header screen shows the language switch button at the top right of the screen.\"><br \/>\n                <\/figure>\n<p>                <p id=\"elreadid4\">To switch languages, select the language switch button at the top right of the header. Press the button and a list will appear in English, Chinese, Vietnamese, Indonesian, Burmese, Tagalog, and Nepali. The display will change when you select the language you want to use.<\/p><br \/>\n                <!--\u82f1\u8a9e--><\/p>\n<p class=\"rs_skip_always\" lang=\"en\">We will translate the introductory homepage of the Dementia Care Basic Training e-learning using an external translation service. Since it is machine-translated, there may be errors in the accuracy of the translation. Please note that our center cannot take any responsibility for any mistakes or inaccuracies in the translation.<\/p>\n<p lang=\"en\">The language selection can be made from the language switch button in the upper right corner of the header. When you press the button, a list of English, Chinese, Vietnamese, Indonesian, Burmese, Tagalog, and Nepali will be displayed. Select the desired language, and the display will change.<\/p>\n<p>                <!--\u4e2d\u56fd\u8a9e--><\/p>\n<p class=\"rs_skip_always\" lang=\"zh-Hans\">This is the introduction to the external translations that we use for external translations. This is a mechanical translation, a translation that can be confirmed. Please be careful, I do not accept the responsibility of the teacher in the middle of the translation.<\/p>\n<p lang=\"zh-Hans\">You can select the language and continue to change the language in the top right corner of the title. This is a list of English, Chinese, Vietnamese, Indo-African, Chinese, Chinese, Chinese and Korean languages. The selection language was revised.<\/p>\n<p>                <!--\u30d9\u30c8\u30ca\u30e0\u8a9e--><\/p>\n<p class=\"rs_skip_always\" lang=\"vi\">Alzheimer s\u1eed d\u1ee5ng d\u1ecbch v\u1ee5 d\u1ecbch t\u1eeb b\u00ean ngo\u00e0i Xin l\u01b0u \u00fd r\u1eb1ng trung t\u00e2m c\u1ee7a ch\u00fang t\u00f4i kh\u00f4ng ch\u1ecbu tr\u00e1ch nhi\u1ec7m v\u1ec1 b\u1ea5t k\u1ef3 l\u1ed7i ho\u1eb7c kh\u00f4ng ch\u00ednh x\u00e1c n\u00e0o trong b\u1ea3n d\u1ecbch.<\/p>\n<p lang=\"vi\">Khi b\u1ea1n nh ti\u1ebfng Anh, ti\u1ebfng Trung, ti\u1ebfng Vi\u1ec7t, ti\u1ebfng Indonesia, ti\u1ebfng Mi\u1ebfn \u0110i\u1ec7n , ti\u1ebfng Tagalog v\u00e0 ti\u1ebfng Nepal.<\/p>\n<p>                <!--\u30a4\u30f3\u30c9\u30cd\u30b7\u30a2\u8a9e--><\/p>\n<p class=\"rs_skip_always\" lang=\"id\">Kami akan menerjemahkan beranda pengenalan Pelatihan Dasar Perawatan Demensia berbasis e-learning menggunakan layanan terjemahan eksternal. Karena ini diterjemahkan oleh mesin, mungkin ada kesalahan dalam akurasi terjemahan. ketidakakuratan dalam terjemahan ini.<\/p>\n<p lang=\"id\">Ketika Anda menekan tombol tersebut, akan muncul daftar bahasa Inggris, bahasa Cina, bahasa Vietnam, bahasa Indonesia, bahasa Myanmar, bahasa Tagalog, dan bahasa Nepal. Pilih bahasa yang diing inkan, Dan tampilan akan berubah.<\/p>\n<p>                <!--\u30df\u30e3\u30f3\u30de\u30fc\u8a9e--><\/p>\n<p class=\"rs_skip_always\" lang=\"my\">\u1000\u103b\u103d\u1014\u103a\u1010\u1031\u102c\u1037\u1021\u102c\u101b\u103e\u1010\u1004\u103a\u1006\u1000\u103a\u101e\u103d\u101a\u103a\u1019\u103e\u102f\u1021\u1006\u102d\u102f\u1015\u103c\u102f\u1014\u1032\u1037\u1011\u103d\u1000\u103a\u1001 Dementia Care Basic Training \u101e\u1004\u103a\u1010\u1014\u103a\u1038\u1010\u101c\u1031\u1038 e-learning \u1000\u102d\u102f\u1021\u1015\u103c\u1014\u103a\u1000\u103c\u103d\u1000\u103a\u101c\u1015\u103a\u1005\u103d\u102c\u1005\u102c\u1038\u1015\u103d\u1032\u1015 \u103c\u102f\u1015\u103c\u102e\u1038\u1016\u103c\u1005\u103a\u101e\u103d\u102c\u1038\u101b\u1031\u102c\u1000\u103a\u101e\u100a\u103a\u104b \u1024\u1000\u103b\u1031\u102c\u1004\u103a\u1038\u1010\u102d\u102f\u1037\u1000\u1014\u103a\u1015\u102d\u102f\u1004 \u103a\u1038\u1021\u102c\u1038\u1005\u1005\u103a\u1000\u103c\u1031\u102c\u1004\u103a\u1038\u1014\u103e\u1004\u1037\u103a\u1011\u103d\u1000\u103a\u1001\u103c\u1004\u103a\u1038\u1019\u103b\u102c\u1038\u1010\u103d\u1031\u1037\u1006\u102f\u1036\u1001 \u103b\u1004\u103a\u1015\u103c\u102e\u1038\u1010\u1031\u102c\u1037 \u1024\u101e\u1004\u103a\u1010\u1014\u103a\u1038\u1010\u1031\u102c\u103a\u1021\u1001\u103b\u102d\u1014\u103a\u1000\u102d\u102f\u1019\u101f\u102f\u1010\u103a\u1015\u102b\u1000 \u1016 \u103c\u1014\u1037\u103a\u1006\u102f\u1036\u101b\u1014\u103a\u101b\u103d\u1031\u1038\u1001\u103b\u101a\u103a\u101b\u1019\u100a\u103a\u1019\u101f\u102f\u1010\u103a\u1015\u102b\u104b<\/p>\n<p>\u1018\u102c\u101e\u102c\u1005\u1000\u102c\u1038\u101b\u103d\u1031\u1038\u101b\u1014\u103a\u101e\u1004\u103a\u1010\u1014\u103a\u1038\u1010\u101c\u1031\u1038\u101b\u1031\u1038\u1021\u1010\u103d\u1000\u103a \u1001\u102d\u102f\u1004\u103a\u1014 \u103e\u102f\u1014\u103a\u1038\u1010\u1005\u103a\u1019\u103b\u102d\u102f\u1038\u1021\u102c\u1038 \u1001\u1031\u102b\u103a\u101a\u1030\u101b\u1014\u103a \u1001\u102d\u102f\u1004\u103a\u1019\u102c\u101a\u102c\u1015\u1031\u102b\u103a\u1010\u103d\u1004 \u103a\u101b\u103d\u1031\u1038\u101b\u1014\u103a\u1021\u102c\u1038\u1015\u1031\u1038\u1015\u102b\u104b \u1001\u102d\u102f\u1004\u103a\u1019\u102c\u101a\u102c\u1015\u1031\u102b\u103a\u1010\u103d\u1004\u103a\u1014\u103e\u102f\u1014\u103a\u1038\u1010\u1010 \u103a\u1019\u103b\u102d\u102f\u1038 \u1000\u103c\u1031\u100a\u102c\u1015\u102b\u101b\u1031\u1005\u1015\u102b\u1010\u101a\u103a\u104b \u1001\u101c\u102f\u1010\u103a\u1000\u102d\u102f\u1014\u103e\u102d\u1015\u103a\u101b\u1014\u103a\u1021\u1010\u103d \u1000\u103a \u1021\u1004\u103a\u1039\u1002\u101c\u102d\u1015\u103a\u104a \u1010\u101b\u102f\u1010\u103a\u104a \u1017\u102e\u101a\u1000\u103a\u1014\u1019\u103a\u104a \u1021\u1004\u103a\u1012\u102d\u102f\u1014\u102e\u1038\u101b\u103e\u102c\u1038 \u104a \u102d\u102f\u1000\u103a\u1019\u103c\u1014\u103a\u1019\u102c\u1021\u1010\u103d\u1000\u103a \u1021\u101e\u102f\u1036\u1038\u1015\u103c\u102f\u1015\u102b\u104b \u101e\u1004\u103a\u101b\u1031\u102c\u1000\u103a\u1019\u100a\u103a\u101b\u101a\u1030\u1015 \u102b\u104b<\/p>\n<p>                <!--\u30bf\u30ac\u30ed\u30b0\u8a9e--><\/p>\n<p class=\"rs_skip_always\" lang=\"tl\">Dahil ito ay isang makinaryang pagsasalin-wika, maaaring magkaruon ng mga kamalian sa kahusayan ng pagsasalin. na hindi namin maaaring pasanin ang anumang responsibilidad ang aming sentro para sa mga pagkakamali o hindi kapani-paniwala na salinwika.<\/p>\n<p lang=\"tl\">Ang pagpili ng wika ay maaaring gawin mula sa pindutan ng paglipat wika sa kanang itaas ng header. Kapag pindutin mo ang pindutan, ipapakita ang isang listahan ng Ingles, Tsino, Vietnamese, Indonesian, Burmese, Tagalog, at Nepali. , at magbabago ang display.<\/p>\n<p>                <!--\u30cd\u30d1\u30fc\u30eb\u8a9e --><\/p>\n<p class=\"rs_skip_always\" lang=\"ne\">\u0939\u093e\u092e\u094d\u0930\u094b \u0915\u0947\u0928\u094d\u0926\u094d\u0930\u0932\u0947 \u092a\u0930\u094d\u0935\u093e\u0939 \u0928\u0917\u0930\u094d\u0926\u0948, \u0939\u093e\u092e\u094d\u0930\u094b \u0915\u0947\u0928\u094d\u0926\u094d \u0930\u0932\u0947 \u092a\u0930\u094d\u0935\u093e\u0939 \u0928\u0917\u0930\u094d\u0926\u0948, \u092a\u094d\u0930\u0935\u0930\u094d\u0924\u0928 \u0917\u0930\u094d\u0928\u0947 \u092c\u093e\u0939\u094d\u092f \u0905\u0928\u0941\u0935\u093e\u0926 \u0938\u0947\u0935\u093e\u092e\u093e \u0938\u092e\u094d\u092e\u093f\u0932\u093f\u0924 \u0917\u0930\u0947\u0930 \u0921\u093f\u092e\u0947\u0928\u094d\u0938\u093f\u092f\u093e \u0915\u0947\u092f\u0930 \u092e\u0942\u0932 \u092a\u094d\u0930\u0936 \u093f\u0915\u094d\u0937\u0923 \u0908-\u0938\u093f\u0915\u093e\u0907\u0932\u094d\u0928\u093f\u0919\u0915\u094b \u092a\u0930\u093f\u091a\u092f\u0915\u094b \u092e\u0941\u0916\u092a\u0943\u0937\u094d\u0920 \u0905\u0928\u0941\u0935\u093e\u0926 \u0917 \u0930\u094d\u0928\u0947\u091b\u0964 \u0915\u0943\u092a\u092f\u093e \u092f\u0938\u0932\u0947 \u092e\u094d\u092f\u093e\u0928\u092a\u094d\u092f\u0941\u0905\u0932 \u0905\u0928\u0941\u0935\u093e\u0926\u0915\u094b \u0938\u091f\u093f\u0915\u0924\u093e \u092e\u093e \u0915\u0941\u0928\u0948 \u092a\u0928\u093f \u0917\u0932\u094d\u0924\u0940\u092e\u093e \u0939\u0941\u0928 \u0938\u0915\u094d\u0926\u091b \u092d\u0928\u094d\u0926\u0948 \u092e\u093f\u0938\u094d\u091f\u0930 \u092c\u0928\u093e\u090f \u0915\u094b \u091b \u092d\u0928\u0947\u0930 \u092f\u093e\u0926 \u0917\u0930\u094d\u0928\u0941\u0939\u094b\u0938\u094d\u0964 \u0915\u0943\u092a\u092f\u093e \u0927\u094d\u092f\u093e\u0928 \u0926\u093f\u0928\u0941\u0939\u094b\u0938\u094d \u0915\u093f \u0939\u093e\u092e\u094d\u0930\u094b \u0915\u0947\u0928\u094d\u0926\u094d\u0930\u0932\u0947 \u0905\u0928\u0941\u0935\u093e\u0926\u092e\u093e \u0915\u0941\u0928\u0948 \u092a\u0928\u093f \u0917\u0932\u094d\u0924\u0940 \u0935 \u093e \u0905\u0936\u0941<\/p>\n<p lang=\"ne\">\u092d\u093e\u0937\u093e \u091a\u092f\u0928 \u092e\u093e\u0925\u093f \u0939\u0947\u0921\u0930\u0915\u094b \u0909\u092a\u0930\u0915\u094b \u092d\u093e\u0937\u093e \u0938\u094d\u0935\u093f\u091a \u092c\u091f\u0928\u092c\u093e\u091f \u0917 \u0930\u094d\u0928 \u0938\u0915\u093f\u0928\u094d\u091b\u0964 \u091c\u092c \u0924\u092a\u093e\u0908\u0902\u0932\u0947 \u092c\u091f\u0928\u092e\u093e \u092a\u094d\u0930\u0947\u0938 \u0917\u0930\u094d\u0926\u0948\u0928\u0941\u0939\u0941\u0928\u094d \u091b, \u0924\u092a\u093e\u0908\u0902\u0915\u094b \u0938\u0902\u0915\u0947\u0924 \u0917\u0930\u093f\u090f\u0915\u094b \u091b \u0905\u0902\u0917\u094d\u0930\u0947\u091c\u0940, \u091a\u093f\u0928\u093f\u092f\u093e\u0901, \u092d\u093f\u090f \u0924\u0928\u093e\u092e\u0940, \u0907\u0928\u094d\u0921\u094b\u0928\u0947\u0938\u093f\u092f\u093e\u0908, \u092c\u0930\u094d\u092e\u0940, \u0924\u0917\u093e\u0932\u094b\u0917, \u0930 \u0928\u0947\u092a\u093e\u0932\u0940\u0915\u094b \u0938 \u0942\u091a\u0940\u0965 \u094d\u0924\u0928 \u0917\u0930\u093f\u0928\u0947\u091b\u0964<\/p>\n<\/p><\/div>\n<\/section>\n<\/article>\n<p><\/main><\/p>","protected":false},"excerpt":{"rendered":"<p>\u7ffb\u8a33\u30b5\u30fc\u30d3\u30b9 Translation service\uff08\u7ffb\u8a33\u30b5\u30fc\u30d3\u30b9\uff09 \u8a8d\u77e5\u75c7\u4ecb\u8b77\u57fa\u790e\u7814\u4feee\u30e9\u30fc\u30cb\u30f3\u30b0\u306e\u6848\u5185\u30db\u30fc [&hellip;]<\/p>\n","protected":false},"author":1,"featured_media":0,"parent":0,"menu_order":0,"comment_status":"closed","ping_status":"closed","template":"","meta":{"_acf_changed":false,"_monsterinsights_skip_tracking":false,"_monsterinsights_sitenote_active":false,"_monsterinsights_sitenote_note":"","_monsterinsights_sitenote_category":0,"footnotes":""},"class_list":["post-2482","page","type-page","status-publish","hentry"],"acf":[],"_links":{"self":[{"href":"https:\/\/kiso-elearning.jp\/en\/wp-json\/wp\/v2\/pages\/2482","targetHints":{"allow":["GET"]}}],"collection":[{"href":"https:\/\/kiso-elearning.jp\/en\/wp-json\/wp\/v2\/pages"}],"about":[{"href":"https:\/\/kiso-elearning.jp\/en\/wp-json\/wp\/v2\/types\/page"}],"author":[{"embeddable":true,"href":"https:\/\/kiso-elearning.jp\/en\/wp-json\/wp\/v2\/users\/1"}],"replies":[{"embeddable":true,"href":"https:\/\/kiso-elearning.jp\/en\/wp-json\/wp\/v2\/comments?post=2482"}],"version-history":[{"count":37,"href":"https:\/\/kiso-elearning.jp\/en\/wp-json\/wp\/v2\/pages\/2482\/revisions"}],"predecessor-version":[{"id":7150,"href":"https:\/\/kiso-elearning.jp\/en\/wp-json\/wp\/v2\/pages\/2482\/revisions\/7150"}],"wp:attachment":[{"href":"https:\/\/kiso-elearning.jp\/en\/wp-json\/wp\/v2\/media?parent=2482"}],"curies":[{"name":"wp","href":"https:\/\/api.w.org\/{rel}","templated":true}]}}